{"id":2246,"date":"2024-04-29T11:35:34","date_gmt":"2024-04-29T08:35:34","guid":{"rendered":"http:\/\/jnats.eu\/?post_type=product&#038;p=2246"},"modified":"2024-09-21T11:33:09","modified_gmt":"2024-09-21T08:33:09","slug":"nakayama-maruka-8-sluoksniu-hondomae-shikitomae","status":"publish","type":"product","link":"https:\/\/jnats.eu\/de\/produkt-2\/nakayama-maruka-8-sluoksniu-hondomae-shikitomae\/","title":{"rendered":"Nakayama Maruka 8 Schicht Hondomae Shikitomae"},"content":{"rendered":"<p>Achtschichtige Schleifsteine von Nakayama sind fast vom Markt verschwunden, da es sich um High-End-Produkte handelt. Es ist in jeder Hinsicht ein perfekter Stein: seine Feinheit, Gl\u00e4tte, Arbeitsgeschwindigkeit und Reaktionsf\u00e4higkeit. In Japan wurden 2,9 kg schwere Exemplare zum Preis von 10.000 Euro gesichtet.<\/p>\n\n\n\n<p>Es ist ein perfekter Schleifstein und wird in Japan \u201eohne Decke\u201c genannt. Das bedeutet, dass der angegebene Preis des Steins keine Rolle spielt, egal wie viel der Verk\u00e4ufer ihn anbietet.<\/p>\n\n\n\n<p>Da es sich jedoch um ein Gewerbe handelt, gibt es in der Branche einen fairen Preis. Beim normalen japanischen Natursch\u00e4rfen sind dies die teuersten Schleifsteine.<\/p>\n\n\n\n<p>Dieser Stein hat eine perfekte Form f\u00fcr Rasiermesser und eine Dicke, die mehrere Jahrhunderte h\u00e4lt. Der Maruka \u32d5\u6b63\u672c\u5c71-Stempel ist kaum sichtbar, aber er ist da. Kato-san, der letzte Besitzer der Nakayama-Mine, verwendete dieses Zeichen nur f\u00fcr die hochwertigsten japanischen Schleifsteine.\u00a0<\/p>\n\n\n\n<p><strong>Nakayama (\u4e2d\u5c71)<\/strong><\/p>\n\n\n\n<p>Diese \u00f6stliche Mine ist ber\u00fchmt f\u00fcr ihre Awasedo-Finishing-Steine und m\u00f6glicherweise die gefragteste unter Sch\u00e4rfprofis und Bastlern. Im Vergleich zu Steinen \u00e4hnlicher H\u00e4rte und Feinheit aus anderen Minen sind Nakayama-Steine f\u00fcr ein angenehmeres Schleifgef\u00fchl und eine hohe Arbeitsgeschwindigkeit bekannt. Besonders gesch\u00e4tzt werden Mehrschichtsteine (Hondomae, Shikitomae) und Kiita.<\/p>","protected":false},"excerpt":{"rendered":"<ul>\n<li>Ideal f\u00fcr die Endbearbeitung von Rasiermessern, Messern, Scheren, Tischler- und anderen Werkzeugen.<\/li>\n<li>Abmessungen: 194x69x30 mm<\/li>\n<li>Gewicht mit St\u00e4nder: 1150 g<\/li>\n<li>H\u00e4rte: Lv 5<\/li>\n<li>Die Oberfl\u00e4che ist glatt und arbeitsbereit<\/li>\n<li>Mit dem Finger sind ein paar Punkte zu sp\u00fcren, die jedoch beim Sch\u00e4rfen nicht st\u00f6ren und mit der Zeit verschwinden sollten. Eine abgeplatzte Ecke, die auf den Fotos deutlich zu erkennen ist.<\/li>\n<\/ul>","protected":false},"featured_media":2249,"comment_status":"open","ping_status":"closed","template":"","meta":[],"product_brand":[],"product_cat":[22],"product_tag":[260,51,58,49,108],"class_list":{"0":"post-2246","1":"product","2":"type-product","3":"status-publish","4":"has-post-thumbnail","6":"product_cat-jnats","7":"product_tag-8-sluoksniu","8":"product_tag-hondomae","9":"product_tag-maruka","10":"product_tag-nakayama","11":"product_tag-shikitomae","12":"product_shipping_class-iprastas","14":"first","15":"outofstock","16":"sale","17":"shipping-taxable","18":"purchasable","19":"product-type-simple"},"_links":{"self":[{"href":"https:\/\/jnats.eu\/de\/wp-json\/wp\/v2\/product\/2246","targetHints":{"allow":["GET"]}}],"collection":[{"href":"https:\/\/jnats.eu\/de\/wp-json\/wp\/v2\/product"}],"about":[{"href":"https:\/\/jnats.eu\/de\/wp-json\/wp\/v2\/types\/product"}],"replies":[{"embeddable":true,"href":"https:\/\/jnats.eu\/de\/wp-json\/wp\/v2\/comments?post=2246"}],"wp:featuredmedia":[{"embeddable":true,"href":"https:\/\/jnats.eu\/de\/wp-json\/wp\/v2\/media\/2249"}],"wp:attachment":[{"href":"https:\/\/jnats.eu\/de\/wp-json\/wp\/v2\/media?parent=2246"}],"wp:term":[{"taxonomy":"product_brand","embeddable":true,"href":"https:\/\/jnats.eu\/de\/wp-json\/wp\/v2\/product_brand?post=2246"},{"taxonomy":"product_cat","embeddable":true,"href":"https:\/\/jnats.eu\/de\/wp-json\/wp\/v2\/product_cat?post=2246"},{"taxonomy":"product_tag","embeddable":true,"href":"https:\/\/jnats.eu\/de\/wp-json\/wp\/v2\/product_tag?post=2246"}],"curies":[{"name":"wp","href":"https:\/\/api.w.org\/{rel}","templated":true}]}}