{"id":2252,"date":"2024-04-29T11:50:24","date_gmt":"2024-04-29T08:50:24","guid":{"rendered":"http:\/\/jnats.eu\/?post_type=product&#038;p=2252"},"modified":"2024-10-20T14:58:58","modified_gmt":"2024-10-20T11:58:58","slug":"nakayama-kiita-karasu-nashiji-tomae-maruka","status":"publish","type":"product","link":"https:\/\/jnats.eu\/de\/produkt-2\/nakayama-kiita-karasu-nashiji-tomae-maruka\/","title":{"rendered":"Nakayama Kiita Karasu Nashiji Tomae Maruka"},"content":{"rendered":"<p>Dieser gro\u00dfe Stein spiegelt perfekt alle Vorteile von Nakayama wider \u2013 klein, aber ziemlich schnell und glatt. Um mit der Arbeit beginnen zu k\u00f6nnen, ben\u00f6tigt er weder einen W\u00e4lzerr\u00fccken noch eine Diamantplatte. Nakayama Kiita Karasu Nashiji Tomae Maruka l\u00e4sst sich schnell polieren und hinterl\u00e4sst einen sehr raffinierten Glanz. Aufgrund ihrer Gr\u00f6\u00dfe lassen sich lange Klingen wie jedes andere Werkzeug sehr leicht sch\u00e4rfen.<\/p>\n\n\n\n<p>Dieser Nakayama-Schleifstein hat eine gelbliche Basis, Nashiji-Punkte auf der gesamten Oberfl\u00e4che und ein sehr subtiles Karasu-Muster, das bei N\u00e4sse st\u00e4rker hervortritt.<\/p>\n\n\n\n<p>Dieser Stein hat eine perfekte Form f\u00fcr Rasiermesser und eine Dicke, die mehrere Jahrhunderte h\u00e4lt. Das Siegel von Maruka \u32d5\u6b63\u672c\u5c71 ist deutlich sichtbar, da es mit Lack bedeckt ist und \u00fcber einen langen Zeitraum nicht abgerieben wurde. Kato-san, der letzte Besitzer der Nakayama-Mine, verwendete dieses Zeichen nur f\u00fcr die hochwertigsten japanischen Schleifsteine.\u00a0<\/p>\n\n\n\n<p>Der Nakayama-Stein ist ber\u00fchmt f\u00fcr das Maruka-Zeichen von Kato Mutsuyama mit dem Buchstaben \u201eka\u201d und das Seihonzan-Siegel \u32d5\u6b63\u672c\u5c71. Kato Mutsuyama war der erste, der ein solches Siegel schnitzte. \u00dcbergro\u00dfe, gro\u00dfe oder raue Steine trugen urspr\u00fcnglich nicht das Maruka-Siegel. Es gibt aber auch Qualit\u00e4tsprodukte und Nicht-Standard-Schleifsteine, die sp\u00e4ter bei der Endbearbeitung im Einzelhandel mit dem Maruka-Stempel versehen wurden, sowie vom Verk\u00e4ufer aus Rohsteinen geschliffene Steine ohne den \u02bb\u672c\u5c71-Stempel. Au\u00dferdem tragen die Nakayama-Schleifsteine, die vor der Stempelperiode verkauft wurden, nicht den Maruka-Stempel. <\/p>\n\n\n\n<p>Wenn es sich um Kato Mutsuyamas Stein aus dieser Mine handelt, wird es auf jeden Fall derselbe Nakayama-Stein sein, unabh\u00e4ngig davon, ob er das Maruka-Zeichen tr\u00e4gt oder nicht. Der \u32d5\u6b63\u672c\u5c71-Stempel selbst kann je nach Vertriebskanal vorhanden sein oder nicht und garantiert keine Qualit\u00e4t. Nicht nur Nakayama, sondern auch andere nat\u00fcrliche Schleifsteine, jeder ist anders und keine zwei sind gleich. Zudem sind seit der Schlie\u00dfung des Bergwerks viele Jahre vergangen, so dass jedes Jahr immer weniger gute Exemplare auf dem Markt sind.<\/p>\n\n\n\n<p>Aufgrund ihrer Seltenheit und der Kraft der Marke gibt es viele F\u00e4lschungen, daher empfehlen wir Ihnen, dem Maruka-Siegel nicht zu sehr zu vertrauen und den Stein mit eigenen Augen zu bewerten.\u00a0<\/p>\n\n\n\n<p>Die Kato-Mine liegt in den Nakayama-Bergen, wo Schleifsteine abgebaut wurden. Sie wurde so genannt, weil sie Herrn Kato geh\u00f6rte. Hatanaka Whetstone ist ein alteingesessenes Steingesch\u00e4ft in Kyoto. Nach dem Krieg wurde der Verkauf der in Kato Utsuyama abgebauten Nakayama-Schleifsteine von einer f\u00fcnfk\u00f6pfigen Gruppe eines f\u00fchrenden Steingesch\u00e4fts in Kyoto verwaltet. Unter ihnen soll Hatanaka Toishi eine Zeit lang das gr\u00f6\u00dfte Vertrauen der Bergbesitzer gehabt haben. im Jahr 1952 Hatanaka Toishi lie\u00df die Marke Junshin Honzan (\u7d14\u7a7a\u6b63\u672c\u5c71) registrieren, um sich von anderen Einzelh\u00e4ndlern abzuheben. Nach 1980 Die Rechte an der Nakayama-Mine wurden von Hatanaka Whetstone erworben und wurden Eigent\u00fcmer der Marke Maruka. Gleichzeitig wurden Steine aus dieser Mine auch \u00fcber andere Einzelh\u00e4ndler vertrieben.<\/p>\n\n\n\n<p><strong>Nakayama (\u4e2d\u5c71)<\/strong><\/p>\n\n\n\n<p>Diese \u00f6stliche Mine ist ber\u00fchmt f\u00fcr ihre Awasedo-Finishing-Steine und m\u00f6glicherweise die gefragteste unter Sch\u00e4rfprofis und Bastlern. Im Vergleich zu Steinen \u00e4hnlicher H\u00e4rte und Feinheit aus anderen Minen sind Nakayama-Steine f\u00fcr ein angenehmeres Schleifgef\u00fchl und eine hohe Arbeitsgeschwindigkeit bekannt. Besonders gesch\u00e4tzt werden Mehrschichtsteine (Hondomae, Shikitomae) und Kiita.<\/p>","protected":false},"excerpt":{"rendered":"<ul>\n<li>Ideal f\u00fcr die Endbearbeitung von Rasiermessern, Messern, Scheren, Tischler- und anderen Werkzeugen.<\/li>\n<li>Abmessungen: 209x76x35 mm<\/li>\n<li>Gewicht: 1390 g<\/li>\n<li>H\u00e4rte: Lv 4.7<\/li>\n<li>Die Oberfl\u00e4che ist glatt und arbeitsbereit<\/li>\n<li>Die Leitung ist sicher<\/li>\n<\/ul>","protected":false},"featured_media":2253,"comment_status":"open","ping_status":"closed","template":"","meta":[],"product_brand":[],"product_cat":[22],"product_tag":[57,141,58,49],"class_list":{"0":"post-2252","1":"product","2":"type-product","3":"status-publish","4":"has-post-thumbnail","6":"product_cat-jnats","7":"product_tag-karasu","8":"product_tag-kiita","9":"product_tag-maruka","10":"product_tag-nakayama","11":"product_shipping_class-iprastas","13":"first","14":"outofstock","15":"sale","16":"shipping-taxable","17":"purchasable","18":"product-type-simple"},"_links":{"self":[{"href":"https:\/\/jnats.eu\/de\/wp-json\/wp\/v2\/product\/2252","targetHints":{"allow":["GET"]}}],"collection":[{"href":"https:\/\/jnats.eu\/de\/wp-json\/wp\/v2\/product"}],"about":[{"href":"https:\/\/jnats.eu\/de\/wp-json\/wp\/v2\/types\/product"}],"replies":[{"embeddable":true,"href":"https:\/\/jnats.eu\/de\/wp-json\/wp\/v2\/comments?post=2252"}],"wp:featuredmedia":[{"embeddable":true,"href":"https:\/\/jnats.eu\/de\/wp-json\/wp\/v2\/media\/2253"}],"wp:attachment":[{"href":"https:\/\/jnats.eu\/de\/wp-json\/wp\/v2\/media?parent=2252"}],"wp:term":[{"taxonomy":"product_brand","embeddable":true,"href":"https:\/\/jnats.eu\/de\/wp-json\/wp\/v2\/product_brand?post=2252"},{"taxonomy":"product_cat","embeddable":true,"href":"https:\/\/jnats.eu\/de\/wp-json\/wp\/v2\/product_cat?post=2252"},{"taxonomy":"product_tag","embeddable":true,"href":"https:\/\/jnats.eu\/de\/wp-json\/wp\/v2\/product_tag?post=2252"}],"curies":[{"name":"wp","href":"https:\/\/api.w.org\/{rel}","templated":true}]}}