{"id":2263,"date":"2024-04-29T11:57:03","date_gmt":"2024-04-29T08:57:03","guid":{"rendered":"http:\/\/jnats.eu\/?post_type=product&#038;p=2263"},"modified":"2025-04-11T21:03:49","modified_gmt":"2025-04-11T18:03:49","slug":"nakayama-kiita-nashiji-2","status":"publish","type":"product","link":"https:\/\/jnats.eu\/de\/produkt-2\/nakayama-kiita-nashiji-2\/","title":{"rendered":"Nakayama Kiita Nashiji"},"content":{"rendered":"<p>Obwohl dieser Nakayama Kiita Nashiji-Schleifstein sehr hart ist, l\u00e4sst er sich leicht bearbeiten. Es ist gut genug, um ein Rasiermesser zu vervollst\u00e4ndigen, aber einfach genug zu verwenden, dass es auch f\u00fcr Messer geeignet ist. Es f\u00fchlt sich weicher und schneller an, als man es von dieser H\u00e4rte erwarten w\u00fcrde. Ohne Nagur oder Diamantplatte l\u00f6st sich der Stein nicht von seiner Suspension, aber die polierten Metallreste werden bald sichtbar. Aufgrund seiner Gr\u00f6\u00dfe eignet es sich perfekt f\u00fcr Rasierarbeiten, kann aber auch zum Sch\u00e4rfen gr\u00f6\u00dferer Werkzeuge verwendet werden. Wenn Ihr Messer gut vorbereitet ist, erh\u00e4lt es auch einen sehr raffinierten Kasumi-Glanz.<\/p>\n\n\n\n<p>Diese Kiita ist leuchtend gelb mit grauen Flecken. Es ist \u00fcberall voller Nashiji-Punkte. <\/p>\n\n\n\n<p><strong>Nakayama (\u4e2d\u5c71)<\/strong><\/p>\n\n\n\n<p>Diese \u00f6stliche Mine ist ber\u00fchmt f\u00fcr ihre Awasedo-Finishing-Steine und m\u00f6glicherweise die gefragteste unter Sch\u00e4rfprofis und Bastlern. Im Vergleich zu Steinen \u00e4hnlicher H\u00e4rte und Feinheit aus anderen Minen sind Nakayama-Steine f\u00fcr ein angenehmeres Schleifgef\u00fchl und eine hohe Arbeitsgeschwindigkeit bekannt. Besonders gesch\u00e4tzt werden Mehrschichtsteine (Hondomae, Shikitomae) und Kiita.<\/p>","protected":false},"excerpt":{"rendered":"<ul>\n<li>Ideal f\u00fcr die Endbearbeitung von Rasiermessern, Messern, Scheren, Tischler- und anderen Werkzeugen.<\/li>\n<li>Abmessungen: 135x82x25 mm<\/li>\n<li>Gewicht: 610 g<\/li>\n<li>H\u00e4rte: Lv 5<\/li>\n<li>Die Oberfl\u00e4che ist glatt und arbeitsbereit<\/li>\n<\/ul>","protected":false},"featured_media":2270,"comment_status":"open","ping_status":"closed","template":"","meta":[],"product_brand":[],"product_cat":[22],"product_tag":[141,49,48],"class_list":{"0":"post-2263","1":"product","2":"type-product","3":"status-publish","4":"has-post-thumbnail","6":"product_cat-jnats","7":"product_tag-kiita","8":"product_tag-nakayama","9":"product_tag-nashiji","10":"product_shipping_class-iprastas","12":"first","13":"outofstock","14":"shipping-taxable","15":"purchasable","16":"product-type-simple"},"_links":{"self":[{"href":"https:\/\/jnats.eu\/de\/wp-json\/wp\/v2\/product\/2263","targetHints":{"allow":["GET"]}}],"collection":[{"href":"https:\/\/jnats.eu\/de\/wp-json\/wp\/v2\/product"}],"about":[{"href":"https:\/\/jnats.eu\/de\/wp-json\/wp\/v2\/types\/product"}],"replies":[{"embeddable":true,"href":"https:\/\/jnats.eu\/de\/wp-json\/wp\/v2\/comments?post=2263"}],"wp:featuredmedia":[{"embeddable":true,"href":"https:\/\/jnats.eu\/de\/wp-json\/wp\/v2\/media\/2270"}],"wp:attachment":[{"href":"https:\/\/jnats.eu\/de\/wp-json\/wp\/v2\/media?parent=2263"}],"wp:term":[{"taxonomy":"product_brand","embeddable":true,"href":"https:\/\/jnats.eu\/de\/wp-json\/wp\/v2\/product_brand?post=2263"},{"taxonomy":"product_cat","embeddable":true,"href":"https:\/\/jnats.eu\/de\/wp-json\/wp\/v2\/product_cat?post=2263"},{"taxonomy":"product_tag","embeddable":true,"href":"https:\/\/jnats.eu\/de\/wp-json\/wp\/v2\/product_tag?post=2263"}],"curies":[{"name":"wp","href":"https:\/\/api.w.org\/{rel}","templated":true}]}}