{"id":2285,"date":"2024-04-29T12:16:51","date_gmt":"2024-04-29T09:16:51","guid":{"rendered":"http:\/\/jnats.eu\/?post_type=product&#038;p=2285"},"modified":"2024-06-29T10:46:22","modified_gmt":"2024-06-29T07:46:22","slug":"nakayama-mizu-asagi-finishing-schleifstein","status":"publish","type":"product","link":"https:\/\/jnats.eu\/de\/produkt-2\/nakayama-mizu-asagi-finishing-schleifstein\/","title":{"rendered":"Nakayama Mizu Asagi Finishing-Schleifstein"},"content":{"rendered":"<p>Dieser Stein ist hart und extrem fein und eignet sich problemlos f\u00fcr Rasiermesser. Obwohl er hart ist, reagiert er im Vergleich zu anderen Steinen dieser K\u00f6rnung \u00fcberdurchschnittlich gut. Es kann auch f\u00fcr Tischlerwerkzeuge und Messer verwendet werden. Es hinterl\u00e4sst einen strahlend silbernen und detaillierten San-Mai-Glanz. Dies sind in jeder Hinsicht sehr kraftvolle Abschlusssteine.<\/p>\n\n\n\n<p>Dieser Stein kann auch als Unterlage f\u00fcr Naguras verwendet werden, da er hart genug ist.<\/p>\n\n\n\n<p><strong>Nakayama (\u4e2d\u5c71)<\/strong><br>Diese \u00f6stliche Mine ist ber\u00fchmt f\u00fcr die Awasedo-Steine, mit denen der Schleifprozess abgeschlossen wird. Mehrschichtiger Stein (Hondomae Shikitomae) mit einem andersfarbigen \u201eKollegen\u201c wird besonders von Tischlern und Sch\u00e4rfern gesch\u00e4tzt. Im Vergleich zu Steinen \u00e4hnlicher H\u00e4rte und Feinheit aus anderen Minen sind Nakayama-Produkte f\u00fcr ein angenehmeres Schleifgef\u00fchl bekannt. Authentische Nakayama-Steine sind oft mit dem ber\u00fchmten Maruka-Stempel \u32d5\u6b63\u672c\u5c71 versehen.<\/p>\n\n\n\n<p><\/p>","protected":false},"excerpt":{"rendered":"<ul>\n<li>Geeignet f\u00fcr die Endbearbeitung von Rasiermessern, Messern, Scheren, Tischlerei- und anderen Werkzeugen.<\/li>\n<li>Abmessungen: 183x63x30 mm<\/li>\n<li>Gewicht: 930 g<\/li>\n<li>H\u00e4rte: Lv 5<\/li>\n<li>Die Oberfl\u00e4che ist glatt und arbeitsbereit<\/li>\n<li>Die Leitungen sind sicher<\/li>\n<\/ul>","protected":false},"featured_media":2289,"comment_status":"open","ping_status":"closed","template":"","meta":[],"product_brand":[],"product_cat":[22],"product_tag":[45,266,154,49],"class_list":{"0":"post-2285","1":"product","2":"type-product","3":"status-publish","4":"has-post-thumbnail","6":"product_cat-jnats","7":"product_tag-asagi","8":"product_tag-finishing-whetstone","9":"product_tag-mizu","10":"product_tag-nakayama","11":"product_shipping_class-iprastas","13":"first","14":"outofstock","15":"shipping-taxable","16":"purchasable","17":"product-type-simple"},"_links":{"self":[{"href":"https:\/\/jnats.eu\/de\/wp-json\/wp\/v2\/product\/2285","targetHints":{"allow":["GET"]}}],"collection":[{"href":"https:\/\/jnats.eu\/de\/wp-json\/wp\/v2\/product"}],"about":[{"href":"https:\/\/jnats.eu\/de\/wp-json\/wp\/v2\/types\/product"}],"replies":[{"embeddable":true,"href":"https:\/\/jnats.eu\/de\/wp-json\/wp\/v2\/comments?post=2285"}],"wp:featuredmedia":[{"embeddable":true,"href":"https:\/\/jnats.eu\/de\/wp-json\/wp\/v2\/media\/2289"}],"wp:attachment":[{"href":"https:\/\/jnats.eu\/de\/wp-json\/wp\/v2\/media?parent=2285"}],"wp:term":[{"taxonomy":"product_brand","embeddable":true,"href":"https:\/\/jnats.eu\/de\/wp-json\/wp\/v2\/product_brand?post=2285"},{"taxonomy":"product_cat","embeddable":true,"href":"https:\/\/jnats.eu\/de\/wp-json\/wp\/v2\/product_cat?post=2285"},{"taxonomy":"product_tag","embeddable":true,"href":"https:\/\/jnats.eu\/de\/wp-json\/wp\/v2\/product_tag?post=2285"}],"curies":[{"name":"wp","href":"https:\/\/api.w.org\/{rel}","templated":true}]}}