{"id":2299,"date":"2024-04-30T09:16:32","date_gmt":"2024-04-30T06:16:32","guid":{"rendered":"http:\/\/jnats.eu\/?post_type=product&#038;p=2299"},"modified":"2025-10-20T17:52:29","modified_gmt":"2025-10-20T14:52:29","slug":"ohira-iromono-tomae","status":"publish","type":"product","link":"https:\/\/jnats.eu\/de\/produkt-2\/ohira-iromono-tomae\/","title":{"rendered":"Ohira Iromono Tomae"},"content":{"rendered":"<p>Ohira Iromono Tomae mittlerer H\u00e4rte sind einfach zu verwenden und hinterlassen ein mattes Finish. Sie verwandeln synthetische Kratzer hervorragend in Kasumi. Dieser japanische Schleifstein ist sehr homogen und schnell genug, um gut mit Messern zu arbeiten. Es hinterl\u00e4sst einen sehr sauberen Kernstahl und einen sehr schwachen und gleichm\u00e4\u00dfigen Kratzer in der weicheren Eisenbeschichtung. Sie k\u00f6nnen beim Polieren problemlos von diesem Stein auf Finishing-Steine umsteigen. Dieser Stein eignet sich auch zum Sch\u00e4rfen von Tischlerwerkzeugen und Rasiermessern, ist jedoch nicht die beste Wahl f\u00fcr die Endbearbeitung dieser Werkzeuge.<\/p>\n\n\n\n<p>Dieser Stein hat eine wundersch\u00f6ne Kombination aus Rot, Gelb und Gr\u00fcn und ist mit feinen Nashiji-Punkten verziert. Auf dem W\u00fcrfel sind ein paar flache, aber verd\u00e4chtige Linien sichtbar. Es ist wahrscheinlich am besten, sie zu vermeiden. \u201eAmerikanische\u201c Abmessungen und regelm\u00e4\u00dfige Form.<\/p>","protected":false},"excerpt":{"rendered":"<ul>\n<li>Geeignet f\u00fcr die Bearbeitung von Messern, Scheren, Tischler- und anderen Werkzeugen.<\/li>\n<li>Abmessungen: 204x53x29 mm<\/li>\n<li>Gewicht: 810 g<\/li>\n<li>H\u00e4rte: Lv 3.7<\/li>\n<li>Die Oberfl\u00e4che ist glatt und arbeitsbereit<\/li>\n<\/ul>","protected":false},"featured_media":2300,"comment_status":"open","ping_status":"closed","template":"","meta":[],"product_brand":[],"product_cat":[22],"product_tag":[47,67],"class_list":{"0":"post-2299","1":"product","2":"type-product","3":"status-publish","4":"has-post-thumbnail","6":"product_cat-jnats","7":"product_tag-ohira","8":"product_tag-tomae","9":"product_shipping_class-iprastas","11":"first","12":"outofstock","13":"sale","14":"shipping-taxable","15":"purchasable","16":"product-type-simple"},"_links":{"self":[{"href":"https:\/\/jnats.eu\/de\/wp-json\/wp\/v2\/product\/2299","targetHints":{"allow":["GET"]}}],"collection":[{"href":"https:\/\/jnats.eu\/de\/wp-json\/wp\/v2\/product"}],"about":[{"href":"https:\/\/jnats.eu\/de\/wp-json\/wp\/v2\/types\/product"}],"replies":[{"embeddable":true,"href":"https:\/\/jnats.eu\/de\/wp-json\/wp\/v2\/comments?post=2299"}],"wp:featuredmedia":[{"embeddable":true,"href":"https:\/\/jnats.eu\/de\/wp-json\/wp\/v2\/media\/2300"}],"wp:attachment":[{"href":"https:\/\/jnats.eu\/de\/wp-json\/wp\/v2\/media?parent=2299"}],"wp:term":[{"taxonomy":"product_brand","embeddable":true,"href":"https:\/\/jnats.eu\/de\/wp-json\/wp\/v2\/product_brand?post=2299"},{"taxonomy":"product_cat","embeddable":true,"href":"https:\/\/jnats.eu\/de\/wp-json\/wp\/v2\/product_cat?post=2299"},{"taxonomy":"product_tag","embeddable":true,"href":"https:\/\/jnats.eu\/de\/wp-json\/wp\/v2\/product_tag?post=2299"}],"curies":[{"name":"wp","href":"https:\/\/api.w.org\/{rel}","templated":true}]}}