{"id":2306,"date":"2024-04-30T09:32:25","date_gmt":"2024-04-30T06:32:25","guid":{"rendered":"http:\/\/jnats.eu\/?post_type=product&#038;p=2306"},"modified":"2024-11-30T13:07:57","modified_gmt":"2024-11-30T11:07:57","slug":"nakayama-karasu-aisa","status":"publish","type":"product","link":"https:\/\/jnats.eu\/de\/produkt-2\/nakayama-karasu-aisa\/","title":{"rendered":"Nakayama Karasu Aisa"},"content":{"rendered":"<p>Ein wunderbares Nakayama Karasu, das zum Sch\u00e4rfen von Rasiermessern, Messern und Werkzeugen verwendet werden kann. Es kommt sehr selten vor, dass Nakayama Karasu auf Messern verwendet werden kann, ohne diese zu zerkratzen!<\/p>\n\n\n\n<p>Ergibt ein superfeine Halbspiegeloberfl\u00e4che mit scharfem Kontrast! Am besten arbeitet man mit Nagura zusammen und beschleunigt so den Prozess.<\/p>\n\n\n\n<p>Es kann auch mit dem vollen Asano nagura Progression f\u00fcr Rasierer verwendet werden und wird eine ausreichende Sch\u00e4rfe bieten. Ein sehr sch\u00f6ner grauer Stein mit \u201eKr\u00e4hen\u201d, ein paar d\u00fcnne schwarze Linien und ein paar kurze namazu Linien.<\/p>\n\n\n\n<p>Perfekte Form, gebrauchsfertig und nivelliert. Auch die zweite H\u00e4lfte l\u00e4sst sich problemlos absolvieren. <\/p>\n\n\n\n<figure class=\"wp-block-embed is-type-video is-provider-youtube wp-block-embed-youtube wp-embed-aspect-16-9 wp-has-aspect-ratio\"><div class=\"wp-block-embed__wrapper\">\n<div class=\"video-container\"><iframe title=\"Galandame Kanemasa Super Extra Voll Konkav Feinste Rasiermesser Nakayama Karasu Aisa\" width=\"1170\" height=\"658\" src=\"https:\/\/www.youtube.com\/embed\/ewmrUk9XIg8?start=266&feature=oembed\" frameborder=\"0\" allow=\"accelerometer; autoplay; clipboard-write; encrypted-media; gyroscope; picture-in-picture; web-share\" referrerpolicy=\"strict-origin-when-cross-origin\" allowfullscreen><\/iframe><\/div>\n<\/div><\/figure>","protected":false},"excerpt":{"rendered":"<ul>\n<li>Geeignet f\u00fcr die Endbearbeitung von Rasierklingen, Tischlerei- und anderen Werkzeugen.<\/li>\n<li>Abmessungen: 206x74x22 mm<\/li>\n<li>Gewicht: 900 g<\/li>\n<li>H\u00e4rte: Lv 5<\/li>\n<li>Die Leitungen sind sicher<\/li>\n<li>Die Oberfl\u00e4che ist nicht ganz glatt, an den R\u00e4ndern sind Gr\u00fcbchen vorhanden.<\/li>\n<li>Wir empfehlen, mit warmem Wasser zu arbeiten, da kaltes Wasser die Arbeitsgeschwindigkeit und das Ansprechverhalten verschlechtert.<\/li>\n<\/ul>","protected":false},"featured_media":2309,"comment_status":"open","ping_status":"closed","template":"","meta":[],"product_brand":[],"product_cat":[22],"product_tag":[250,57,49],"class_list":{"0":"post-2306","1":"product","2":"type-product","3":"status-publish","4":"has-post-thumbnail","6":"product_cat-jnats","7":"product_tag-aisa","8":"product_tag-karasu","9":"product_tag-nakayama","10":"product_shipping_class-iprastas","12":"first","13":"outofstock","14":"sale","15":"shipping-taxable","16":"purchasable","17":"product-type-simple"},"_links":{"self":[{"href":"https:\/\/jnats.eu\/de\/wp-json\/wp\/v2\/product\/2306","targetHints":{"allow":["GET"]}}],"collection":[{"href":"https:\/\/jnats.eu\/de\/wp-json\/wp\/v2\/product"}],"about":[{"href":"https:\/\/jnats.eu\/de\/wp-json\/wp\/v2\/types\/product"}],"replies":[{"embeddable":true,"href":"https:\/\/jnats.eu\/de\/wp-json\/wp\/v2\/comments?post=2306"}],"wp:featuredmedia":[{"embeddable":true,"href":"https:\/\/jnats.eu\/de\/wp-json\/wp\/v2\/media\/2309"}],"wp:attachment":[{"href":"https:\/\/jnats.eu\/de\/wp-json\/wp\/v2\/media?parent=2306"}],"wp:term":[{"taxonomy":"product_brand","embeddable":true,"href":"https:\/\/jnats.eu\/de\/wp-json\/wp\/v2\/product_brand?post=2306"},{"taxonomy":"product_cat","embeddable":true,"href":"https:\/\/jnats.eu\/de\/wp-json\/wp\/v2\/product_cat?post=2306"},{"taxonomy":"product_tag","embeddable":true,"href":"https:\/\/jnats.eu\/de\/wp-json\/wp\/v2\/product_tag?post=2306"}],"curies":[{"name":"wp","href":"https:\/\/api.w.org\/{rel}","templated":true}]}}