{"id":2314,"date":"2024-04-30T09:38:16","date_gmt":"2024-04-30T06:38:16","guid":{"rendered":"http:\/\/jnats.eu\/?post_type=product&#038;p=2314"},"modified":"2024-10-04T17:53:37","modified_gmt":"2024-10-04T14:53:37","slug":"nakayama-mizu-asagi","status":"publish","type":"product","link":"https:\/\/jnats.eu\/de\/produkt-2\/nakayama-mizu-asagi\/","title":{"rendered":"Nakayama Mizu Asagi"},"content":{"rendered":"<p>Dieser Stein ist hart und extrem fein und eignet sich problemlos f\u00fcr Rasiermesser. Obwohl Nakayama Mizu Asagi hart ist, hat er im Vergleich zu anderen Steinen dieser K\u00f6rnung eine \u00fcberdurchschnittlich gute Ansprache. Es kann auch f\u00fcr Tischlerwerkzeuge und Messer verwendet werden. Es hinterl\u00e4sst einen leuchtend silbernen und detaillierten San-Mai-Glanz. Dies sind in jeder Hinsicht sehr m\u00e4chtige Abschlusssteine.<\/p>\n\n\n\n<p>Dieser Stein kann auch als Unterlage f\u00fcr Naguras verwendet werden, da er hart genug ist.<\/p>\n\n\n\n<p><strong>Nakayama (\u4e2d\u5c71)<\/strong><br>Diese \u00f6stliche Mine ist ber\u00fchmt f\u00fcr die Awasedo-Steine, mit denen der Schleifprozess abgeschlossen wird. Mehrschichtiger Stein (Hondomae Shikitomae) mit einem andersfarbigen \u201eKollegen\u201c wird besonders von Tischlern und Sch\u00e4rfern gesch\u00e4tzt. Im Vergleich zu Steinen \u00e4hnlicher H\u00e4rte und Feinheit aus anderen Minen sind Nakayama-Produkte f\u00fcr ein angenehmeres Schleifgef\u00fchl bekannt. Authentische Nakayama-Steine sind oft mit dem ber\u00fchmten Maruka-Stempel \u32d5\u6b63\u672c\u5c71 versehen.<\/p>","protected":false},"excerpt":{"rendered":"<ul>\n<li>Geeignet f\u00fcr die Endbearbeitung von Rasiermessern, Messern, Scheren, Tischlerei- und anderen Werkzeugen.<\/li>\n<li>Abmessungen: 207x79x21 mm<\/li>\n<li>Gewicht: 1030 g<\/li>\n<li>H\u00e4rte: Lv 5<\/li>\n<li>Die Oberfl\u00e4che ist glatt und arbeitsbereit<\/li>\n<li>Die Leitungen sind sicher<\/li>\n<\/ul>","protected":false},"featured_media":2320,"comment_status":"open","ping_status":"closed","template":"","meta":[],"product_brand":[],"product_cat":[22],"product_tag":[45,154,49],"class_list":{"0":"post-2314","1":"product","2":"type-product","3":"status-publish","4":"has-post-thumbnail","6":"product_cat-jnats","7":"product_tag-asagi","8":"product_tag-mizu","9":"product_tag-nakayama","10":"product_shipping_class-iprastas","12":"first","13":"outofstock","14":"sale","15":"shipping-taxable","16":"purchasable","17":"product-type-simple"},"_links":{"self":[{"href":"https:\/\/jnats.eu\/de\/wp-json\/wp\/v2\/product\/2314","targetHints":{"allow":["GET"]}}],"collection":[{"href":"https:\/\/jnats.eu\/de\/wp-json\/wp\/v2\/product"}],"about":[{"href":"https:\/\/jnats.eu\/de\/wp-json\/wp\/v2\/types\/product"}],"replies":[{"embeddable":true,"href":"https:\/\/jnats.eu\/de\/wp-json\/wp\/v2\/comments?post=2314"}],"wp:featuredmedia":[{"embeddable":true,"href":"https:\/\/jnats.eu\/de\/wp-json\/wp\/v2\/media\/2320"}],"wp:attachment":[{"href":"https:\/\/jnats.eu\/de\/wp-json\/wp\/v2\/media?parent=2314"}],"wp:term":[{"taxonomy":"product_brand","embeddable":true,"href":"https:\/\/jnats.eu\/de\/wp-json\/wp\/v2\/product_brand?post=2314"},{"taxonomy":"product_cat","embeddable":true,"href":"https:\/\/jnats.eu\/de\/wp-json\/wp\/v2\/product_cat?post=2314"},{"taxonomy":"product_tag","embeddable":true,"href":"https:\/\/jnats.eu\/de\/wp-json\/wp\/v2\/product_tag?post=2314"}],"curies":[{"name":"wp","href":"https:\/\/api.w.org\/{rel}","templated":true}]}}