{"id":2321,"date":"2024-04-30T09:46:56","date_gmt":"2024-04-30T06:46:56","guid":{"rendered":"http:\/\/jnats.eu\/?post_type=product&#038;p=2321"},"modified":"2024-09-25T15:27:31","modified_gmt":"2024-09-25T12:27:31","slug":"nakayama-asagi-maruka","status":"publish","type":"product","link":"https:\/\/jnats.eu\/de\/produkt-2\/nakayama-asagi-maruka\/","title":{"rendered":"Nakayama Asagi Maruka"},"content":{"rendered":"<p>Dieser gro\u00dfe Stein spiegelt alle Vorteile des Nakayama perfekt wider - klein, aber ziemlich schnell und sanft. Man braucht weder einen Tomahawk noch eine Diamantplatte, um loszulegen. Der Nakayama Nakayama Asagi Maruka poliert Metall schnell und hinterl\u00e4sst einen sehr feinen Glanz. Durch seine Gr\u00f6\u00dfe lassen sich die langen Messer sehr leicht sch\u00e4rfen, genau wie andere Werkzeuge.<\/p>\n\n\n\n<p>Dieser Nakayama-Schleifstein hat eine graue Farbe mit gr\u00fcnlichen Untert\u00f6nen.<\/p>\n\n\n\n<p>Dieser Stein hat eine perfekte Form f\u00fcr jedes Werkzeug und eine Dicke, die mehrere Jahrhunderte h\u00e4lt. Das Maruka \u32d5\u6b63\u672c\u5c71-Siegel ist deutlich sichtbar und hat sich \u00fcber einen l\u00e4ngeren Zeitraum nicht abgenutzt. Kato-san, der letzte Besitzer der Nakayama-Mine, verwendete dieses Zeichen nur f\u00fcr die hochwertigsten japanischen Schleifsteine.&nbsp;<\/p>\n\n\n\n<figure class=\"wp-block-embed is-type-video is-provider-youtube wp-block-embed-youtube wp-embed-aspect-16-9 wp-has-aspect-ratio\"><div class=\"wp-block-embed__wrapper\">\n<div class=\"video-container\"><iframe title=\"Nakayama Maruka Lv 5\" width=\"1170\" height=\"658\" src=\"https:\/\/www.youtube.com\/embed\/jcWysxk_6ns?feature=oembed\" frameborder=\"0\" allow=\"accelerometer; autoplay; clipboard-write; encrypted-media; gyroscope; picture-in-picture; web-share\" referrerpolicy=\"strict-origin-when-cross-origin\" allowfullscreen><\/iframe><\/div>\n<\/div><\/figure>\n\n\n\n<p>Der Nakayama-Stein ist ber\u00fchmt f\u00fcr das Kato Mutsuyama Maruka-Zeichen mit dem Buchstaben \u201eka\u201c und dem Seihonzan-Siegel \u32d5\u6b63\u672c\u5c71. Kato Mutsuyama war der Erste, der ein solches Siegel schnitzte. Nicht standardm\u00e4\u00dfige Abmessungen, gro\u00dfe oder grobe Steine trugen urspr\u00fcnglich nicht das Zeichen von Maruka. Es gibt jedoch auch Qualit\u00e4tsprodukte und nicht standardm\u00e4\u00dfige Schleifsteine, die bei der Endverarbeitung im Einzelhandel nachtr\u00e4glich mit dem Maruka-Stempel gekennzeichnet wurden, sowie Steine, die vom Verk\u00e4ufer ohne den \u32d5\u6b63\u672c\u5c71-Stempel aus Rohsteinen geschnitten wurden. Au\u00dferdem tragen die Nakayama-Schleifsteine, die vor der Stempelperiode verkauft wurden, nicht den Maruka-Stempel. <\/p>\n\n\n\n<p>Wenn es sich um Kato Mutsuyamas Stein aus dieser Mine handelt, wird es auf jeden Fall derselbe Nakayama-Stein sein, unabh\u00e4ngig davon, ob er das Maruka-Zeichen tr\u00e4gt oder nicht. Der \u32d5\u6b63\u672c\u5c71-Stempel selbst kann je nach Vertriebskanal vorhanden sein oder nicht und garantiert keine Qualit\u00e4t. Nicht nur Nakayama, sondern auch andere nat\u00fcrliche Schleifsteine, jeder ist anders und keine zwei sind gleich. Zudem sind seit der Schlie\u00dfung des Bergwerks viele Jahre vergangen, so dass jedes Jahr immer weniger gute Exemplare auf dem Markt sind.<\/p>\n\n\n\n<p>Aufgrund ihrer Seltenheit und der Kraft der Marke gibt es viele F\u00e4lschungen, daher empfehlen wir Ihnen, dem Maruka-Siegel nicht zu sehr zu vertrauen und den Stein mit eigenen Augen zu bewerten.&nbsp;<\/p>\n\n\n\n<p>Die Kato-Mine liegt in den Nakayama-Bergen, wo Schleifsteine abgebaut wurden. Sie wurde so genannt, weil sie Herrn Kato geh\u00f6rte. Hatanaka Whetstone ist ein alteingesessenes Steingesch\u00e4ft in Kyoto. Nach dem Krieg wurde der Verkauf der in Kato Utsuyama abgebauten Nakayama-Schleifsteine von einer f\u00fcnfk\u00f6pfigen Gruppe eines f\u00fchrenden Steingesch\u00e4fts in Kyoto verwaltet. Unter ihnen soll Hatanaka Toishi eine Zeit lang das gr\u00f6\u00dfte Vertrauen der Bergbesitzer gehabt haben. im Jahr 1952 Hatanaka Toishi lie\u00df die Marke Junshin Honzan (\u7d14\u7a7a\u6b63\u672c\u5c71) registrieren, um sich von anderen Einzelh\u00e4ndlern abzuheben. Nach 1980 Die Rechte an der Nakayama-Mine wurden von Hatanaka Whetstone erworben und wurden Eigent\u00fcmer der Marke Maruka. Gleichzeitig wurden Steine aus dieser Mine auch \u00fcber andere Einzelh\u00e4ndler vertrieben.<\/p>\n\n\n\n<p><strong>Nakayama (\u4e2d\u5c71)<\/strong><\/p>\n\n\n\n<p>Diese \u00f6stliche Mine ist ber\u00fchmt f\u00fcr ihre Finishing-Steine Awasedo und z\u00e4hlt zu den gefragtesten unter Sch\u00e4rfprofis und Bastlern. Im Vergleich zu Steinen \u00e4hnlicher H\u00e4rte und Feinheit aus anderen Minen sind Nakayama-Steine f\u00fcr ein angenehmeres Schleifgef\u00fchl und eine hohe Arbeitsgeschwindigkeit bekannt. Besonders gesch\u00e4tzt werden Mehrschichtsteine (Hondomae, Shikitomae) und Kiita.<\/p>","protected":false},"excerpt":{"rendered":"<ul>\n<li>Ideal f\u00fcr die Endbearbeitung von Rasiermessern, Messern, Scheren, Tischler- und anderen Werkzeugen.<\/li>\n<li>Abmessungen: 207x76x29 mm<\/li>\n<li>Gewicht: 1200 g<\/li>\n<li>H\u00e4rte: Lv 5<\/li>\n<li>Die Oberfl\u00e4che ist glatt und arbeitsbereit. Die zweite H\u00e4lfte l\u00e4sst sich ganz einfach vorbereiten.<\/li>\n<\/ul>","protected":false},"featured_media":2326,"comment_status":"open","ping_status":"closed","template":"","meta":[],"product_brand":[],"product_cat":[],"product_tag":[45,58,49],"class_list":{"0":"post-2321","1":"product","2":"type-product","3":"status-publish","4":"has-post-thumbnail","6":"product_tag-asagi","7":"product_tag-maruka","8":"product_tag-nakayama","9":"product_shipping_class-iprastas","11":"first","12":"outofstock","13":"sale","14":"shipping-taxable","15":"purchasable","16":"product-type-simple"},"_links":{"self":[{"href":"https:\/\/jnats.eu\/de\/wp-json\/wp\/v2\/product\/2321","targetHints":{"allow":["GET"]}}],"collection":[{"href":"https:\/\/jnats.eu\/de\/wp-json\/wp\/v2\/product"}],"about":[{"href":"https:\/\/jnats.eu\/de\/wp-json\/wp\/v2\/types\/product"}],"replies":[{"embeddable":true,"href":"https:\/\/jnats.eu\/de\/wp-json\/wp\/v2\/comments?post=2321"}],"wp:featuredmedia":[{"embeddable":true,"href":"https:\/\/jnats.eu\/de\/wp-json\/wp\/v2\/media\/2326"}],"wp:attachment":[{"href":"https:\/\/jnats.eu\/de\/wp-json\/wp\/v2\/media?parent=2321"}],"wp:term":[{"taxonomy":"product_brand","embeddable":true,"href":"https:\/\/jnats.eu\/de\/wp-json\/wp\/v2\/product_brand?post=2321"},{"taxonomy":"product_cat","embeddable":true,"href":"https:\/\/jnats.eu\/de\/wp-json\/wp\/v2\/product_cat?post=2321"},{"taxonomy":"product_tag","embeddable":true,"href":"https:\/\/jnats.eu\/de\/wp-json\/wp\/v2\/product_tag?post=2321"}],"curies":[{"name":"wp","href":"https:\/\/api.w.org\/{rel}","templated":true}]}}