{"id":2343,"date":"2024-05-01T10:42:04","date_gmt":"2024-05-01T07:42:04","guid":{"rendered":"http:\/\/jnats.eu\/?post_type=product&#038;p=2343"},"modified":"2024-08-21T15:29:45","modified_gmt":"2024-08-21T12:29:45","slug":"nakayama-iromono-japoniskas-naturalus-akmuo-galandimui","status":"publish","type":"product","link":"https:\/\/jnats.eu\/de\/produkt-2\/nakayama-iromono-japoniskas-naturalus-akmuo-galandimui\/","title":{"rendered":"Nakayama Iromono japanischer Naturstein zum Sch\u00e4rfen"},"content":{"rendered":"<p>Dieser wundersch\u00f6ne Nakayama-Iromono ist ein harter und perfekter japanischer Naturstein zum Abschluss jedes Werkzeugsch\u00e4rfens. Es ist am besten f\u00fcr diejenigen mit mehr Erfahrung geeignet, kann aber f\u00fcr ein benutzerfreundlicheres Erlebnis mit einem Nagura kombiniert werden. Die Textur ist sehr fein (10k+) und der Lack neigt zum Spiegeln. <\/p>\n\n\n\n<p>Der Stein wird in der Kato-Mine abgebaut, die f\u00fcr ihre Maruka-Steine ber\u00fchmt ist.<\/p>\n\n\n\n<figure class=\"wp-block-embed is-type-video is-provider-youtube wp-block-embed-youtube wp-embed-aspect-16-9 wp-has-aspect-ratio\"><div class=\"wp-block-embed__wrapper\">\n<div class=\"video-container\"><iframe title=\"Nakayama Tomae Iromono, Nakayama Kiita Nashiji, Nakayama Suita Maruka\" width=\"1170\" height=\"658\" src=\"https:\/\/www.youtube.com\/embed\/IZ-D-qy6bYY?start=126&#038;feature=oembed\" frameborder=\"0\" allow=\"accelerometer; autoplay; clipboard-write; encrypted-media; gyroscope; picture-in-picture; web-share\" referrerpolicy=\"strict-origin-when-cross-origin\" allowfullscreen><\/iframe><\/div>\n<\/div><\/figure>\n\n\n\n<p><strong>Nakayama (\u4e2d\u5c71)<\/strong><\/p>\n\n\n\n<p>Diese \u00f6stliche Mine ist ber\u00fchmt f\u00fcr ihre Sch\u00e4rfsteine und ist vielleicht der begehrteste Sch\u00e4rfplatz f\u00fcr Profis und Amateure. Im Vergleich zu Steinen \u00e4hnlicher H\u00e4rte und Feinheit aus anderen Minen sind die Nakayama-Steine f\u00fcr ihr angenehmeres Sch\u00e4rfegef\u00fchl und ihre hohe Arbeitsgeschwindigkeit bekannt. Mehrschichtige Steine (Hondomae, Shikitomae) und Kiita werden besonders gesch\u00e4tzt.<\/p>","protected":false},"excerpt":{"rendered":"<ul>\n<li>Geeignet f\u00fcr die Endbearbeitung von Rasiermessern, Messern, Scheren, Tischlerei- und anderen Werkzeugen.<\/li>\n<li>Abmessungen ca.: 150x60x21 mm<\/li>\n<li>Gewicht: 455 g<\/li>\n<li>H\u00e4rte: Lv 4,5<\/li>\n<li>Die Oberfl\u00e4che ist glatt und arbeitsbereit<\/li>\n<\/ul>","protected":false},"featured_media":2349,"comment_status":"open","ping_status":"closed","template":"","meta":[],"product_brand":[],"product_cat":[22],"product_tag":[49],"class_list":{"0":"post-2343","1":"product","2":"type-product","3":"status-publish","4":"has-post-thumbnail","6":"product_cat-jnats","7":"product_tag-nakayama","8":"product_shipping_class-iprastas","10":"first","11":"outofstock","12":"shipping-taxable","13":"purchasable","14":"product-type-simple"},"_links":{"self":[{"href":"https:\/\/jnats.eu\/de\/wp-json\/wp\/v2\/product\/2343","targetHints":{"allow":["GET"]}}],"collection":[{"href":"https:\/\/jnats.eu\/de\/wp-json\/wp\/v2\/product"}],"about":[{"href":"https:\/\/jnats.eu\/de\/wp-json\/wp\/v2\/types\/product"}],"replies":[{"embeddable":true,"href":"https:\/\/jnats.eu\/de\/wp-json\/wp\/v2\/comments?post=2343"}],"wp:featuredmedia":[{"embeddable":true,"href":"https:\/\/jnats.eu\/de\/wp-json\/wp\/v2\/media\/2349"}],"wp:attachment":[{"href":"https:\/\/jnats.eu\/de\/wp-json\/wp\/v2\/media?parent=2343"}],"wp:term":[{"taxonomy":"product_brand","embeddable":true,"href":"https:\/\/jnats.eu\/de\/wp-json\/wp\/v2\/product_brand?post=2343"},{"taxonomy":"product_cat","embeddable":true,"href":"https:\/\/jnats.eu\/de\/wp-json\/wp\/v2\/product_cat?post=2343"},{"taxonomy":"product_tag","embeddable":true,"href":"https:\/\/jnats.eu\/de\/wp-json\/wp\/v2\/product_tag?post=2343"}],"curies":[{"name":"wp","href":"https:\/\/api.w.org\/{rel}","templated":true}]}}