{"id":2364,"date":"2024-05-01T11:24:39","date_gmt":"2024-05-01T08:24:39","guid":{"rendered":"http:\/\/jnats.eu\/?post_type=product&#038;p=2364"},"modified":"2024-10-20T15:02:06","modified_gmt":"2024-10-20T12:02:06","slug":"nakayama-suita-maruka-natural-whetstone","status":"publish","type":"product","link":"https:\/\/jnats.eu\/de\/produkt-2\/nakayama-suita-maruka-natural-whetstone\/","title":{"rendered":"Nakayama Suita Maruka Naturschleifstein \u00a0"},"content":{"rendered":"<p>Eine seltene und gro\u00dfe Nakayama Suita mit bereits abgeriebenem Maruka-Siegel, aber ohne Steine, mit denen man sie verwechseln k\u00f6nnte. Dieser Stein ist sehr schnell und fein und kann daher als Abschlussstein des Traumschleifens bezeichnet werden. Geeignet f\u00fcr alle Anwendungen, die einen feinen Stein erfordern \u2013 Werkzeuge, Messer und Rasierer. <\/p>\n\n\n\n<p>Ein sauberer, wei\u00dfer Stein ohne die charakteristischen L\u00f6cher, genannt Suita <em>mit<\/em>, mit ein paar harmlosen braunen Punkten.<\/p>\n\n\n\n<p>Besonders f\u00fcr Rasierer ist dieser Stein durchaus interessant. Es eignet sich nicht nur hervorragend als Voranstrich mit verd\u00fcnnter G\u00fclle oder klarem Wasser, sondern l\u00e4sst sich auch sehr gut abschlie\u00dfen.<\/p>\n\n\n\n<figure class=\"wp-block-embed is-type-video is-provider-youtube wp-block-embed-youtube wp-embed-aspect-16-9 wp-has-aspect-ratio\"><div class=\"wp-block-embed__wrapper\">\n<div class=\"video-container\"><iframe title=\"Nakayama Tomae Iromono, Nakayama Kiita Nashiji, Nakayama Suita Maruka\" width=\"1170\" height=\"658\" src=\"https:\/\/www.youtube.com\/embed\/IZ-D-qy6bYY?start=415&#038;feature=oembed\" frameborder=\"0\" allow=\"accelerometer; autoplay; clipboard-write; encrypted-media; gyroscope; picture-in-picture; web-share\" referrerpolicy=\"strict-origin-when-cross-origin\" allowfullscreen><\/iframe><\/div>\n<\/div><\/figure>\n\n\n\n<p>Der Nakayama-Stein ist ber\u00fchmt f\u00fcr das Kato Mutsuyama Maruka-Zeichen mit dem Buchstaben \u201eka\u201c und dem Seihonzan-Siegel \u32d5\u6b63\u672c\u5c71. Kato Mutsuyama war der Erste, der ein solches Siegel schnitzte. Nicht standardm\u00e4\u00dfige Abmessungen, gro\u00dfe oder grobe Steine trugen urspr\u00fcnglich nicht das Zeichen von Maruka. Es gibt jedoch auch Qualit\u00e4tsprodukte und nicht standardm\u00e4\u00dfige Schleifsteine, die bei der Endverarbeitung im Einzelhandel nachtr\u00e4glich mit dem Maruka-Stempel gekennzeichnet wurden, sowie Steine, die vom Verk\u00e4ufer ohne den \u32d5\u6b63\u672c\u5c71-Stempel aus Rohsteinen geschnitten wurden. Au\u00dferdem tragen die Nakayama-Schleifsteine, die vor der Stempelperiode verkauft wurden, nicht den Maruka-Stempel. <\/p>\n\n\n\n<p>Wenn es sich um Kato Mutsuyamas Stein aus dieser Mine handelt, wird es auf jeden Fall derselbe Nakayama-Stein sein, unabh\u00e4ngig davon, ob er das Maruka-Zeichen tr\u00e4gt oder nicht. Der \u32d5\u6b63\u672c\u5c71-Stempel selbst kann je nach Vertriebskanal vorhanden sein oder nicht und garantiert keine Qualit\u00e4t. Nicht nur Nakayama, sondern auch andere nat\u00fcrliche Schleifsteine, jeder ist anders und keine zwei sind gleich. Zudem sind seit der Schlie\u00dfung des Bergwerks viele Jahre vergangen, so dass jedes Jahr immer weniger gute Exemplare auf dem Markt sind.<\/p>\n\n\n\n<p>Aufgrund ihrer Seltenheit und der Kraft der Marke gibt es viele F\u00e4lschungen, daher empfehlen wir Ihnen, dem Maruka-Siegel nicht zu sehr zu vertrauen und den Stein mit eigenen Augen zu bewerten.&nbsp;<\/p>\n\n\n\n<p>Die Kato-Mine liegt in den Nakayama-Bergen, wo Schleifsteine abgebaut wurden. Sie wurde so genannt, weil sie Herrn Kato geh\u00f6rte. Hatanaka Whetstone ist ein alteingesessenes Steingesch\u00e4ft in Kyoto. Nach dem Krieg wurde der Verkauf der in Kato Utsuyama abgebauten Nakayama-Schleifsteine von einer f\u00fcnfk\u00f6pfigen Gruppe eines f\u00fchrenden Steingesch\u00e4fts in Kyoto verwaltet. Unter ihnen soll Hatanaka Toishi eine Zeit lang das gr\u00f6\u00dfte Vertrauen der Bergbesitzer gehabt haben. im Jahr 1952 Hatanaka Toishi lie\u00df die Marke Junshin Honzan (\u7d14\u7a7a\u6b63\u672c\u5c71) registrieren, um sich von anderen Einzelh\u00e4ndlern abzuheben. Nach 1980 Die Rechte an der Nakayama-Mine wurden von Hatanaka Whetstone erworben und wurden Eigent\u00fcmer der Marke Maruka. Gleichzeitig wurden Steine aus dieser Mine auch \u00fcber andere Einzelh\u00e4ndler vertrieben.<\/p>","protected":false},"excerpt":{"rendered":"<ul>\n<li>Geeignet f\u00fcr die Endbearbeitung von Rasiermessern, Messern, Scheren, Tischlerei- und anderen Werkzeugen.<\/li>\n<li>Abmessungen: 200x71x33 mm<\/li>\n<li>Gewicht: 1130 g<\/li>\n<li>H\u00e4rte: Lv 5<\/li>\n<li>Die Oberfl\u00e4che ist glatt und arbeitsbereit.<\/li>\n<li>Wir empfehlen, mit warmem Wasser zu arbeiten, da kaltes Wasser die Geschwindigkeit und Reaktion beeintr\u00e4chtigt.<\/li>\n<\/ul>","protected":false},"featured_media":2370,"comment_status":"open","ping_status":"closed","template":"","meta":[],"product_brand":[],"product_cat":[22],"product_tag":[58,49,50],"class_list":{"0":"post-2364","1":"product","2":"type-product","3":"status-publish","4":"has-post-thumbnail","6":"product_cat-jnats","7":"product_tag-maruka","8":"product_tag-nakayama","9":"product_tag-suita","10":"product_shipping_class-iprastas","12":"first","13":"outofstock","14":"shipping-taxable","15":"purchasable","16":"product-type-simple"},"_links":{"self":[{"href":"https:\/\/jnats.eu\/de\/wp-json\/wp\/v2\/product\/2364","targetHints":{"allow":["GET"]}}],"collection":[{"href":"https:\/\/jnats.eu\/de\/wp-json\/wp\/v2\/product"}],"about":[{"href":"https:\/\/jnats.eu\/de\/wp-json\/wp\/v2\/types\/product"}],"replies":[{"embeddable":true,"href":"https:\/\/jnats.eu\/de\/wp-json\/wp\/v2\/comments?post=2364"}],"wp:featuredmedia":[{"embeddable":true,"href":"https:\/\/jnats.eu\/de\/wp-json\/wp\/v2\/media\/2370"}],"wp:attachment":[{"href":"https:\/\/jnats.eu\/de\/wp-json\/wp\/v2\/media?parent=2364"}],"wp:term":[{"taxonomy":"product_brand","embeddable":true,"href":"https:\/\/jnats.eu\/de\/wp-json\/wp\/v2\/product_brand?post=2364"},{"taxonomy":"product_cat","embeddable":true,"href":"https:\/\/jnats.eu\/de\/wp-json\/wp\/v2\/product_cat?post=2364"},{"taxonomy":"product_tag","embeddable":true,"href":"https:\/\/jnats.eu\/de\/wp-json\/wp\/v2\/product_tag?post=2364"}],"curies":[{"name":"wp","href":"https:\/\/api.w.org\/{rel}","templated":true}]}}