{"id":2400,"date":"2024-05-02T11:05:42","date_gmt":"2024-05-02T08:05:42","guid":{"rendered":"http:\/\/jnats.eu\/?post_type=product&#038;p=2400"},"modified":"2025-04-28T23:24:20","modified_gmt":"2025-04-28T20:24:20","slug":"nakayama-iromono-japoniskas-naturalus-akmuo-galandimui-2","status":"publish","type":"product","link":"https:\/\/jnats.eu\/de\/produkt-2\/nakayama-iromono-japoniskas-naturalus-akmuo-galandimui-2\/","title":{"rendered":"Nakayama Iromono japanischer Naturstein zum Sch\u00e4rfen"},"content":{"rendered":"<p>Dieser sch\u00f6ne Nakayama Iromono ist ein mittelharter japanischer Naturstein, der sich perfekt f\u00fcr das Sch\u00e4rfen von Werkzeugen eignet. Es kann leicht ohne einen Nagel oder Diamantplatte gerichtet werden, da der Stein seine Aufh\u00e4ngung in einem Spritzer freigibt.<\/p>\n\n\n\n<p><strong>Nakayama (\u4e2d\u5c71)<\/strong><\/p>\n\n\n\n<p>Diese \u00f6stliche Mine ist ber\u00fchmt f\u00fcr ihre Awasedo-Schleifsteine und ist wahrscheinlich die erste, die unter Sch\u00e4rfprofis und -hobbyisten am meisten nachgefragt wird. Im Vergleich zu Steinen \u00e4hnlicher H\u00e4rte und Feinheit aus anderen Minen sind Nakayama-Steine f\u00fcr ein angenehmeres Schleifgef\u00fchl und eine hohe Arbeitsgeschwindigkeit bekannt. Besonders gesch\u00e4tzt werden Mehrschichtsteine (Hondomae, Shikitomae) und Kiita.<\/p>","protected":false},"excerpt":{"rendered":"<ul>\n<li>Geeignet f\u00fcr die Endbearbeitung von Rasiermessern, Messern, Scheren, Tischlerei- und anderen Werkzeugen.<\/li>\n<li>Abmessungen: ca. 204x75x22 mm<\/li>\n<li>Gewicht: 970 g<\/li>\n<li>H\u00e4rte: Lv 4<\/li>\n<li>Die Oberfl\u00e4che ist glatt und arbeitsbereit<\/li>\n<\/ul>","protected":false},"featured_media":2408,"comment_status":"open","ping_status":"closed","template":"","meta":[],"product_brand":[],"product_cat":[22],"product_tag":[41,49],"class_list":{"0":"post-2400","1":"product","2":"type-product","3":"status-publish","4":"has-post-thumbnail","6":"product_cat-jnats","7":"product_tag-iromono","8":"product_tag-nakayama","9":"product_shipping_class-iprastas","11":"first","12":"outofstock","13":"shipping-taxable","14":"purchasable","15":"product-type-simple"},"_links":{"self":[{"href":"https:\/\/jnats.eu\/de\/wp-json\/wp\/v2\/product\/2400","targetHints":{"allow":["GET"]}}],"collection":[{"href":"https:\/\/jnats.eu\/de\/wp-json\/wp\/v2\/product"}],"about":[{"href":"https:\/\/jnats.eu\/de\/wp-json\/wp\/v2\/types\/product"}],"replies":[{"embeddable":true,"href":"https:\/\/jnats.eu\/de\/wp-json\/wp\/v2\/comments?post=2400"}],"wp:featuredmedia":[{"embeddable":true,"href":"https:\/\/jnats.eu\/de\/wp-json\/wp\/v2\/media\/2408"}],"wp:attachment":[{"href":"https:\/\/jnats.eu\/de\/wp-json\/wp\/v2\/media?parent=2400"}],"wp:term":[{"taxonomy":"product_brand","embeddable":true,"href":"https:\/\/jnats.eu\/de\/wp-json\/wp\/v2\/product_brand?post=2400"},{"taxonomy":"product_cat","embeddable":true,"href":"https:\/\/jnats.eu\/de\/wp-json\/wp\/v2\/product_cat?post=2400"},{"taxonomy":"product_tag","embeddable":true,"href":"https:\/\/jnats.eu\/de\/wp-json\/wp\/v2\/product_tag?post=2400"}],"curies":[{"name":"wp","href":"https:\/\/api.w.org\/{rel}","templated":true}]}}