{"id":2417,"date":"2024-05-03T09:02:02","date_gmt":"2024-05-03T06:02:02","guid":{"rendered":"http:\/\/jnats.eu\/?post_type=product&#038;p=2417"},"modified":"2024-05-03T09:42:24","modified_gmt":"2024-05-03T06:42:24","slug":"hatahoshi-hatanaka-%e7%b4%94%e7%9c%9f%e6%ad%a3%e6%9c%ac%e5%b1%b1-jyunshin-shohonyama","status":"publish","type":"product","link":"https:\/\/jnats.eu\/de\/produkt-2\/hatahoshi-hatanaka-%e7%b4%94%e7%9c%9f%e6%ad%a3%e6%9c%ac%e5%b1%b1-jyunshin-shohonyama\/","title":{"rendered":"Hatahoshi Hatanaka, \u7d14\u7535\u5f71\u672c\u5c71 Jyunshin sh\u014dhonyama Whetstones"},"content":{"rendered":"<p>Derzeit werden die einzigen authentischen und neuen Nakayama-Schleifsteine von Hatanaka, dem letzten Eigent\u00fcmer der Mine, auf den Markt gebracht. Er allein hat das Recht, den Namen der Nakayama-Mine und die damit verbundenen urheberrechtlich gesch\u00fctzten Namen und Stempel zu verwenden, auch wenn die Mine physisch geschlossen ist. Er hat sich das Recht vorbehalten, alle Best\u00e4nde zu stempeln, die noch aus den Generationen seines Familienunternehmens \u00fcbrig geblieben sind, und es ist anzunehmen, dass viele seiner neuen Steine aus den riesigen Rohsteinbest\u00e4nden stammen, die abgebaut wurden, seit sein Vater Teilhaber von Kato war.<\/p>\n\n\n\n<p>Hatanaka f\u00fchrt das Gesch\u00e4ft ebenso geschickt wie Kato, ohne den Markt mit Steinen zu \u00fcberschwemmen, die \u00fcber ausgew\u00e4hlte Kan\u00e4le von ihm kommen. Er durchschaut auch die Aktivit\u00e4ten der Briefmarkenf\u00e4lscher. Sein Unternehmen steht an der Spitze der Pyramide in der Toffee-Welt, und sein Ruf ist f\u00fcr ihn von gr\u00f6\u00dfter Bedeutung, weshalb authentische Hatahoshi-Hatanaka-Steine schon immer von h\u00f6chster Qualit\u00e4t waren und sehr gesch\u00e4tzt werden.<\/p>\n\n\n\n<figure class=\"wp-block-embed is-type-video is-provider-youtube wp-block-embed-youtube wp-embed-aspect-16-9 wp-has-aspect-ratio\"><div class=\"wp-block-embed__wrapper\">\n<div class=\"video-container\"><iframe title=\"Hatahoshi Hatanaka, \u7d14\u771f\u6b63\u672c\u5c71 Jyunshin Whetstones\" width=\"1170\" height=\"658\" src=\"https:\/\/www.youtube.com\/embed\/ekLZW0ghpeU?feature=oembed\" frameborder=\"0\" allow=\"accelerometer; autoplay; clipboard-write; encrypted-media; gyroscope; picture-in-picture; web-share\" referrerpolicy=\"strict-origin-when-cross-origin\" allowfullscreen><\/iframe><\/div>\n<\/div><\/figure>","protected":false},"excerpt":{"rendered":"<p>Verkauft<\/p>","protected":false},"featured_media":2420,"comment_status":"open","ping_status":"closed","template":"","meta":[],"product_brand":[],"product_cat":[22],"product_tag":[273,269,274,272],"class_list":{"0":"post-2417","1":"product","2":"type-product","3":"status-publish","4":"has-post-thumbnail","6":"product_cat-jnats","7":"product_tag-hatahoshi","8":"product_tag-hatanaka","9":"product_tag-jyunshin","10":"product_tag-272","12":"first","13":"outofstock","14":"shipping-taxable","15":"purchasable","16":"product-type-simple"},"_links":{"self":[{"href":"https:\/\/jnats.eu\/de\/wp-json\/wp\/v2\/product\/2417","targetHints":{"allow":["GET"]}}],"collection":[{"href":"https:\/\/jnats.eu\/de\/wp-json\/wp\/v2\/product"}],"about":[{"href":"https:\/\/jnats.eu\/de\/wp-json\/wp\/v2\/types\/product"}],"replies":[{"embeddable":true,"href":"https:\/\/jnats.eu\/de\/wp-json\/wp\/v2\/comments?post=2417"}],"wp:featuredmedia":[{"embeddable":true,"href":"https:\/\/jnats.eu\/de\/wp-json\/wp\/v2\/media\/2420"}],"wp:attachment":[{"href":"https:\/\/jnats.eu\/de\/wp-json\/wp\/v2\/media?parent=2417"}],"wp:term":[{"taxonomy":"product_brand","embeddable":true,"href":"https:\/\/jnats.eu\/de\/wp-json\/wp\/v2\/product_brand?post=2417"},{"taxonomy":"product_cat","embeddable":true,"href":"https:\/\/jnats.eu\/de\/wp-json\/wp\/v2\/product_cat?post=2417"},{"taxonomy":"product_tag","embeddable":true,"href":"https:\/\/jnats.eu\/de\/wp-json\/wp\/v2\/product_tag?post=2417"}],"curies":[{"name":"wp","href":"https:\/\/api.w.org\/{rel}","templated":true}]}}