{"id":2421,"date":"2024-05-03T09:27:54","date_gmt":"2024-05-03T06:27:54","guid":{"rendered":"http:\/\/jnats.eu\/?post_type=product&#038;p=2421"},"modified":"2024-10-15T09:03:23","modified_gmt":"2024-10-15T06:03:23","slug":"narutaki-specialiai-skustuvams-atrinkti-uzbaigimo-akmenys","status":"publish","type":"product","link":"https:\/\/jnats.eu\/de\/produkt-2\/narutaki-specialiai-skustuvams-atrinkti-uzbaigimo-akmenys\/","title":{"rendered":"Speziell f\u00fcr Narutaki-Rasierer ausgew\u00e4hlte Finishing-Steine"},"content":{"rendered":"<p>Speziell f\u00fcr Rasierer ausgew\u00e4hlte Vintage-Finishing-Steine aus der Narutaki-Mine. In der Mitte des letzten Jahrhunderts waren solche Steine weit verbreitet und die Kompetenz derjenigen, die sie verarbeiteten, kann bezweifelt werden. Daher k\u00f6nnen wir nach dem Sch\u00e4rfen mit diesen Steinen eine perfekte Rasur garantieren.<\/p>\n\n\n\n<p>Nagura ist nicht notwendig, da die Steine nicht sehr hart sind und ihre eigene Federung freisetzen.<\/p>\n\n\n\n<p><strong>Naruto (\u9cf4\u7027, \u9cf4\u6edd)<\/strong><br>Eine \u00f6stliche Mine, die Abschlusssteine produziert, die von Togishi f\u00fcr Jizuya sehr gesch\u00e4tzt werden. Interessanterweise wird derselbe Begriff h\u00e4ufig zur Beschreibung der Region verwendet, in der die Steine der \u00f6stlichen Minen abgebaut werden. Steine aus der Hon-Narutaki-Mine selbst sind heutzutage im Handel eher selten zu sehen.<\/p>\n\n\n\n<figure class=\"wp-block-embed is-type-video is-provider-youtube wp-block-embed-youtube wp-embed-aspect-16-9 wp-has-aspect-ratio\"><div class=\"wp-block-embed__wrapper\">\n<div class=\"video-container\"><iframe title=\"Speziell f\u00fcr Rasierer ausgew\u00e4hlte Narutaki-Schleifsteine\" width=\"1170\" height=\"658\" src=\"https:\/\/www.youtube.com\/embed\/ziKIUoWWSCc?feature=oembed\" frameborder=\"0\" allow=\"accelerometer; autoplay; clipboard-write; encrypted-media; gyroscope; picture-in-picture; web-share\" referrerpolicy=\"strict-origin-when-cross-origin\" allowfullscreen><\/iframe><\/div>\n<\/div><\/figure>","protected":false},"excerpt":{"rendered":"<ol>\n<li><del>Abmessungen: 163x56x22 mm; Gewicht 528 g.\u00a0<\/del> Verkauft<\/li>\n<li><del>Abmessungen: 156x56x26 mm; Gewicht 559 g.<\/del> Verkauft<\/li>\n<li><del>Abmessungen: 148x52x26 mm; Gewicht 489 g.<\/del><\/li>\n<li><del>Abmessungen: 155x57x24 mm; Gewicht 554 g.<\/del> <strong>Kein Schachteldeckel.<\/strong><\/li>\n<\/ol>","protected":false},"featured_media":2429,"comment_status":"open","ping_status":"closed","template":"","meta":[],"product_brand":[],"product_cat":[22],"product_tag":[146],"class_list":{"0":"post-2421","1":"product","2":"type-product","3":"status-publish","4":"has-post-thumbnail","6":"product_cat-jnats","7":"product_tag-narutaki","8":"product_shipping_class-iprastas","10":"first","11":"outofstock","12":"sold-individually","13":"shipping-taxable","14":"purchasable","15":"product-type-variable"},"_links":{"self":[{"href":"https:\/\/jnats.eu\/de\/wp-json\/wp\/v2\/product\/2421","targetHints":{"allow":["GET"]}}],"collection":[{"href":"https:\/\/jnats.eu\/de\/wp-json\/wp\/v2\/product"}],"about":[{"href":"https:\/\/jnats.eu\/de\/wp-json\/wp\/v2\/types\/product"}],"replies":[{"embeddable":true,"href":"https:\/\/jnats.eu\/de\/wp-json\/wp\/v2\/comments?post=2421"}],"wp:featuredmedia":[{"embeddable":true,"href":"https:\/\/jnats.eu\/de\/wp-json\/wp\/v2\/media\/2429"}],"wp:attachment":[{"href":"https:\/\/jnats.eu\/de\/wp-json\/wp\/v2\/media?parent=2421"}],"wp:term":[{"taxonomy":"product_brand","embeddable":true,"href":"https:\/\/jnats.eu\/de\/wp-json\/wp\/v2\/product_brand?post=2421"},{"taxonomy":"product_cat","embeddable":true,"href":"https:\/\/jnats.eu\/de\/wp-json\/wp\/v2\/product_cat?post=2421"},{"taxonomy":"product_tag","embeddable":true,"href":"https:\/\/jnats.eu\/de\/wp-json\/wp\/v2\/product_tag?post=2421"}],"curies":[{"name":"wp","href":"https:\/\/api.w.org\/{rel}","templated":true}]}}