{"id":2434,"date":"2024-05-03T10:27:43","date_gmt":"2024-05-03T07:27:43","guid":{"rendered":"http:\/\/jnats.eu\/?post_type=product&#038;p=2434"},"modified":"2024-06-29T15:55:34","modified_gmt":"2024-06-29T12:55:34","slug":"narutaki-awasedo-maruichi-for-kamisori","status":"publish","type":"product","link":"https:\/\/jnats.eu\/de\/produkt-2\/narutaki-awasedo-maruichi-for-kamisori\/","title":{"rendered":"NARUTAKI AWASEDO Maruichi f\u00fcr Kamisori\u00a0"},"content":{"rendered":"<p>Narutak-toi sind feine Steine, die aus den Gebieten Narutaki, Umegahata und Takao gewonnen werden.<\/p>\n\n\n\n<p>Der speziell f\u00fcr die Nachbearbeitung von Rasiermessern ausgew\u00e4hlte japanische Naturstein NARUTAKI AWASEDO Maruichi f\u00fcr Kamisori wirkt schnell und gibt eine ausreichende Menge seiner Suspension ab. Es ist kein weicherer Stein (Mikawa oder Tomo Nagura) oder eine abgenutzte Diamantplatte erforderlich, um eine Suspension zu bilden.<\/p>\n\n\n\n<p>Bei der Aogami 2-Stahlklinge hat das Hagane eine Hochglanzoberfl\u00e4che, w\u00e4hrend das weichere Jigae ein gl\u00e4nzendes, mattes Silberfinish hat.<\/p>\n\n\n\n<p>Narutaki-Schleifsteine geh\u00f6ren seit fast 900 Jahren zu den besten, die in Kyoto abgebaut werden. W\u00e4hrend der Samurai-\u00c4ra war es als milit\u00e4rische Angelegenheit sehr wichtig, da es als Waffensch\u00e4rfer diente, und so wurden die Berge jahrhundertelang vom japanischen Kaiser, Shogunen oder der Regierung bewacht. Nur die Familie Honmu hat den Berg lange Zeit abgebaut. Narutaki-to wird zum Sch\u00e4rfen und Polieren japanischer Schwerter verwendet, aber Kanna (japanischer Mei\u00dfel), Obliamsl, Kamisori usw. erlaubten auch die Verwendung kleinerer oder minderwertigerer Steine.<\/p>\n\n\n\n<p>Ein nat\u00fcrlicher Schleifstein hat eine gr\u00f6\u00dfere Arbeitsskala als ein k\u00fcnstlicher, sodass wir das genaue Ergebnis erst kennen, wenn wir mit dem Sch\u00e4rfen fertig sind. Das Schleifmittel k\u00fcnstlicher Schleifsteine zerf\u00e4llt nicht in kleinere Gr\u00f6\u00dfen, und die nat\u00fcrlichen Partikel k\u00f6nnen in kleinere Gr\u00f6\u00dfen zerlegt werden, die mit dem Stahlabfall vermischt werden, um das richtige Jigane- und Hagane-Finish zu erzeugen.<\/p>","protected":false},"excerpt":{"rendered":"<ul>\n<li>Geeignet f\u00fcr die Endbearbeitung von Rasiermessern, Messern, Tischler- und anderen Werkzeugen.<\/li>\n<li>Abmessungen ca.: 133x82x24 mm<\/li>\n<li>Gewicht: 609 g<\/li>\n<li>H\u00e4rte: Lv 5<\/li>\n<li>Die Oberfl\u00e4che ist glatt und arbeitsbereit<\/li>\n<\/ul>","protected":false},"featured_media":2439,"comment_status":"open","ping_status":"closed","template":"","meta":[],"product_brand":[],"product_cat":[22],"product_tag":[40,25,275,146],"class_list":{"0":"post-2434","1":"product","2":"type-product","3":"status-publish","4":"has-post-thumbnail","6":"product_cat-jnats","7":"product_tag-awasedo","8":"product_tag-kamisori","9":"product_tag-maruichi","10":"product_tag-narutaki","11":"product_shipping_class-iprastas","13":"first","14":"outofstock","15":"shipping-taxable","16":"purchasable","17":"product-type-simple"},"_links":{"self":[{"href":"https:\/\/jnats.eu\/de\/wp-json\/wp\/v2\/product\/2434","targetHints":{"allow":["GET"]}}],"collection":[{"href":"https:\/\/jnats.eu\/de\/wp-json\/wp\/v2\/product"}],"about":[{"href":"https:\/\/jnats.eu\/de\/wp-json\/wp\/v2\/types\/product"}],"replies":[{"embeddable":true,"href":"https:\/\/jnats.eu\/de\/wp-json\/wp\/v2\/comments?post=2434"}],"wp:featuredmedia":[{"embeddable":true,"href":"https:\/\/jnats.eu\/de\/wp-json\/wp\/v2\/media\/2439"}],"wp:attachment":[{"href":"https:\/\/jnats.eu\/de\/wp-json\/wp\/v2\/media?parent=2434"}],"wp:term":[{"taxonomy":"product_brand","embeddable":true,"href":"https:\/\/jnats.eu\/de\/wp-json\/wp\/v2\/product_brand?post=2434"},{"taxonomy":"product_cat","embeddable":true,"href":"https:\/\/jnats.eu\/de\/wp-json\/wp\/v2\/product_cat?post=2434"},{"taxonomy":"product_tag","embeddable":true,"href":"https:\/\/jnats.eu\/de\/wp-json\/wp\/v2\/product_tag?post=2434"}],"curies":[{"name":"wp","href":"https:\/\/api.w.org\/{rel}","templated":true}]}}