{"id":2442,"date":"2024-05-03T10:33:17","date_gmt":"2024-05-03T07:33:17","guid":{"rendered":"http:\/\/jnats.eu\/?post_type=product&#038;p=2442"},"modified":"2024-11-28T23:41:07","modified_gmt":"2024-11-28T21:41:07","slug":"narutaki-awasedo-maruichi-for-kamisori-2","status":"publish","type":"product","link":"https:\/\/jnats.eu\/de\/produkt-2\/narutaki-awasedo-maruichi-for-kamisori-2\/","title":{"rendered":"Maruichi Maruka f\u00fcr Kamisori\u00a0"},"content":{"rendered":"<p>Narutak-toi sind feine Steine, die aus den Gebieten Narutaki, Umegahata und Takao gewonnen werden.<\/p>\n\n\n\n<p>Der japanische Naturstein NARUTAKI AWASEDO Maruichi Maruka f\u00fcr Kamisori, der speziell f\u00fcr das Sch\u00e4rfen von Rasiermessern ausgew\u00e4hlt wurde, arbeitet schnell und erzeugt eine ausreichende Menge seiner Suspension. Die Aussetzung erfordert nicht einen weicheren Stein (mikawa oder tomo nagura) oder eine abgenutzte Diamantplatte.<\/p>\n\n\n\n<p>Bei der Aogami 2-Stahlklinge hat das Hagane eine Hochglanzoberfl\u00e4che, w\u00e4hrend das weichere Jigae ein gl\u00e4nzendes, mattes Silberfinish hat.<\/p>\n\n\n\n<p>Die Narutaki-Schleifsteine geh\u00f6ren zu den besten, die seit fast 900 Jahren in Kyoto abgebaut werden. In der Samurai-\u00c4ra war er als Waffensch\u00e4rfer von gro\u00dfer milit\u00e4rischer Bedeutung, und jahrhundertelang wurde der Berg vom japanischen Kaiser, dem Shogun oder der Regierung bewacht. Nur die Familie Honma nutzte den Berg lange Zeit. Narutaki-to wurde zum Sch\u00e4rfen und Polieren japanischer Schwerter verwendet, aber kleinere oder minderwertige Steine wurden auch f\u00fcr Kanna (japanische Mei\u00dfel), Hobel, Kamisori usw. verwendet.<\/p>\n\n\n\n<p>Ein nat\u00fcrlicher Schleifstein hat eine gr\u00f6\u00dfere Arbeitsskala als ein k\u00fcnstlicher, sodass wir das genaue Ergebnis erst kennen, wenn wir mit dem Sch\u00e4rfen fertig sind. Das Schleifmittel k\u00fcnstlicher Schleifsteine zerf\u00e4llt nicht in kleinere Gr\u00f6\u00dfen, und die nat\u00fcrlichen Partikel k\u00f6nnen in kleinere Gr\u00f6\u00dfen zerlegt werden, die mit dem Stahlabfall vermischt werden, um das richtige Jigane- und Hagane-Finish zu erzeugen.<\/p>","protected":false},"excerpt":{"rendered":"<ul>\n<li>Geeignet f\u00fcr die Endbearbeitung von Rasiermessern, Messern, Tischler- und anderen Werkzeugen.<\/li>\n<li>Abmessungen ca.: 144x84x28 mm<\/li>\n<li>Gewicht: 857 g<\/li>\n<li>H\u00e4rte: Lv 5<\/li>\n<li>Die Oberfl\u00e4che ist glatt und arbeitsbereit<\/li>\n<\/ul>","protected":false},"featured_media":2444,"comment_status":"open","ping_status":"closed","template":"","meta":[],"product_brand":[],"product_cat":[22],"product_tag":[40,275],"class_list":{"0":"post-2442","1":"product","2":"type-product","3":"status-publish","4":"has-post-thumbnail","6":"product_cat-jnats","7":"product_tag-awasedo","8":"product_tag-maruichi","9":"product_shipping_class-iprastas","11":"first","12":"outofstock","13":"shipping-taxable","14":"purchasable","15":"product-type-simple"},"_links":{"self":[{"href":"https:\/\/jnats.eu\/de\/wp-json\/wp\/v2\/product\/2442","targetHints":{"allow":["GET"]}}],"collection":[{"href":"https:\/\/jnats.eu\/de\/wp-json\/wp\/v2\/product"}],"about":[{"href":"https:\/\/jnats.eu\/de\/wp-json\/wp\/v2\/types\/product"}],"replies":[{"embeddable":true,"href":"https:\/\/jnats.eu\/de\/wp-json\/wp\/v2\/comments?post=2442"}],"wp:featuredmedia":[{"embeddable":true,"href":"https:\/\/jnats.eu\/de\/wp-json\/wp\/v2\/media\/2444"}],"wp:attachment":[{"href":"https:\/\/jnats.eu\/de\/wp-json\/wp\/v2\/media?parent=2442"}],"wp:term":[{"taxonomy":"product_brand","embeddable":true,"href":"https:\/\/jnats.eu\/de\/wp-json\/wp\/v2\/product_brand?post=2442"},{"taxonomy":"product_cat","embeddable":true,"href":"https:\/\/jnats.eu\/de\/wp-json\/wp\/v2\/product_cat?post=2442"},{"taxonomy":"product_tag","embeddable":true,"href":"https:\/\/jnats.eu\/de\/wp-json\/wp\/v2\/product_tag?post=2442"}],"curies":[{"name":"wp","href":"https:\/\/api.w.org\/{rel}","templated":true}]}}