{"id":2468,"date":"2024-05-03T11:12:03","date_gmt":"2024-05-03T08:12:03","guid":{"rendered":"http:\/\/jnats.eu\/?post_type=product&#038;p=2468"},"modified":"2025-09-09T08:41:05","modified_gmt":"2025-09-09T05:41:05","slug":"maruoyama-shin-ogami","status":"publish","type":"product","link":"https:\/\/jnats.eu\/de\/produkt-2\/maruoyama-shin-ogami\/","title":{"rendered":"Maruoyama Shin Ogami"},"content":{"rendered":"<p>Maruoyama Shin Ogami eignet sich zum Endsch\u00e4rfen aller Arten von Werkzeugen wie Messern, Hobeln, Mei\u00dfeln, Rasiermessern usw. Es l\u00e4sst sich leicht sch\u00e4rfen, l\u00e4sst sich schnell und gut bearbeiten und anschlie\u00dfend mit dem Werkzeug lange schneiden.<\/p>\n\n\n\n<p>Die Maruo-Mine liegt im Tanba-Gebirge. Der im Nordwesten der Stadt Kameoka gelegene Natursteinberg Nishimono ist relativ neu und der Abbau begann in der Meiji-\u00c4ra (Enddatum: 30. Juli 1912, Startdatum: 25. Januar 1868). Im Umkreis von 3 km um das Gel\u00e4nde befanden sich etwa 500 gro\u00dfe und kleine Haupt- und kombinierte Steineing\u00e4nge. Einer davon ist der Berg Maruo, wo die Familie Tatar derzeit Bergbau betreibt.<\/p>\n\n\n\n<p>Shoji der dritten Generation und Yozo der vierten Generation begannen 1970 mit dem Bergbau. Die Mine enth\u00e4lt die Suita- und Tomae-Schichten, die von Honguchi gebildet wurden, und noch heute werden hochwertige, geschliffene Steine abgebaut. Der Bergbau erfolgt vollst\u00e4ndig unter Tage, was heutzutage sehr selten ist.<\/p>","protected":false},"excerpt":{"rendered":"<ul>\n<li>Geeignet f\u00fcr die Endbearbeitung von Rasiermessern, Messern, Tischler- und anderen Werkzeugen.<\/li>\n<li>Abmessungen: 196x40x67 mm<\/li>\n<li>Gewicht: 1060 g<\/li>\n<li>H\u00e4rte: Lv 4<\/li>\n<li>Die Oberfl\u00e4che ist glatt und arbeitsbereit<\/li>\n<\/ul>","protected":false},"featured_media":2471,"comment_status":"open","ping_status":"closed","template":"","meta":[],"product_brand":[],"product_cat":[22],"product_tag":[233],"class_list":{"0":"post-2468","1":"product","2":"type-product","3":"status-publish","4":"has-post-thumbnail","6":"product_cat-jnats","7":"product_tag-maruoyama","8":"product_shipping_class-iprastas","10":"first","11":"instock","12":"sale","13":"shipping-taxable","14":"purchasable","15":"product-type-simple"},"_links":{"self":[{"href":"https:\/\/jnats.eu\/de\/wp-json\/wp\/v2\/product\/2468","targetHints":{"allow":["GET"]}}],"collection":[{"href":"https:\/\/jnats.eu\/de\/wp-json\/wp\/v2\/product"}],"about":[{"href":"https:\/\/jnats.eu\/de\/wp-json\/wp\/v2\/types\/product"}],"replies":[{"embeddable":true,"href":"https:\/\/jnats.eu\/de\/wp-json\/wp\/v2\/comments?post=2468"}],"wp:featuredmedia":[{"embeddable":true,"href":"https:\/\/jnats.eu\/de\/wp-json\/wp\/v2\/media\/2471"}],"wp:attachment":[{"href":"https:\/\/jnats.eu\/de\/wp-json\/wp\/v2\/media?parent=2468"}],"wp:term":[{"taxonomy":"product_brand","embeddable":true,"href":"https:\/\/jnats.eu\/de\/wp-json\/wp\/v2\/product_brand?post=2468"},{"taxonomy":"product_cat","embeddable":true,"href":"https:\/\/jnats.eu\/de\/wp-json\/wp\/v2\/product_cat?post=2468"},{"taxonomy":"product_tag","embeddable":true,"href":"https:\/\/jnats.eu\/de\/wp-json\/wp\/v2\/product_tag?post=2468"}],"curies":[{"name":"wp","href":"https:\/\/api.w.org\/{rel}","templated":true}]}}