{"id":2485,"date":"2024-05-03T12:03:57","date_gmt":"2024-05-03T09:03:57","guid":{"rendered":"http:\/\/jnats.eu\/?post_type=product&#038;p=2485"},"modified":"2024-05-04T11:06:23","modified_gmt":"2024-05-04T08:06:23","slug":"atago-awasedo-imanishi","status":"publish","type":"product","link":"https:\/\/jnats.eu\/de\/produkt-2\/atago-awasedo-imanishi\/","title":{"rendered":"Atago Awasedo Imanishi"},"content":{"rendered":"<p>Trotz seines unscheinbaren Aussehens ist die Verwendung des japanischen Schleifsteins Atago Awasedo Imanishi ein Vergn\u00fcgen. Die gro\u00dfen Abmessungen sorgen f\u00fcr ein \u00e4u\u00dferst stabiles Sch\u00e4rfgef\u00fchl und die Reinheit des Steins sorgt f\u00fcr gleichbleibende Ergebnisse ein Leben lang. Es ist ein \u201eArbeitstier\u201c, das einem professionellen Sch\u00e4rfer und Polierbegeisterten ein Leben lang halten kann. Der Stein ist stark, aber nicht so hart, dass er f\u00fcr weniger erfahrene Benutzer zu schwierig zu verwenden w\u00e4re. Mit einer seitlich oder mit einer Diamantplatte herausgezogenen Aufh\u00e4ngung werden 6K ziemlich schnell gel\u00f6scht. Synthetische Steine kratzen und hinterlassen ein angenehmes Kasumi, und mit einem sauberen Stein kann das Messer weiter verfeinert werden, um ein feines, gl\u00e4nzendes Finish zu erzielen. Dieser Stein eignet sich f\u00fcr alles, von Messern \u00fcber Werkzeuge bis hin zu Rasiermessern. Der Stein hat eine einheitliche graue Farbe mit schwacher Streifenbildung.<\/p>\n\n\n\n<p><strong>Atagoyama<\/strong><br>In dieser Mine werden Steine von Chu-ishi Naori abgebaut, die im Allgemeinen gro\u00df und sauber sind. Der Berg Atago wird oft als Zentrum des Schleifsteinabbaugebiets Kyotos bezeichnet.<\/p>","protected":false},"excerpt":{"rendered":"<ul>\n<li>Geeignet f\u00fcr die Bearbeitung von Messern, Scheren, Tischler- und anderen Werkzeugen.<\/li>\n<li>Abmessungen: 205x75x43 mm<\/li>\n<li>Gewicht: 1690 g<\/li>\n<li>H\u00e4rte: Lv 4<\/li>\n<li>Die Oberfl\u00e4che ist glatt und arbeitsbereit.<\/li>\n<li>Die Leitungen sind sicher.<\/li>\n<li>Wir empfehlen, mit warmem Wasser zu arbeiten, da kaltes Wasser die Geschwindigkeit und Reaktion beeintr\u00e4chtigt.<\/li>\n<\/ul>","protected":false},"featured_media":2490,"comment_status":"open","ping_status":"closed","template":"","meta":[],"product_brand":[],"product_cat":[22],"product_tag":[242,278,254],"class_list":{"0":"post-2485","1":"product","2":"type-product","3":"status-publish","4":"has-post-thumbnail","6":"product_cat-jnats","7":"product_tag-atago","8":"product_tag-atago-awasedo","9":"product_tag-imanishi","10":"product_shipping_class-iprastas","12":"first","13":"instock","14":"sale","15":"shipping-taxable","16":"purchasable","17":"product-type-simple"},"_links":{"self":[{"href":"https:\/\/jnats.eu\/de\/wp-json\/wp\/v2\/product\/2485","targetHints":{"allow":["GET"]}}],"collection":[{"href":"https:\/\/jnats.eu\/de\/wp-json\/wp\/v2\/product"}],"about":[{"href":"https:\/\/jnats.eu\/de\/wp-json\/wp\/v2\/types\/product"}],"replies":[{"embeddable":true,"href":"https:\/\/jnats.eu\/de\/wp-json\/wp\/v2\/comments?post=2485"}],"wp:featuredmedia":[{"embeddable":true,"href":"https:\/\/jnats.eu\/de\/wp-json\/wp\/v2\/media\/2490"}],"wp:attachment":[{"href":"https:\/\/jnats.eu\/de\/wp-json\/wp\/v2\/media?parent=2485"}],"wp:term":[{"taxonomy":"product_brand","embeddable":true,"href":"https:\/\/jnats.eu\/de\/wp-json\/wp\/v2\/product_brand?post=2485"},{"taxonomy":"product_cat","embeddable":true,"href":"https:\/\/jnats.eu\/de\/wp-json\/wp\/v2\/product_cat?post=2485"},{"taxonomy":"product_tag","embeddable":true,"href":"https:\/\/jnats.eu\/de\/wp-json\/wp\/v2\/product_tag?post=2485"}],"curies":[{"name":"wp","href":"https:\/\/api.w.org\/{rel}","templated":true}]}}