{"id":2501,"date":"2024-05-03T12:24:14","date_gmt":"2024-05-03T09:24:14","guid":{"rendered":"http:\/\/jnats.eu\/?post_type=product&#038;p=2501"},"modified":"2025-10-08T12:27:10","modified_gmt":"2025-10-08T09:27:10","slug":"narutaki-asagi-awasedo","status":"publish","type":"product","link":"https:\/\/jnats.eu\/de\/produkt-2\/narutaki-asagi-awasedo\/","title":{"rendered":"Narutaki Asagi Awasedo"},"content":{"rendered":"<p>Homogen und ideal geformt, eignet sich Narutaki Asagi Awasedo zum Sch\u00e4rfen aller Werkzeuge und zeichnet sich durch eine gute Arbeitsgeschwindigkeit und Gleichm\u00e4\u00dfigkeit aus.<\/p>\n\n\n\n<p><strong>Naruto (\u9cf4\u7027, \u9cf4\u6edd)<\/strong><br>Eine \u00f6stliche Mine, die Abschlusssteine produziert, die von Togishi f\u00fcr Jizuya sehr gesch\u00e4tzt werden. Interessanterweise wird derselbe Begriff h\u00e4ufig zur Beschreibung der Region verwendet, in der die Steine der \u00f6stlichen Minen abgebaut werden. Steine aus der Hon-Narutaki-Mine selbst sind heutzutage im Handel eher selten zu sehen.<\/p>","protected":false},"excerpt":{"rendered":"<ul>\n<li>Geeignet f\u00fcr die Endbearbeitung von Rasiermessern, Messern, Scheren, Tischlerei- und anderen Werkzeugen.<\/li>\n<li>Abmessungen: 205x76x44 mm<\/li>\n<li>Gewicht: 1697 g<\/li>\n<li>H\u00e4rte: Lv 4.8<\/li>\n<li>Beide Seiten sind einsatzbereit. In einem davon sind L\u00f6cher sichtbar <em>mit, was die Arbeit beschleunigt, aber f\u00fcr Rasierer wegen der M\u00f6glichkeit einer Besch\u00e4digung der empfindlichen Klingen nicht w\u00fcnschenswert ist.<\/em><\/li>\n<li>Wir empfehlen, mit warmem Wasser zu arbeiten, da kaltes Wasser die Geschwindigkeit und Reaktion beeintr\u00e4chtigt.<\/li>\n<\/ul>","protected":false},"featured_media":2502,"comment_status":"open","ping_status":"closed","template":"","meta":[],"product_brand":[],"product_cat":[22],"product_tag":[45,40,146],"class_list":{"0":"post-2501","1":"product","2":"type-product","3":"status-publish","4":"has-post-thumbnail","6":"product_cat-jnats","7":"product_tag-asagi","8":"product_tag-awasedo","9":"product_tag-narutaki","10":"product_shipping_class-iprastas","12":"first","13":"outofstock","14":"sale","15":"shipping-taxable","16":"purchasable","17":"product-type-simple"},"_links":{"self":[{"href":"https:\/\/jnats.eu\/de\/wp-json\/wp\/v2\/product\/2501","targetHints":{"allow":["GET"]}}],"collection":[{"href":"https:\/\/jnats.eu\/de\/wp-json\/wp\/v2\/product"}],"about":[{"href":"https:\/\/jnats.eu\/de\/wp-json\/wp\/v2\/types\/product"}],"replies":[{"embeddable":true,"href":"https:\/\/jnats.eu\/de\/wp-json\/wp\/v2\/comments?post=2501"}],"wp:featuredmedia":[{"embeddable":true,"href":"https:\/\/jnats.eu\/de\/wp-json\/wp\/v2\/media\/2502"}],"wp:attachment":[{"href":"https:\/\/jnats.eu\/de\/wp-json\/wp\/v2\/media?parent=2501"}],"wp:term":[{"taxonomy":"product_brand","embeddable":true,"href":"https:\/\/jnats.eu\/de\/wp-json\/wp\/v2\/product_brand?post=2501"},{"taxonomy":"product_cat","embeddable":true,"href":"https:\/\/jnats.eu\/de\/wp-json\/wp\/v2\/product_cat?post=2501"},{"taxonomy":"product_tag","embeddable":true,"href":"https:\/\/jnats.eu\/de\/wp-json\/wp\/v2\/product_tag?post=2501"}],"curies":[{"name":"wp","href":"https:\/\/api.w.org\/{rel}","templated":true}]}}