{"id":2509,"date":"2024-05-03T12:31:41","date_gmt":"2024-05-03T09:31:41","guid":{"rendered":"http:\/\/jnats.eu\/?post_type=product&#038;p=2509"},"modified":"2025-09-19T08:00:58","modified_gmt":"2025-09-19T05:00:58","slug":"narutaki-suita","status":"publish","type":"product","link":"https:\/\/jnats.eu\/de\/produkt-2\/narutaki-suita\/","title":{"rendered":"Naruto-Anzug"},"content":{"rendered":"<p>Homogen und ideal geformt, eignet sich Narutaki Suita zum Sch\u00e4rfen aller Werkzeuge und verf\u00fcgt \u00fcber eine mittlere Arbeitsgeschwindigkeit und Konsistenz.<\/p>\n\n\n\n<p><strong>Naruto (\u9cf4\u7027, \u9cf4\u6edd)<\/strong><br>Eine \u00f6stliche Mine, die Abschlusssteine produziert, die von Togishi f\u00fcr Jizuya sehr gesch\u00e4tzt werden. Interessanterweise wird derselbe Begriff h\u00e4ufig zur Beschreibung der Region verwendet, in der die Steine der \u00f6stlichen Minen abgebaut werden. Steine aus der Hon-Narutaki-Mine selbst sind heutzutage im Handel eher selten zu sehen.<\/p>","protected":false},"excerpt":{"rendered":"<ul>\n<li>Geeignet f\u00fcr die Bearbeitung von Messern, Scheren, Tischler- und anderen Werkzeugen.<\/li>\n<li>Abmessungen: 213x37x35 mm<\/li>\n<li>Gewicht: 677 g<\/li>\n<li>H\u00e4rte: Lv 4.8<\/li>\n<li>Gegl\u00e4ttet und einsatzbereit.<\/li>\n<li>Wir empfehlen, mit warmem Wasser zu arbeiten, da kaltes Wasser die Geschwindigkeit und Reaktion beeintr\u00e4chtigt.<\/li>\n<\/ul>","protected":false},"featured_media":2511,"comment_status":"open","ping_status":"closed","template":"","meta":[],"product_brand":[],"product_cat":[22],"product_tag":[146,50],"class_list":{"0":"post-2509","1":"product","2":"type-product","3":"status-publish","4":"has-post-thumbnail","6":"product_cat-jnats","7":"product_tag-narutaki","8":"product_tag-suita","9":"product_shipping_class-iprastas","11":"first","12":"outofstock","13":"sale","14":"shipping-taxable","15":"purchasable","16":"product-type-simple"},"_links":{"self":[{"href":"https:\/\/jnats.eu\/de\/wp-json\/wp\/v2\/product\/2509","targetHints":{"allow":["GET"]}}],"collection":[{"href":"https:\/\/jnats.eu\/de\/wp-json\/wp\/v2\/product"}],"about":[{"href":"https:\/\/jnats.eu\/de\/wp-json\/wp\/v2\/types\/product"}],"replies":[{"embeddable":true,"href":"https:\/\/jnats.eu\/de\/wp-json\/wp\/v2\/comments?post=2509"}],"wp:featuredmedia":[{"embeddable":true,"href":"https:\/\/jnats.eu\/de\/wp-json\/wp\/v2\/media\/2511"}],"wp:attachment":[{"href":"https:\/\/jnats.eu\/de\/wp-json\/wp\/v2\/media?parent=2509"}],"wp:term":[{"taxonomy":"product_brand","embeddable":true,"href":"https:\/\/jnats.eu\/de\/wp-json\/wp\/v2\/product_brand?post=2509"},{"taxonomy":"product_cat","embeddable":true,"href":"https:\/\/jnats.eu\/de\/wp-json\/wp\/v2\/product_cat?post=2509"},{"taxonomy":"product_tag","embeddable":true,"href":"https:\/\/jnats.eu\/de\/wp-json\/wp\/v2\/product_tag?post=2509"}],"curies":[{"name":"wp","href":"https:\/\/api.w.org\/{rel}","templated":true}]}}