{"id":2558,"date":"2024-05-05T09:44:49","date_gmt":"2024-05-05T06:44:49","guid":{"rendered":"http:\/\/jnats.eu\/?post_type=product&#038;p=2558"},"modified":"2024-07-19T15:51:05","modified_gmt":"2024-07-19T12:51:05","slug":"techninis-jaspis-jasma-rusiskas-naturalus-galandimo-akmuo-2","status":"publish","type":"product","link":"https:\/\/jnats.eu\/de\/produkt-2\/techninis-jaspis-jasma-rusiskas-naturalus-galandimo-akmuo-2\/","title":{"rendered":"Technischer Jaspis (Ja\u0161ma), russischer nat\u00fcrlicher Schleifstein"},"content":{"rendered":"<p>Technischer Jaspis (ja\u0161ma \u2013 \u044f\u0448\u043c\u0430) ist ein gr\u00fcner oder dunkelgr\u00fcner Schleifstein. Es handelt sich um eine der sekretorischen Sorten kristalliner Gesteine, die haupts\u00e4chlich aus Quarz, Chalcedon und Verunreinigungen anderer Mineralien (Epidot, Aktinolith, Chlorit, Glimmer, Pyrit, Eisen- und Manganoxide und -hydroxide) bestehen. Jaspis ist entweder sediment\u00e4ren oder vulkanischen Ursprungs. Ungef\u00e4hre Zusammensetzung von Jaspis: Quarz und Chalcedon (SiO2) 80-95%; Aluminiumoxid (Al2O3) und Eisenoxid (Fe2O3) bis 15 %; Calciumoxid (CaO) \u2013 3-6% (und andere). Es ist zu beachten, dass Quarz und Chalcedon die gleiche chemische Formel (SiO2) haben und sich nur im Aussehen voneinander unterscheiden.<\/p>\n\n\n\n<p>Industrieller Jaspis wird in Gebieten abgebaut, in denen flockiges oder geschichtetes Gestein vorkommt. Technischer Jaspis umfasst haupts\u00e4chlich Quarz und Chalcedon-Quarz, bei denen es sich um Sorten von geb\u00e4ndertem oder geb\u00e4ndertem Jaspis handelt. Am h\u00e4ufigsten hat diese Art von Jaspis eine gr\u00fcne Farbe, die in direktem Zusammenhang mit der Farbe des Schlamms steht, der von Unterwasservulkanen ausgesto\u00dfen wird. \u00dcber Millionen von Jahren brachen sie als Lava durch gro\u00dfe Mengen an Kiesels\u00e4ure aus, setzten sich dann als Kiesels\u00e4ure ab und durchliefen dann, ebenfalls \u00fcber Millionen von Jahren, einen Prozess der Rekristallisation. Jaspis kann auch sekund\u00e4ren Ursprungs aus biologischen Rohstoffen sein. Ein Beispiel sind versteinerte B\u00e4ume, die sich \u00fcber Millionen von Jahren in verschiedene Quarzformen, darunter auch Jaspis, verwandelt haben. Au\u00dferdem kann die sekund\u00e4re Bildung von Jaspis durch bestimmte Arten lebender Organismen erfolgen: Schw\u00e4mme, Algen usw.<\/p>\n\n\n\n<p>Im Gegensatz zu anderen Jaspisarten hat Industriejaspis eine viel h\u00f6here Dichte, da er normalerweise aus 80-90% Quarz und 10-15% Chlorit (einem glimmer\u00e4hnlichen Mineral aus der Unterklasse der Schichtsilikate) mit einer Beimischung von Epidot besteht. , Thiosit und Ton. Jaspis hat einen gek\u00e4mmten Bruch, der im Aussehen der Innenfl\u00e4che von Muscheln \u00e4hnelt. Neben dem gew\u00f6hnlichen Jaspis wird auch der gefleckte Jaspis als technischer Jaspis klassifiziert. Je nach Anzahl und Dichte der Flecken werden gefleckte Jaspisarten in verschiedene Typen eingeteilt: schwach gefleckt, dicht, flockig, gelb gefleckt usw. Gleichzeitig weist eine geringere Anzahl von Flecken auf eine gr\u00f6\u00dfere Gleichm\u00e4\u00dfigkeit des Jaspis hin, was in direktem Zusammenhang mit seiner Arbeitseffizienz steht.<\/p>\n\n\n\n<p><em>Je gleichm\u00e4\u00dfiger der Jaspis, desto besser ist die Qualit\u00e4t des Schleifsteins, desto sch\u00e4rfer ist die Linie und desto aggressiver ist der Messerschnitt nach dem Sch\u00e4rfen.<\/em><\/p>\n\n\n\n<p>In der Industrie wird technischer Jaspis haupts\u00e4chlich als Rohstoff sowie als Veredelungs- und Dekorationsstein verwendet. Tats\u00e4chlich werden die Edelsteine von niedrigster Qualit\u00e4t, die f\u00fcr Kunsthandwerk, Souvenirs und Tischgeschirr ungeeignet sind, als \u201etechnischer Jaspis\u201c bezeichnet. Daraus werden Bearbeitungssch\u00e4fte, Becher, St\u00fctzprismen f\u00fcr Messger\u00e4te usw. hergestellt. Diese Art von Jaspis zeichnet sich durch maximale Festigkeit, H\u00e4rte, Gleichm\u00e4\u00dfigkeit und vor allem die Wiederholbarkeit der Eigenschaften des in einer Lagerst\u00e4tte abgebauten Steins aus.<br>In Russland gibt es zahlreiche industrielle Jaspisvorkommen. Grauer und graugr\u00fcner Jaspis wird in der Lagerst\u00e4tte Kalkan abgebaut. Die Lagerst\u00e4tten Kushkuldinskoye, Anastasevskoye, Muldakaevskoye, Malomuinakovskoye und Naurazovskoye, in denen Jaspis in anderen Farbt\u00f6nen gefunden wird, gelten ebenfalls als recht gro\u00df. Im Ausland gibt es Vorkommen von Industriejaspis in Indien, Japan, Deutschland, Frankreich, Usbekistan und Tadschikistan.<\/p>\n\n\n\n<p>Beim Sch\u00e4rfen wird Industriejaspis als Finish- und Polierstein verwendet. Die h\u00f6chste Effizienz zeigt es bei der Arbeit mit Kohlenstoffstahl wie Aogami, Shirogami, R6M5, U7, 65G usw. Nach Jaspis erhalten sie eine gleichm\u00e4\u00dfig matte Oberfl\u00e4che mit aggressivem Schliff. Der Stein sch\u00e4rft auch Pulverst\u00e4hle RWL, CPM S 35VN, S30V, ELMAX mit einer H\u00e4rte von bis zu 63HRC. Der Stein ist f\u00fcr die Arbeit mit Fett konzipiert, kann aber auch mit Wasser arbeiten. Allerdings entsteht beim Arbeiten mit Wasser eine rauere Klingenoberfl\u00e4che als beim Arbeiten mit \u00d6l. Erfahrene Schleifer, die technischen Jaspis mit Washita oder Arkansas vergleichen, bemerken die feinere Bearbeitung dieser Steine und den sch\u00e4rferen Messerschnitt nach dem Sch\u00e4rfen. Das Messer mit technischem Jaspis-Schleiffinish sorgt f\u00fcr maximale Ergebnisse bei der Arbeit mit Holz, Fleisch und anderen dichten Materialien.<\/p>\n\n\n\n<p>Technischer Jaspis gilt nicht als seltener Stein, der nur von Sch\u00e4rfprofis erworben werden kann. Es ist ein h\u00e4ufiger und weithin verkaufter Stein. Jaspis wird sowohl in gro\u00dfen Rechtecken zum Handsch\u00e4rfen als auch in \u201eapexoiden\u201c St\u00fccken f\u00fcr Standard-Schleifmittelhalter verkauft. Nach einer langen Reise von mehreren Jahrhunderten gibt er seine Position immer noch nicht auf.<\/p>","protected":false},"excerpt":{"rendered":"<ul>\n<li>Abmessungen: 171x39x18 mm<\/li>\n<li>Gewicht: 322 g<\/li>\n<li>H\u00e4rte: Lv 5+++<\/li>\n<li>Geeignet zum Finishen von Rasierern, Messern und Werkzeugen.<\/li>\n<li>Der Stein ist sehr homogen, keine giftigen Linien.<\/li>\n<li>Beide Seiten sind einsatzbereit.<\/li>\n<li>Wird in der UdSSR als Alternative zu den durchscheinenden Arkansas-Steinen verwendet. Es empfiehlt sich, mit Fett zu arbeiten, es ist aber auch mit Wasser m\u00f6glich. Ein sehr, sehr langsam verschlei\u00dfender und daher schwer zu nivellierender Stein.<\/li>\n<\/ul>","protected":false},"featured_media":2561,"comment_status":"open","ping_status":"closed","template":"","meta":[],"product_brand":[],"product_cat":[22],"product_tag":[282],"class_list":{"0":"post-2558","1":"product","2":"type-product","3":"status-publish","4":"has-post-thumbnail","6":"product_cat-jnats","7":"product_tag-jaspis","8":"product_shipping_class-iprastas","10":"first","11":"outofstock","12":"shipping-taxable","13":"purchasable","14":"product-type-simple"},"_links":{"self":[{"href":"https:\/\/jnats.eu\/de\/wp-json\/wp\/v2\/product\/2558","targetHints":{"allow":["GET"]}}],"collection":[{"href":"https:\/\/jnats.eu\/de\/wp-json\/wp\/v2\/product"}],"about":[{"href":"https:\/\/jnats.eu\/de\/wp-json\/wp\/v2\/types\/product"}],"replies":[{"embeddable":true,"href":"https:\/\/jnats.eu\/de\/wp-json\/wp\/v2\/comments?post=2558"}],"wp:featuredmedia":[{"embeddable":true,"href":"https:\/\/jnats.eu\/de\/wp-json\/wp\/v2\/media\/2561"}],"wp:attachment":[{"href":"https:\/\/jnats.eu\/de\/wp-json\/wp\/v2\/media?parent=2558"}],"wp:term":[{"taxonomy":"product_brand","embeddable":true,"href":"https:\/\/jnats.eu\/de\/wp-json\/wp\/v2\/product_brand?post=2558"},{"taxonomy":"product_cat","embeddable":true,"href":"https:\/\/jnats.eu\/de\/wp-json\/wp\/v2\/product_cat?post=2558"},{"taxonomy":"product_tag","embeddable":true,"href":"https:\/\/jnats.eu\/de\/wp-json\/wp\/v2\/product_tag?post=2558"}],"curies":[{"name":"wp","href":"https:\/\/api.w.org\/{rel}","templated":true}]}}