{"id":2567,"date":"2024-05-05T10:13:50","date_gmt":"2024-05-05T07:13:50","guid":{"rendered":"http:\/\/jnats.eu\/?post_type=product&#038;p=2567"},"modified":"2024-06-29T15:55:34","modified_gmt":"2024-06-29T12:55:34","slug":"charnley-forest-naturalus-britiskas-galandimo-akmuo","status":"publish","type":"product","link":"https:\/\/jnats.eu\/de\/produkt-2\/charnley-forest-naturalus-britiskas-galandimo-akmuo\/","title":{"rendered":"Charnley Forest Nat\u00fcrlicher britischer Schleifstein"},"content":{"rendered":"<p>Der nat\u00fcrliche britische Schleifstein von Charnley Forest ist sehr hart und sehr fein und eignet sich daher perfekt zum Sch\u00e4rfen von Rasiermessern. Charnley Forest ist novakulit und \u00e4hnelt den Gesteinen von Arkansas. Wir empfehlen das Arbeiten mit Fett, aber auch Wasser ist m\u00f6glich.<\/p>\n\n\n\n<p>In einer Holzkiste, aus der sich der Stein leicht entnehmen l\u00e4sst. Die braunen Linien sind etwas rauer als der Rest der Oberfl\u00e4che.<\/p>","protected":false},"excerpt":{"rendered":"<ul>\n<li>Abmessungen ca.: 285x48x30 mm<\/li>\n<li>Gewicht ohne Karton: 986 g<\/li>\n<li>Gewicht mit Box: 1657 g<\/li>\n<li>H\u00e4rte: Lv 5<\/li>\n<li>Geeignet zum Finishen von Messern und Werkzeugen. Auch das Vermeiden brauner Flecken kann das Rasieren beenden.<\/li>\n<li>Wir empfehlen das Arbeiten mit Fett, aber auch Wasser ist m\u00f6glich.<\/li>\n<\/ul>","protected":false},"featured_media":2569,"comment_status":"open","ping_status":"closed","template":"","meta":[],"product_brand":[],"product_cat":[22],"product_tag":[284],"class_list":{"0":"post-2567","1":"product","2":"type-product","3":"status-publish","4":"has-post-thumbnail","6":"product_cat-jnats","7":"product_tag-charnley-forest","8":"product_shipping_class-iprastas","10":"first","11":"outofstock","12":"shipping-taxable","13":"purchasable","14":"product-type-simple"},"_links":{"self":[{"href":"https:\/\/jnats.eu\/de\/wp-json\/wp\/v2\/product\/2567","targetHints":{"allow":["GET"]}}],"collection":[{"href":"https:\/\/jnats.eu\/de\/wp-json\/wp\/v2\/product"}],"about":[{"href":"https:\/\/jnats.eu\/de\/wp-json\/wp\/v2\/types\/product"}],"replies":[{"embeddable":true,"href":"https:\/\/jnats.eu\/de\/wp-json\/wp\/v2\/comments?post=2567"}],"wp:featuredmedia":[{"embeddable":true,"href":"https:\/\/jnats.eu\/de\/wp-json\/wp\/v2\/media\/2569"}],"wp:attachment":[{"href":"https:\/\/jnats.eu\/de\/wp-json\/wp\/v2\/media?parent=2567"}],"wp:term":[{"taxonomy":"product_brand","embeddable":true,"href":"https:\/\/jnats.eu\/de\/wp-json\/wp\/v2\/product_brand?post=2567"},{"taxonomy":"product_cat","embeddable":true,"href":"https:\/\/jnats.eu\/de\/wp-json\/wp\/v2\/product_cat?post=2567"},{"taxonomy":"product_tag","embeddable":true,"href":"https:\/\/jnats.eu\/de\/wp-json\/wp\/v2\/product_tag?post=2567"}],"curies":[{"name":"wp","href":"https:\/\/api.w.org\/{rel}","templated":true}]}}