{"id":2580,"date":"2025-04-02T11:16:59","date_gmt":"2025-04-02T08:16:59","guid":{"rendered":"http:\/\/jnats.eu\/?post_type=product&#038;p=2580"},"modified":"2025-09-30T12:24:17","modified_gmt":"2025-09-30T09:24:17","slug":"mikawa-nagura-asano","status":"publish","type":"product","link":"https:\/\/jnats.eu\/de\/produkt-2\/mikawa-nagura-asano\/","title":{"rendered":"Asano Mikawa Nagura"},"content":{"rendered":"<p>Wie andere Naguras wird Mikawa Asano traditionell zur Herstellung einer Schleifpaste auf einem nat\u00fcrlichen Schleifstein verwendet. Der Unterschied zu anderen ist hon. Asano ist ein Versuch, ein kostenloses Bewertungssystem zu schaffen, das es dem Benutzer erm\u00f6glicht, einen Sch\u00e4rfungsverlauf von grob bis fein zu w\u00e4hlen. <\/p>\n\n\n\n<p>Tats\u00e4chlich reicht eine einzige Runde zum Sch\u00e4rfen aus, da die nat\u00fcrlichen Schleifpartikel beim Sch\u00e4rfen zerfallen und feiner werden. Bei Bedarf kann die Aufh\u00e4ngung mit demselben Mikawa Nagura erneut erstellt werden.  <\/p>\n\n\n\n<p>Die Ausnahme von der Regel ist Muchi. Letzteres kann in manchen F\u00e4llen zu rau sein und es ist nicht ratsam, es f\u00fcr Rasierer zu verwenden. <\/p>\n\n\n\n<p>Diese Art von Stein wird in der Mine Junmikawa Shiro im Bezirk Kitashitara der Pr\u00e4fektur Aichi abgebaut. Das dort gefundene Gestein besteht je nach Ausgrabungsgebiet aus 10 bis 12 Schichten. Von diesen Schichten sind 8 verwendbar und 4 davon sind die beliebtesten. Bereiche mit 12 nutzbaren Schichten umfassen zwei verschiedene Tenjyo-Schichten sowie Yae Botan und Botan, die sich sehr \u00e4hneln. Wie bei allen japanischen Natursteinen kann jedes einzelne Exemplar variieren. <\/p>\n\n\n\n<p>Mikawa Nagura wird wie folgt vom gr\u00f6bsten zum feinsten sortiert: <strong>Mushi [\u30e0\u30b7] &gt; Ban [\u30d0\u30f3] &gt; Atsu [\u30a2\u30c4] &gt; Yae Botan [\u516b\u91cd\u30dc\u30bf\u30f3] &gt; Botan [\u30dc\u30bf\u30f3] &gt; Tenjyo [\u5929\u4e0a] &gt; Mejiro [\u76ee\u767d] &gt; Koma [\u30b3\u30de]<\/strong><\/p>\n\n\n\n<p>Asano Mikawa nagura werden nach ihrer Arbeitsgeschwindigkeit wie folgt eingeteilt:<strong> Ban &gt; Koma &gt; Yae Botan &gt; Botan &gt; Atsu &gt;Tenjo &gt; Mejiro.<\/strong><\/p>\n\n\n\n<p>Die Aufschl\u00fcsselung entspricht nicht immer genau der Realit\u00e4t, da jeder Naturstein einzigartig ist und leicht unterschiedliche Eigenschaften aufweist, aber in den meisten F\u00e4llen ist sie zutreffend. <\/p>\n\n\n\n<p>Nach dem Nagur wird das Sch\u00e4rfen normalerweise auf demselben sauberen Stein durchgef\u00fchrt, der als Basis diente. Manche beenden den Sch\u00e4rfvorgang von Rasierern mit einer fl\u00fcssigen Suspension und erreichen auf diese Weise eine schonende und sichere Rasur, denn dann wird die Klinge nicht aggressiv zur Haut, sondern schneidet die Haare.<\/p>\n\n\n\n<figure class=\"wp-block-embed is-type-video is-provider-youtube wp-block-embed-youtube wp-embed-aspect-16-9 wp-has-aspect-ratio\"><div class=\"wp-block-embed__wrapper\">\n<div class=\"video-container\"><iframe title=\"Asano Mikawa Nagura\" width=\"1170\" height=\"658\" src=\"https:\/\/www.youtube.com\/embed\/uzbRmb6lzcI?feature=oembed\" frameborder=\"0\" allow=\"accelerometer; autoplay; clipboard-write; encrypted-media; gyroscope; picture-in-picture; web-share\" referrerpolicy=\"strict-origin-when-cross-origin\" allowfullscreen><\/iframe><\/div>\n<\/div><\/figure>","protected":false},"excerpt":{"rendered":"<ol>\n<li><strong>Botan [botan] \u2013 200 g. 85 \u20ac<\/strong><\/li>\n<li><strong>Botan [botan] \u2013 130 g. 65 \u20ac<\/strong><\/li>\n<li><strong>Botan [botan] \u2013 100 g. 45 \u20ac<\/strong><\/li>\n<li><strong>Botan [botan] \u2013 110 g. 50 \u20ac<\/strong><\/li>\n<li><strong>Botan [botan] \u2013 196 g. 82 \u20ac<\/strong><\/li>\n<li><strong>Mejiro [\u76ee\u767d] \u2013 225 g. 100 \u20ac<\/strong><\/li>\n<li><strong>Mejiro [\u76ee\u767d] \u2013 124 g. 60 \u20ac<\/strong><\/li>\n<li><strong>Tenjyo [\u5929\u4e0a] \u2013 120 g. 58 \u20ac<\/strong><\/li>\n<li><strong>Tenjyo [\u5929\u4e0a] \u2013 115 g. 52 \u20ac\u00a0<\/strong><\/li>\n<li><strong>Komma [\u30b3\u30de] \u2013 107 g. 80 \u20ac<\/strong><\/li>\n<li><strong>Koma [\u30b3\u30de] \u2013 105 g. 79 \u20ac <\/strong><strong>\u00a0<\/strong><\/li>\n<li><strong>Koma [\u30b3\u30de] \u2013 166 g. 150 \u20ac<\/strong><\/li>\n<\/ol>\n<p><span style=\"color: #993300;\"><strong>Wenn Sie den Artikel nicht in der Dropdown-Liste sehen, bedeutet dies, dass er verkauft ist.<\/strong><\/span><\/p>","protected":false},"featured_media":4271,"comment_status":"open","ping_status":"closed","template":"","meta":[],"product_brand":[],"product_cat":[22],"product_tag":[285,151,153],"class_list":{"0":"post-2580","1":"product","2":"type-product","3":"status-publish","4":"has-post-thumbnail","6":"product_cat-jnats","7":"product_tag-asano","8":"product_tag-mikawa","9":"product_tag-nagura","10":"product_shipping_class-light","12":"first","13":"outofstock","14":"shipping-taxable","15":"product-type-variable"},"_links":{"self":[{"href":"https:\/\/jnats.eu\/de\/wp-json\/wp\/v2\/product\/2580","targetHints":{"allow":["GET"]}}],"collection":[{"href":"https:\/\/jnats.eu\/de\/wp-json\/wp\/v2\/product"}],"about":[{"href":"https:\/\/jnats.eu\/de\/wp-json\/wp\/v2\/types\/product"}],"replies":[{"embeddable":true,"href":"https:\/\/jnats.eu\/de\/wp-json\/wp\/v2\/comments?post=2580"}],"wp:featuredmedia":[{"embeddable":true,"href":"https:\/\/jnats.eu\/de\/wp-json\/wp\/v2\/media\/4271"}],"wp:attachment":[{"href":"https:\/\/jnats.eu\/de\/wp-json\/wp\/v2\/media?parent=2580"}],"wp:term":[{"taxonomy":"product_brand","embeddable":true,"href":"https:\/\/jnats.eu\/de\/wp-json\/wp\/v2\/product_brand?post=2580"},{"taxonomy":"product_cat","embeddable":true,"href":"https:\/\/jnats.eu\/de\/wp-json\/wp\/v2\/product_cat?post=2580"},{"taxonomy":"product_tag","embeddable":true,"href":"https:\/\/jnats.eu\/de\/wp-json\/wp\/v2\/product_tag?post=2580"}],"curies":[{"name":"wp","href":"https:\/\/api.w.org\/{rel}","templated":true}]}}