{"id":2618,"date":"2024-05-08T13:30:08","date_gmt":"2024-05-08T10:30:08","guid":{"rendered":"http:\/\/jnats.eu\/?post_type=product&#038;p=2618"},"modified":"2024-08-26T19:59:17","modified_gmt":"2024-08-26T16:59:17","slug":"surgical-black-arkansas-amerikietiskas-galandinimo-akmuo","status":"publish","type":"product","link":"https:\/\/jnats.eu\/de\/produkt-2\/surgical-black-arkansas-amerikietiskas-galandinimo-akmuo\/","title":{"rendered":"Chirurgischer schwarzer Arkansas-amerikanischer Schleifstein"},"content":{"rendered":"<p>Der Surgical Black Arkansas Schleifstein hat eine K\u00f6rnung von ca. 4000\u20136000. Wie der Name schon sagt, entsteht eine sehr scharfe Klinge, \u00e4hnlich einem Skalpell. Lang und breit genug f\u00fcr alle Sch\u00e4rfaufgaben, von K\u00fcchenmessern \u00fcber verschiedene Holzbearbeitungswerkzeuge bis hin zu Rasiermessern. Zur Aufbewahrung und zum Transport befindet sich der Stein in einer separaten Holzkiste.<\/p>\n\n\n\n<p><br>Bei der Arbeit mit allen Arkansas-Steinen verwenden Sie am besten Mineral\u00f6l, Baby\u00f6l, spezielles Sch\u00e4rf\u00f6l oder Oliven\u00f6l. Tragen Sie ein paar Tropfen auf die Oberfl\u00e4che des Steins auf, um ein Verstopfen zu verhindern, die Reibung beim Sch\u00e4rfen zu verringern und den Stein sauber zu halten. Wasser kann auch verwendet werden, Fett ergibt jedoch ein etwas besseres Ergebnis. Auch die Reinigung des Steins wird durch die Verwendung von Wasser etwas erschwert. Vor allem, wenn Sie zuvor einen Stein mit \u00d6l verwendet haben.<\/p>\n\n\n\n<p>Diese Natursteine sind sehr hart und m\u00fcssen nicht so oft geschliffen werden wie die meisten synthetischen Steine. <\/p>","protected":false},"excerpt":{"rendered":"<ul>\n<li>Abmessungen ca.: 103x49x13 mm<\/li>\n<li>Gewicht ohne Karton: 357 g<\/li>\n<li>Gewicht mit Box: 606 g<\/li>\n<li>H\u00e4rte: Lv 5<\/li>\n<li>Geeignet zum Finishen von Rasierern, Messern und Werkzeugen.<\/li>\n<li>Wir empfehlen das Arbeiten mit Fett, aber auch Wasser ist m\u00f6glich.<\/li>\n<\/ul>","protected":false},"featured_media":2622,"comment_status":"open","ping_status":"closed","template":"","meta":[],"product_brand":[],"product_cat":[22],"product_tag":[288,286,287],"class_list":{"0":"post-2618","1":"product","2":"type-product","3":"status-publish","4":"has-post-thumbnail","6":"product_cat-jnats","7":"product_tag-arkansas","8":"product_tag-black","9":"product_tag-surgical","10":"product_shipping_class-iprastas","12":"first","13":"outofstock","14":"shipping-taxable","15":"purchasable","16":"product-type-simple"},"_links":{"self":[{"href":"https:\/\/jnats.eu\/de\/wp-json\/wp\/v2\/product\/2618","targetHints":{"allow":["GET"]}}],"collection":[{"href":"https:\/\/jnats.eu\/de\/wp-json\/wp\/v2\/product"}],"about":[{"href":"https:\/\/jnats.eu\/de\/wp-json\/wp\/v2\/types\/product"}],"replies":[{"embeddable":true,"href":"https:\/\/jnats.eu\/de\/wp-json\/wp\/v2\/comments?post=2618"}],"wp:featuredmedia":[{"embeddable":true,"href":"https:\/\/jnats.eu\/de\/wp-json\/wp\/v2\/media\/2622"}],"wp:attachment":[{"href":"https:\/\/jnats.eu\/de\/wp-json\/wp\/v2\/media?parent=2618"}],"wp:term":[{"taxonomy":"product_brand","embeddable":true,"href":"https:\/\/jnats.eu\/de\/wp-json\/wp\/v2\/product_brand?post=2618"},{"taxonomy":"product_cat","embeddable":true,"href":"https:\/\/jnats.eu\/de\/wp-json\/wp\/v2\/product_cat?post=2618"},{"taxonomy":"product_tag","embeddable":true,"href":"https:\/\/jnats.eu\/de\/wp-json\/wp\/v2\/product_tag?post=2618"}],"curies":[{"name":"wp","href":"https:\/\/api.w.org\/{rel}","templated":true}]}}