{"id":2623,"date":"2024-05-08T13:41:39","date_gmt":"2024-05-08T10:41:39","guid":{"rendered":"http:\/\/jnats.eu\/?post_type=product&#038;p=2623"},"modified":"2024-11-19T14:20:29","modified_gmt":"2024-11-19T12:20:29","slug":"translucent-hard-arkansas-ir-whale-oil-stone-mini-akmenu-komplektas","status":"publish","type":"product","link":"https:\/\/jnats.eu\/de\/produkt-2\/translucent-hard-arkansas-ir-whale-oil-stone-mini-akmenu-komplektas\/","title":{"rendered":"Mini-Steinset aus durchscheinendem Hartstein aus Arkansas und Wal\u00f6l"},"content":{"rendered":"<p>Der Hart-Arkansas-Schleifstein hat eine K\u00f6rnung von etwa 10.000. Dadurch erhalten Sie eine sehr scharfe Klinge. <\/p>\n\n\n\n<p>Bei der Arbeit mit allen Arkansas-Steinen verwenden Sie am besten Mineral\u00f6l, Baby\u00f6l, spezielles Sch\u00e4rf\u00f6l oder Oliven\u00f6l. Tragen Sie ein paar Tropfen auf die Oberfl\u00e4che des Steins auf, um ein Verstopfen zu verhindern, die Reibung beim Sch\u00e4rfen zu verringern und den Stein sauber zu halten. Wasser kann auch verwendet werden, Fett ergibt jedoch ein etwas besseres Ergebnis. Auch die Reinigung des Steins wird durch die Verwendung von Wasser etwas erschwert. Vor allem, wenn Sie zuvor einen Stein mit \u00d6l verwendet haben.<\/p>\n\n\n\n<p>Diese Natursteine sind sehr hart und m\u00fcssen nicht so oft geschliffen werden wie die meisten synthetischen Steine.<\/p>\n\n\n\n<p>Wal\u00f6lstein mit einer K\u00f6rnung von ca. 3000. Mit Fett arbeiten.<\/p>","protected":false},"excerpt":{"rendered":"<p><strong>Durchscheinendes hartes Arkansas<\/strong><\/p>\n<ul>\n<li>Abmessungen: 99x25x12 mm<\/li>\n<li>Gewicht: 83 g<\/li>\n<li>H\u00e4rte: Lv 5<\/li>\n<li>Geeignet zum Finishen von Rasierern, Messern und Werkzeugen.<\/li>\n<li>Wir empfehlen das Arbeiten mit Fett, aber auch Wasser ist m\u00f6glich.<\/li>\n<\/ul>\n<p><strong>Wal\u00f6lstein<\/strong><\/p>\n<ul>\n<li>Abmessungen: 103x21x13 mm<\/li>\n<li>Gewicht: 79 g<\/li>\n<li>K\u00f6rnung: #3000<\/li>\n<li>Geeignet zum Sch\u00e4rfen von Rasierern, Messern und Werkzeugen.<\/li>\n<li>Wir empfehlen, mit Fett zu arbeiten.<\/li>\n<\/ul>\n<p>&nbsp;<\/p>","protected":false},"featured_media":2624,"comment_status":"open","ping_status":"closed","template":"","meta":[],"product_brand":[],"product_cat":[22],"product_tag":[288,289],"class_list":{"0":"post-2623","1":"product","2":"type-product","3":"status-publish","4":"has-post-thumbnail","6":"product_cat-jnats","7":"product_tag-arkansas","8":"product_tag-translucent-hard-arkansas","9":"product_shipping_class-iprastas","11":"first","12":"outofstock","13":"shipping-taxable","14":"purchasable","15":"product-type-simple"},"_links":{"self":[{"href":"https:\/\/jnats.eu\/de\/wp-json\/wp\/v2\/product\/2623","targetHints":{"allow":["GET"]}}],"collection":[{"href":"https:\/\/jnats.eu\/de\/wp-json\/wp\/v2\/product"}],"about":[{"href":"https:\/\/jnats.eu\/de\/wp-json\/wp\/v2\/types\/product"}],"replies":[{"embeddable":true,"href":"https:\/\/jnats.eu\/de\/wp-json\/wp\/v2\/comments?post=2623"}],"wp:featuredmedia":[{"embeddable":true,"href":"https:\/\/jnats.eu\/de\/wp-json\/wp\/v2\/media\/2624"}],"wp:attachment":[{"href":"https:\/\/jnats.eu\/de\/wp-json\/wp\/v2\/media?parent=2623"}],"wp:term":[{"taxonomy":"product_brand","embeddable":true,"href":"https:\/\/jnats.eu\/de\/wp-json\/wp\/v2\/product_brand?post=2623"},{"taxonomy":"product_cat","embeddable":true,"href":"https:\/\/jnats.eu\/de\/wp-json\/wp\/v2\/product_cat?post=2623"},{"taxonomy":"product_tag","embeddable":true,"href":"https:\/\/jnats.eu\/de\/wp-json\/wp\/v2\/product_tag?post=2623"}],"curies":[{"name":"wp","href":"https:\/\/api.w.org\/{rel}","templated":true}]}}