{"id":265,"date":"2024-02-27T11:59:19","date_gmt":"2024-02-27T09:59:19","guid":{"rendered":"http:\/\/jnats.eu\/?post_type=product&#038;p=265"},"modified":"2025-09-03T00:47:47","modified_gmt":"2025-09-02T21:47:47","slug":"suite-von-momiji-tomono","status":"publish","type":"product","link":"https:\/\/jnats.eu\/de\/produkt-2\/suite-von-momiji-tomono\/","title":{"rendered":"Suita Momiji Tomono Japanischer nat\u00fcrlicher Schleifstein"},"content":{"rendered":"<p>Der japanische Sch\u00e4rfstein Suita Momiji Tomono bringt das Beste aus den Messern heraus.<\/p>\n\n\n\n<p>Verbessern Sie Ihre Sch\u00e4rferfahrung mit dem Suita Momiji Tomono Japanese Sharpening Stone, einem exklusiven Werkzeug, das entwickelt wurde, um Klingen mit unvergleichlicher Pr\u00e4zision zu sch\u00e4rfen. Der sorgf\u00e4ltig ausgew\u00e4hlte und fachm\u00e4nnisch gefertigte Suita-Stein wird von Enthusiasten und Profis gleicherma\u00dfen f\u00fcr seine au\u00dfergew\u00f6hnlichen Qualit\u00e4ten, insbesondere seine Schnelligkeit, verehrt.<\/p>\n\n\n\n<p><strong>Wesentliche Merkmale:<\/strong><\/p>\n\n\n\n<p>Glatter Schliff und Vielseitigkeit: Der Suita-Stein zeichnet sich durch eine gleichm\u00e4\u00dfige K\u00f6rnung aus. Egal, ob Sie die Stumpfheit einer Messerklinge reproduzieren oder die Sch\u00e4rfe anderer Werkzeuge verbessern wollen, dieser Stein passt sich leicht an Ihre Sch\u00e4rfbed\u00fcrfnisse an.<\/p>\n\n\n\n<p>Nat\u00fcrliche Zusammensetzung: Der Suita-Stein, der aus der reichen geologischen Landschaft Japans stammt, ist ein Naturwunder mit einer einzigartigen Zusammensetzung, die ihn auszeichnet. Seine mineralreiche Struktur tr\u00e4gt dazu bei, dass der Stein scharfe Kanten und eine spiegelnde Oberfl\u00e4che auf den Klingen erzeugen kann.<\/p>\n\n\n\n<p>Vielseitig: Der Suita Stein ist ideal zum Sch\u00e4rfen von K\u00fcchenmessern, Holzbearbeitungswerkzeugen, Rasiermessern und vielem mehr. Seine Vielseitigkeit macht ihn zu einem unverzichtbaren Begleiter f\u00fcr K\u00fcchenprofis und Amateure, die bei ihrer Arbeit auf h\u00f6chste Pr\u00e4zision achten.<\/p>\n\n\n\n<p>Professionelle Handwerkskunst: Jeder Suita-Stein wird sorgf\u00e4ltig hergestellt, um Gleichm\u00e4\u00dfigkeit und Konsistenz zu gew\u00e4hrleisten. Die Haltbarkeit und Langlebigkeit des Steins machen ihn zu einer sinnvollen Investition f\u00fcr alle, die Wert auf hervorragende Messerpflege legen.<\/p>\n\n\n\n<p>Einfache Anwendung: Der Suita-Stein ist praktisch, auch f\u00fcr diejenigen, die anfangen, selbst zu sch\u00e4rfen. Seine Zusammensetzung erm\u00f6glicht ein effizientes Schleifen des Metalls, verhindert Verstopfungen und sorgt f\u00fcr ein gleichm\u00e4\u00dfiges Sch\u00e4rfen.<\/p>\n\n\n\n<p>Pflege- und Gebrauchsanweisung:<\/p>\n\n\n\n<p>Um die Lebensdauer und Wirksamkeit des Suita-Steins zu maximieren, wird empfohlen, mit warmem Wasser zu arbeiten. <\/p>\n\n\n\n<p>Verbessern Sie Ihre Sch\u00e4rfrituale mit dem japanischen Suita-Sch\u00e4rfstein - wo Tradition auf Pr\u00e4zision trifft. Investieren Sie in Handwerkskunst und genie\u00dfen Sie Messersch\u00e4rfe und Haltbarkeit wie nie zuvor.<\/p>\n\n\n\n<figure class=\"wp-block-embed is-type-video is-provider-youtube wp-block-embed-youtube wp-embed-aspect-16-9 wp-has-aspect-ratio\"><div class=\"wp-block-embed__wrapper\">\n<div class=\"video-container\"><iframe title=\"Japanische Natursch\u00e4rfsteine: Aiwatani, Wakasa, Suita Momiji Tomono Schleifsteine\" width=\"1170\" height=\"658\" src=\"https:\/\/www.youtube.com\/embed\/l3u342Q8jTo?start=501&#038;feature=oembed\" frameborder=\"0\" allow=\"accelerometer; autoplay; clipboard-write; encrypted-media; gyroscope; picture-in-picture; web-share\" referrerpolicy=\"strict-origin-when-cross-origin\" allowfullscreen><\/iframe><\/div>\n<\/div><\/figure>\n\n\n\n<p>Die wichtigsten Vorteile der nat\u00fcrlichen japanischen Sch\u00e4rfsteine:<\/p>\n\n\n\n<ul class=\"wp-block-list\">\n<li>Werkzeuge bleiben l\u00e4nger scharf<\/li>\n\n\n\n<li>Die Steine werden nicht mit Metallabf\u00e4llen kontaminiert<\/li>\n\n\n\n<li>Einfacher Ausbau des Absperrschiebers<\/li>\n\n\n\n<li>Eine erstaunliche Reaktion, die es Ihnen erm\u00f6glicht, genau zu sp\u00fcren, was auf der Metalloberfl\u00e4che passiert.<\/li>\n<\/ul>","protected":false},"excerpt":{"rendered":"<ul>\n<li><strong>H\u00e4rte: Lv 4,5<\/strong><\/li>\n<li><strong>Abmessungen: 207x78x47 mm<\/strong><\/li>\n<li><strong>Gewicht: 1850 g<\/strong><\/li>\n<li><strong>Die sichtbaren Linien sind v\u00f6llig ungef\u00e4hrlich und beeintr\u00e4chtigen das Sch\u00e4rfen in keiner Weise.<\/strong><\/li>\n<li>Ein ultraschneller, sauberer Stein mit einer homogenen Textur und einer Gr\u00f6\u00dfe, die f\u00fcr mehrere Generationen ausreicht. Geeignet f\u00fcr das Sch\u00e4rfen von Messern, Tischlerei und andere Werkzeuge. F\u00fcr Rasiermesser ist er ein Refiner. Wie die meisten japanischen Natursteine gew\u00e4hrleistet dieser Suita eine lange Lebensdauer der Klinge und eine gute Sch\u00e4rfe.<\/li>\n<\/ul>","protected":false},"featured_media":1172,"comment_status":"open","ping_status":"closed","template":"","meta":[],"product_brand":[],"product_cat":[22],"product_tag":[62,50,63],"class_list":{"0":"post-265","1":"product","2":"type-product","3":"status-publish","4":"has-post-thumbnail","6":"product_cat-jnats","7":"product_tag-momiji","8":"product_tag-suita","9":"product_tag-tomono","10":"product_shipping_class-iprastas","12":"first","13":"outofstock","14":"sale","15":"shipping-taxable","16":"purchasable","17":"product-type-simple"},"_links":{"self":[{"href":"https:\/\/jnats.eu\/de\/wp-json\/wp\/v2\/product\/265","targetHints":{"allow":["GET"]}}],"collection":[{"href":"https:\/\/jnats.eu\/de\/wp-json\/wp\/v2\/product"}],"about":[{"href":"https:\/\/jnats.eu\/de\/wp-json\/wp\/v2\/types\/product"}],"replies":[{"embeddable":true,"href":"https:\/\/jnats.eu\/de\/wp-json\/wp\/v2\/comments?post=265"}],"wp:featuredmedia":[{"embeddable":true,"href":"https:\/\/jnats.eu\/de\/wp-json\/wp\/v2\/media\/1172"}],"wp:attachment":[{"href":"https:\/\/jnats.eu\/de\/wp-json\/wp\/v2\/media?parent=265"}],"wp:term":[{"taxonomy":"product_brand","embeddable":true,"href":"https:\/\/jnats.eu\/de\/wp-json\/wp\/v2\/product_brand?post=265"},{"taxonomy":"product_cat","embeddable":true,"href":"https:\/\/jnats.eu\/de\/wp-json\/wp\/v2\/product_cat?post=265"},{"taxonomy":"product_tag","embeddable":true,"href":"https:\/\/jnats.eu\/de\/wp-json\/wp\/v2\/product_tag?post=265"}],"curies":[{"name":"wp","href":"https:\/\/api.w.org\/{rel}","templated":true}]}}