{"id":2650,"date":"2024-05-13T08:02:41","date_gmt":"2024-05-13T05:02:41","guid":{"rendered":"http:\/\/jnats.eu\/?post_type=product&#038;p=2650"},"modified":"2025-06-05T08:27:12","modified_gmt":"2025-06-05T05:27:12","slug":"naniwa-super-stone-s2000-wa-with-stand-grit-2000","status":"publish","type":"product","link":"https:\/\/jnats.eu\/de\/produkt-2\/naniwa-super-stone-s2000-wa-with-stand-grit-2000\/","title":{"rendered":"Naniwa Super Stone S2000 WA mit St\u00e4nderk\u00f6rnung #2000"},"content":{"rendered":"<ul class=\"wp-block-list\">\n<li>Zur Verwendung bei nachlassender Klingensch\u00e4rfe oder zur t\u00e4glichen Wartung. Wird besonders von Rasierklingensch\u00e4rfern wegen seiner schonenden Arbeitsweise gesch\u00e4tzt. Auch zum Sch\u00e4rfen von spr\u00f6dem Stahl geeignet. Die weiche Bindung macht ihn viel feiner als harte Steine der gleichen K\u00f6rnung.&nbsp;<\/li>\n\n\n\n<li>Bindemittel Harz<\/li>\n\n\n\n<li>Wei\u00dfes Aluminiumoxid<\/li>\n\n\n\n<li>Korngr\u00f6\u00dfe: #2000<\/li>\n\n\n\n<li>Kein Einweichen erforderlich<\/li>\n\n\n\n<li>Abmessungen: 210 x 70 x 10 mm<\/li>\n<\/ul>","protected":false},"excerpt":{"rendered":"<ul>\n<li>Zur Verwendung bei nachlassender Klingensch\u00e4rfe oder zur t\u00e4glichen Wartung. Wird besonders von Rasierklingensch\u00e4rfern wegen seiner schonenden Arbeitsweise gesch\u00e4tzt. Auch zum Sch\u00e4rfen von spr\u00f6dem Stahl geeignet. Die weiche Bindung macht ihn viel feiner als harte Steine der gleichen K\u00f6rnung.<\/li>\n<li>Bindemittel Harz<\/li>\n<li>Wei\u00dfes Aluminiumoxid<\/li>\n<li>Korngr\u00f6\u00dfe: #2000<\/li>\n<li>Kein Einweichen erforderlich<\/li>\n<li>Abmessungen: 210 x 70 x 10 mm<\/li>\n<\/ul>","protected":false},"featured_media":2651,"comment_status":"open","ping_status":"closed","template":"","meta":[],"product_brand":[],"product_cat":[290],"product_tag":[197,291],"class_list":{"0":"post-2650","1":"product","2":"type-product","3":"status-publish","4":"has-post-thumbnail","6":"product_cat-whetstones","7":"product_tag-naniwa","8":"product_tag-super-stone","9":"product_shipping_class-iprastas","11":"first","12":"instock","13":"sale","14":"shipping-taxable","15":"purchasable","16":"product-type-simple"},"_links":{"self":[{"href":"https:\/\/jnats.eu\/de\/wp-json\/wp\/v2\/product\/2650","targetHints":{"allow":["GET"]}}],"collection":[{"href":"https:\/\/jnats.eu\/de\/wp-json\/wp\/v2\/product"}],"about":[{"href":"https:\/\/jnats.eu\/de\/wp-json\/wp\/v2\/types\/product"}],"replies":[{"embeddable":true,"href":"https:\/\/jnats.eu\/de\/wp-json\/wp\/v2\/comments?post=2650"}],"wp:featuredmedia":[{"embeddable":true,"href":"https:\/\/jnats.eu\/de\/wp-json\/wp\/v2\/media\/2651"}],"wp:attachment":[{"href":"https:\/\/jnats.eu\/de\/wp-json\/wp\/v2\/media?parent=2650"}],"wp:term":[{"taxonomy":"product_brand","embeddable":true,"href":"https:\/\/jnats.eu\/de\/wp-json\/wp\/v2\/product_brand?post=2650"},{"taxonomy":"product_cat","embeddable":true,"href":"https:\/\/jnats.eu\/de\/wp-json\/wp\/v2\/product_cat?post=2650"},{"taxonomy":"product_tag","embeddable":true,"href":"https:\/\/jnats.eu\/de\/wp-json\/wp\/v2\/product_tag?post=2650"}],"curies":[{"name":"wp","href":"https:\/\/api.w.org\/{rel}","templated":true}]}}