{"id":2659,"date":"2024-05-13T08:28:21","date_gmt":"2024-05-13T05:28:21","guid":{"rendered":"http:\/\/jnats.eu\/?post_type=product&#038;p=2659"},"modified":"2026-04-01T11:53:42","modified_gmt":"2026-04-01T08:53:42","slug":"naniwa-220-pa-bgs-022p-pink-alumina-traditional-whetstone","status":"publish","type":"product","link":"https:\/\/jnats.eu\/de\/produkt-2\/naniwa-220-pa-bgs-022p-pink-alumina-traditional-whetstone\/","title":{"rendered":"Naniwa #220 PA BGS-022p Traditioneller Schleifstein aus rosa Aluminiumoxid"},"content":{"rendered":"<p>Naniwa 220 Grit Pink Alumina Traditional Waterstone \u00e4hnelt der Naniwa Traditional-Steinreihe, wurde jedoch so konzipiert, dass er sich langsamer abnutzt und schneller arbeitet.<\/p>\n\n\n\n<figure class=\"wp-block-embed is-type-video is-provider-youtube wp-block-embed-youtube wp-embed-aspect-16-9 wp-has-aspect-ratio\"><div class=\"wp-block-embed__wrapper\">\n<div class=\"video-container\"><iframe title=\"Naniwa Pink Aluminium Oxide Whetstone Test mit Shirogami Honyaki\" width=\"1170\" height=\"658\" src=\"https:\/\/www.youtube.com\/embed\/DuBMwsrQGaY?feature=oembed\" frameborder=\"0\" allow=\"accelerometer; autoplay; clipboard-write; encrypted-media; gyroscope; picture-in-picture; web-share\" referrerpolicy=\"strict-origin-when-cross-origin\" allowfullscreen><\/iframe><\/div>\n<\/div><\/figure>\n\n\n\n<p>Die traditionellen Wassersteine von Naniwa bieten ein ausgezeichnetes Gleichgewicht zwischen Preis und Leistung. Sie erhalten die Qualit\u00e4t und Aufmerksamkeit, die Naniwa in alle seine Steine steckt, ohne die h\u00f6heren Preise teurerer Steinlinien zahlen zu m\u00fcssen. Im Gegensatz zu Supersteinen haben sie ein traditionelles Bindemittel, das Wasser absorbiert. Wir empfehlen, die Steine vor dem Gebrauch in Wasser einzuweichen.<\/p>\n\n\n\n<p>Die Box hat oben einen Rahmen, auf den man einen Stein zum Arbeiten legen kann. Die Box hat Gummif\u00fc\u00dfe und L\u00fcftungsl\u00f6cher, so dass der Stein im Inneren platziert werden kann und sofort nach der Arbeit geschlossen.<\/p>\n\n\n\n<p>Hergestellt aus rosa Aluminiumoxid, das h\u00e4rter und haltbarer ist als das \u00fcbliche wei\u00dfe Aluminiumoxid oder Siliziumkarbid, das in anderen Schleifsteinen verwendet wird. Rosa Aluminiumoxid enth\u00e4lt Chromoxid-Zus\u00e4tze, die ihm eine rosa Farbe verleihen und seine H\u00e4rte und Abriebfestigkeit erh\u00f6hen.<\/p>\n\n\n\n<p><strong>Vorteile<\/strong>:<\/p>\n\n\n\n<ul class=\"wp-block-list\">\n<li><strong>Dauerhaftigkeit<\/strong>A: Rosa Aluminiumoxid nutzt sich langsamer ab als Siliziumkarbid, so dass der Stein l\u00e4nger seine Form beh\u00e4lt.<\/li>\n\n\n\n<li><strong>Effizienz<\/strong>Bietet eine hohe Schleifgeschwindigkeit, ist aber weniger aggressiv als Siliziumkarbidsteine, so dass die Metalloberfl\u00e4che nicht so tief besch\u00e4digt wird.<\/li>\n\n\n\n<li>Made in Japan, Garant f\u00fcr hohe Qualit\u00e4t und traditionelle Herstellungsverfahren.<\/li>\n<\/ul>","protected":false},"excerpt":{"rendered":"<ul>\n<li>Rosa Aluminiumoxid nutzt sich langsamer ab als Siliziumkarbid, so dass der Stein l\u00e4nger seine Form beh\u00e4lt. Bietet eine gute Schleifgeschwindigkeit, ist aber weniger aggressiv als Siliziumkarbidsteine und besch\u00e4digt daher die Metalloberfl\u00e4che nicht so tief.<!-- \/wp:list --><\/li>\n<li>K\u00f6rnung: #220<\/li>\n<li>Wird f\u00fcr die ersten Schleifphasen verwendet<\/li>\n<li>Vor der Arbeit muss es in Wasser eingeweicht werden<\/li>\n<li>Abmessungen: 210 x 70 x 20 mm<\/li>\n<\/ul>","protected":false},"featured_media":2660,"comment_status":"open","ping_status":"closed","template":"","meta":[],"product_brand":[],"product_cat":[290],"product_tag":[197],"class_list":{"0":"post-2659","1":"product","2":"type-product","3":"status-publish","4":"has-post-thumbnail","6":"product_cat-whetstones","7":"product_tag-naniwa","8":"product_shipping_class-iprastas","10":"first","11":"instock","12":"shipping-taxable","13":"purchasable","14":"product-type-simple"},"_links":{"self":[{"href":"https:\/\/jnats.eu\/de\/wp-json\/wp\/v2\/product\/2659","targetHints":{"allow":["GET"]}}],"collection":[{"href":"https:\/\/jnats.eu\/de\/wp-json\/wp\/v2\/product"}],"about":[{"href":"https:\/\/jnats.eu\/de\/wp-json\/wp\/v2\/types\/product"}],"replies":[{"embeddable":true,"href":"https:\/\/jnats.eu\/de\/wp-json\/wp\/v2\/comments?post=2659"}],"wp:featuredmedia":[{"embeddable":true,"href":"https:\/\/jnats.eu\/de\/wp-json\/wp\/v2\/media\/2660"}],"wp:attachment":[{"href":"https:\/\/jnats.eu\/de\/wp-json\/wp\/v2\/media?parent=2659"}],"wp:term":[{"taxonomy":"product_brand","embeddable":true,"href":"https:\/\/jnats.eu\/de\/wp-json\/wp\/v2\/product_brand?post=2659"},{"taxonomy":"product_cat","embeddable":true,"href":"https:\/\/jnats.eu\/de\/wp-json\/wp\/v2\/product_cat?post=2659"},{"taxonomy":"product_tag","embeddable":true,"href":"https:\/\/jnats.eu\/de\/wp-json\/wp\/v2\/product_tag?post=2659"}],"curies":[{"name":"wp","href":"https:\/\/api.w.org\/{rel}","templated":true}]}}