{"id":2665,"date":"2024-05-13T08:43:33","date_gmt":"2024-05-13T05:43:33","guid":{"rendered":"http:\/\/jnats.eu\/?post_type=product&#038;p=2665"},"modified":"2025-06-05T13:22:58","modified_gmt":"2025-06-05T10:22:58","slug":"naniwa-1000-wa-sekimonzen-toishi","status":"publish","type":"product","link":"https:\/\/jnats.eu\/de\/produkt-2\/naniwa-1000-wa-sekimonzen-toishi\/","title":{"rendered":"Naniwa #1000 WA Sekimonzen Toishi"},"content":{"rendered":"<p>Genug mit dem Furzen... deine 5 Millimeter! Besorgen Sie sich etwas, bei dem es Ihnen nicht peinlich ist, eine Handvoll von sich selbst zu nehmen oder vor anderen damit anzugeben. Habt Respekt vor euch selbst!<\/p>\n\n\n\n<p>Der Naniwa #1000 WA Sekimonzen Toishi ist ein gro\u00dfer Schleifstein zum Sch\u00e4rfen Ihrer stumpfen (wie in) Messer. Da Sie h\u00e4ufig einen Schleifstein mit dieser K\u00f6rnung verwenden, nutzen sie sich ziemlich schnell ab. Um eine lange Lebensdauer zu gew\u00e4hrleisten, hat Naniwa diesen Schleifstein extra dick gemacht. Dreimal dicker als der durchschnittliche Schleifstein!<\/p>","protected":false},"excerpt":{"rendered":"<ul>\n<li>Wird f\u00fcr die mittlere Sch\u00e4rfstufe verwendet<\/li>\n<li>Wei\u00dfes Aluminiumoxid<\/li>\n<li>K\u00f6rnung: #1000<\/li>\n<li>Sie m\u00fcssen einweichen<\/li>\n<li>Abmessungen: 210 x 70 x 60 mm<\/li>\n<li>Gewicht: 1810 g<\/li>\n<\/ul>","protected":false},"featured_media":2666,"comment_status":"open","ping_status":"closed","template":"","meta":[],"product_brand":[],"product_cat":[290],"product_tag":[197],"class_list":{"0":"post-2665","1":"product","2":"type-product","3":"status-publish","4":"has-post-thumbnail","6":"product_cat-whetstones","7":"product_tag-naniwa","8":"product_shipping_class-iprastas","10":"first","11":"outofstock","12":"sale","13":"shipping-taxable","14":"purchasable","15":"product-type-simple"},"_links":{"self":[{"href":"https:\/\/jnats.eu\/de\/wp-json\/wp\/v2\/product\/2665","targetHints":{"allow":["GET"]}}],"collection":[{"href":"https:\/\/jnats.eu\/de\/wp-json\/wp\/v2\/product"}],"about":[{"href":"https:\/\/jnats.eu\/de\/wp-json\/wp\/v2\/types\/product"}],"replies":[{"embeddable":true,"href":"https:\/\/jnats.eu\/de\/wp-json\/wp\/v2\/comments?post=2665"}],"wp:featuredmedia":[{"embeddable":true,"href":"https:\/\/jnats.eu\/de\/wp-json\/wp\/v2\/media\/2666"}],"wp:attachment":[{"href":"https:\/\/jnats.eu\/de\/wp-json\/wp\/v2\/media?parent=2665"}],"wp:term":[{"taxonomy":"product_brand","embeddable":true,"href":"https:\/\/jnats.eu\/de\/wp-json\/wp\/v2\/product_brand?post=2665"},{"taxonomy":"product_cat","embeddable":true,"href":"https:\/\/jnats.eu\/de\/wp-json\/wp\/v2\/product_cat?post=2665"},{"taxonomy":"product_tag","embeddable":true,"href":"https:\/\/jnats.eu\/de\/wp-json\/wp\/v2\/product_tag?post=2665"}],"curies":[{"name":"wp","href":"https:\/\/api.w.org\/{rel}","templated":true}]}}