{"id":2667,"date":"2024-05-13T08:52:39","date_gmt":"2024-05-13T05:52:39","guid":{"rendered":"http:\/\/jnats.eu\/?post_type=product&#038;p=2667"},"modified":"2024-06-04T20:07:48","modified_gmt":"2024-06-04T17:07:48","slug":"naniwa-aotoishi-2000-ir-0260","status":"publish","type":"product","link":"https:\/\/jnats.eu\/de\/produkt-2\/naniwa-aotoishi-2000-ir-0260\/","title":{"rendered":"Naniwa Aotoishi #2000 IR-0260"},"content":{"rendered":"<p>Die Naniwa Aotoishi ist eine gro\u00dfe Schleifstein entwickelt, um Ihre stumpfen (wie in der Kontrolle) Messer zu sch\u00e4rfen. #2000 ist eine sehr praktische Korngr\u00f6\u00dfe. Grob genug, um gebrauchte Messer schnell zu sch\u00e4rfen, und fein genug, um wirklich scharf zu beenden. Da Sie einen Schleifstein dieser K\u00f6rnung h\u00e4ufig verwenden werden, nutzen sie sich recht schnell ab. Um eine lange Lebensdauer zu garantieren, hat Naniwa daf\u00fcr gesorgt, dass dieser Sch\u00e4rfstein extrem dick ist. Mindestens doppelt so dick wie ein durchschnittlicher Abziehstein!<\/p>\n\n\n\n<p>Im Laufe der Jahre ist Aotoishi immer beliebter geworden. Nicht nur wegen der Dicke des Steins, sondern auch, weil der Stein so effizient und vielseitig ist. Der Name Aotoishi bezieht sich auf seine gr\u00fcne Farbe und die Tatsache, dass er ein Schleifstein ist. Von seinen zahlreichen Fans wird der Aotoishi jedoch oft als \"gr\u00fcner Stein der Freude\" bezeichnet.<\/p>\n\n\n\n<figure class=\"wp-block-embed is-type-video is-provider-youtube wp-block-embed-youtube wp-embed-aspect-16-9 wp-has-aspect-ratio\"><div class=\"wp-block-embed__wrapper\">\n<div class=\"video-container\"><iframe title=\"Naniwa Aotoshi, &quot;gr\u00fcner Stein der Freude&quot;. Eine Sitzung zum Schleifen des Steins\" width=\"1170\" height=\"658\" src=\"https:\/\/www.youtube.com\/embed\/avkcYvT65QM?feature=oembed\" frameborder=\"0\" allow=\"accelerometer; autoplay; clipboard-write; encrypted-media; gyroscope; picture-in-picture; web-share\" referrerpolicy=\"strict-origin-when-cross-origin\" allowfullscreen><\/iframe><\/div>\n<\/div><\/figure>","protected":false},"excerpt":{"rendered":"<ul>\n<li>Wird f\u00fcr die mittlere oder letzte Stufe des Sch\u00e4rfens verwendet<\/li>\n<li>Wei\u00dfes Aluminiumoxid<\/li>\n<li>Korngr\u00f6\u00dfe: #2000<\/li>\n<li>Sie m\u00fcssen einweichen<\/li>\n<li>Abmessungen: 210 x 70 x 55 mm<\/li>\n<li>Gewicht: 1780 g<\/li>\n<\/ul>","protected":false},"featured_media":2668,"comment_status":"open","ping_status":"closed","template":"","meta":[],"product_brand":[],"product_cat":[290],"product_tag":[197],"class_list":{"0":"post-2667","1":"product","2":"type-product","3":"status-publish","4":"has-post-thumbnail","6":"product_cat-whetstones","7":"product_tag-naniwa","8":"product_shipping_class-iprastas","10":"first","11":"outofstock","12":"shipping-taxable","13":"purchasable","14":"product-type-simple"},"_links":{"self":[{"href":"https:\/\/jnats.eu\/de\/wp-json\/wp\/v2\/product\/2667","targetHints":{"allow":["GET"]}}],"collection":[{"href":"https:\/\/jnats.eu\/de\/wp-json\/wp\/v2\/product"}],"about":[{"href":"https:\/\/jnats.eu\/de\/wp-json\/wp\/v2\/types\/product"}],"replies":[{"embeddable":true,"href":"https:\/\/jnats.eu\/de\/wp-json\/wp\/v2\/comments?post=2667"}],"wp:featuredmedia":[{"embeddable":true,"href":"https:\/\/jnats.eu\/de\/wp-json\/wp\/v2\/media\/2668"}],"wp:attachment":[{"href":"https:\/\/jnats.eu\/de\/wp-json\/wp\/v2\/media?parent=2667"}],"wp:term":[{"taxonomy":"product_brand","embeddable":true,"href":"https:\/\/jnats.eu\/de\/wp-json\/wp\/v2\/product_brand?post=2667"},{"taxonomy":"product_cat","embeddable":true,"href":"https:\/\/jnats.eu\/de\/wp-json\/wp\/v2\/product_cat?post=2667"},{"taxonomy":"product_tag","embeddable":true,"href":"https:\/\/jnats.eu\/de\/wp-json\/wp\/v2\/product_tag?post=2667"}],"curies":[{"name":"wp","href":"https:\/\/api.w.org\/{rel}","templated":true}]}}