{"id":2669,"date":"2024-05-13T09:01:52","date_gmt":"2024-05-13T06:01:52","guid":{"rendered":"http:\/\/jnats.eu\/?post_type=product&#038;p=2669"},"modified":"2024-07-09T23:11:51","modified_gmt":"2024-07-09T20:11:51","slug":"king-deluxe-stone-1000","status":"publish","type":"product","link":"https:\/\/jnats.eu\/de\/produkt-2\/king-deluxe-stone-1000\/","title":{"rendered":"King Deluxe Stone #1000"},"content":{"rendered":"<p>Schluss mit dem 5mm-Tuckern! Kaufen Sie einen Artikel, f\u00fcr den Sie sich nicht sch\u00e4men m\u00fcssen, selbst eine Handvoll davon zu nehmen oder vor anderen damit anzugeben. Habe Selbstachtung!<\/p>\n\n\n\n<p>Der perfekte Schleifstein, um Ihre Klinge scharf zu halten. Sie k\u00f6nnen es f\u00fcr Scheren, Messer, Rasierer usw. verwenden<br>Weichen Sie ihn vor dem Gebrauch etwa 3 Minuten lang in Wasser ein, um den Stein mit Wasser zu s\u00e4ttigen. Wenn die Steinoberfl\u00e4che w\u00e4hrend der Arbeit austrocknet, bespr\u00fchen Sie sie mit Wasser.<\/p>\n\n\n\n<p>Verwenden Sie es immer auf einer glatten, stabilen und rutschfesten Oberfl\u00e4che. Nach Gebrauch gut mit Wasser absp\u00fclen. Lassen Sie es trocknen und lagern Sie es an einem Ort ohne direkte Sonneneinstrahlung.<\/p>\n\n\n\n<p>Wenn ein Teil des Steins beim Herunterfallen absplittert, achten Sie darauf, den abgebrochenen Teil zu gl\u00e4tten, um eine Besch\u00e4digung der Klinge beim Sch\u00e4rfen damit zu vermeiden.<\/p>\n\n\n\n<p>Matsunaga Stone Co., Ltd. ist ein Hersteller und Verk\u00e4ufer von Schleif- und anderen Produkten mit Hauptsitz in der Pr\u00e4fektur Osaka. Sie bieten die King Grindstone-Serie an, die in jahrelanger Forschung und unter Verwendung der neuesten Technologie entwickelt wurde, sowie Schleifsteine zum Schneiden, Sch\u00e4rfen, Polieren und f\u00fcr eine Vielzahl anderer Anwendungen.<\/p>","protected":false},"excerpt":{"rendered":"<ul>\n<li>Wird f\u00fcr die mittlere Sch\u00e4rfstufe verwendet<\/li>\n<li>Aluminiumoxid<\/li>\n<li>K\u00f6rnung: #1000<\/li>\n<li>Sie m\u00fcssen einweichen<\/li>\n<li>Abmessungen: 209 x 70 x 60 mm<\/li>\n<li>Gewicht: 1700 g<\/li>\n<\/ul>","protected":false},"featured_media":2670,"comment_status":"open","ping_status":"closed","template":"","meta":[],"product_brand":[],"product_cat":[290],"product_tag":[292],"class_list":{"0":"post-2669","1":"product","2":"type-product","3":"status-publish","4":"has-post-thumbnail","6":"product_cat-whetstones","7":"product_tag-king","8":"product_shipping_class-iprastas","10":"first","11":"outofstock","12":"shipping-taxable","13":"purchasable","14":"product-type-simple"},"_links":{"self":[{"href":"https:\/\/jnats.eu\/de\/wp-json\/wp\/v2\/product\/2669","targetHints":{"allow":["GET"]}}],"collection":[{"href":"https:\/\/jnats.eu\/de\/wp-json\/wp\/v2\/product"}],"about":[{"href":"https:\/\/jnats.eu\/de\/wp-json\/wp\/v2\/types\/product"}],"replies":[{"embeddable":true,"href":"https:\/\/jnats.eu\/de\/wp-json\/wp\/v2\/comments?post=2669"}],"wp:featuredmedia":[{"embeddable":true,"href":"https:\/\/jnats.eu\/de\/wp-json\/wp\/v2\/media\/2670"}],"wp:attachment":[{"href":"https:\/\/jnats.eu\/de\/wp-json\/wp\/v2\/media?parent=2669"}],"wp:term":[{"taxonomy":"product_brand","embeddable":true,"href":"https:\/\/jnats.eu\/de\/wp-json\/wp\/v2\/product_brand?post=2669"},{"taxonomy":"product_cat","embeddable":true,"href":"https:\/\/jnats.eu\/de\/wp-json\/wp\/v2\/product_cat?post=2669"},{"taxonomy":"product_tag","embeddable":true,"href":"https:\/\/jnats.eu\/de\/wp-json\/wp\/v2\/product_tag?post=2669"}],"curies":[{"name":"wp","href":"https:\/\/api.w.org\/{rel}","templated":true}]}}