{"id":2696,"date":"2025-04-30T14:35:08","date_gmt":"2025-04-30T11:35:08","guid":{"rendered":"http:\/\/jnats.eu\/?post_type=product&#038;p=2696"},"modified":"2025-05-04T13:57:31","modified_gmt":"2025-05-04T10:57:31","slug":"naudotas-japoniskas-skustuvo-galandinimo-dirzas-sp1-4-in-1","status":"publish","type":"product","link":"https:\/\/jnats.eu\/de\/produkt-2\/naudotas-japoniskas-skustuvo-galandinimo-dirzas-sp1-4-in-1\/","title":{"rendered":"Gebrauchtes japanisches Rasiermessersch\u00e4rfband SP1 4 in 1"},"content":{"rendered":"<p>Wenn Sie sich mit einem Klapprasierer rasieren, wird die Klinge nach einer Weile unscharf. Sie k\u00f6nnen das Rasiermesser dann mit den folgenden Lederb\u00e4ndern sch\u00e4rfen. Ein Leinenband (hier nicht erh\u00e4ltlich) wird verwendet, um die Klingen zu sch\u00e4rfen, wenn sie lockerer sind oder nach dem Sch\u00e4rfen auf einem Stein, um Metallreste vom Rasiermesser zu entfernen, die in der Haut stecken bleiben k\u00f6nnen.<\/p>\n\n\n\n<p>H\u00e4ngen Sie eine Seite des Gurtes ein und spannen Sie die andere Seite mit der Hand. <\/p>\n\n\n\n<p>Die G\u00fcrtel bestehen aus zwei Lederschichten: einer oberen Schicht aus Cordovanleder und einer unteren Schicht aus billigerem Leder.<\/p>\n\n\n\n<figure class=\"wp-block-embed is-type-video is-provider-youtube wp-block-embed-youtube wp-embed-aspect-16-9 wp-has-aspect-ratio\"><div class=\"wp-block-embed__wrapper\">\n<div class=\"video-container\"><iframe title=\"Gebrauchte japanische Rasiermesser Sch\u00e4rfen Strop SP1 4 in 1\" width=\"1170\" height=\"658\" src=\"https:\/\/www.youtube.com\/embed\/xsmryXOKC6Q?feature=oembed\" frameborder=\"0\" allow=\"accelerometer; autoplay; clipboard-write; encrypted-media; gyroscope; picture-in-picture; web-share\" referrerpolicy=\"strict-origin-when-cross-origin\" allowfullscreen><\/iframe><\/div>\n<\/div><\/figure>","protected":false},"excerpt":{"rendered":"<ul>\n<li>Gebrauchtes japanisches Rasiermesser-Sch\u00e4rfband SP1 in vier Teilen.<\/li>\n<li>Vier mit einer Schnalle verbundene Riemen.<\/li>\n<li>Zwei sind in gutem Zustand, zwei in gutem Zustand.<\/li>\n<li>Abmessungen: 600x62x1,7 mm<\/li>\n<\/ul>","protected":false},"featured_media":4501,"comment_status":"open","ping_status":"closed","template":"","meta":[],"product_brand":[],"product_cat":[23],"product_tag":[294,293],"class_list":{"0":"post-2696","1":"product","2":"type-product","3":"status-publish","4":"has-post-thumbnail","6":"product_cat-razors","7":"product_tag-dirzas","8":"product_tag-strop","9":"product_shipping_class-light","11":"first","12":"outofstock","13":"shipping-taxable","14":"purchasable","15":"product-type-simple"},"_links":{"self":[{"href":"https:\/\/jnats.eu\/de\/wp-json\/wp\/v2\/product\/2696","targetHints":{"allow":["GET"]}}],"collection":[{"href":"https:\/\/jnats.eu\/de\/wp-json\/wp\/v2\/product"}],"about":[{"href":"https:\/\/jnats.eu\/de\/wp-json\/wp\/v2\/types\/product"}],"replies":[{"embeddable":true,"href":"https:\/\/jnats.eu\/de\/wp-json\/wp\/v2\/comments?post=2696"}],"wp:featuredmedia":[{"embeddable":true,"href":"https:\/\/jnats.eu\/de\/wp-json\/wp\/v2\/media\/4501"}],"wp:attachment":[{"href":"https:\/\/jnats.eu\/de\/wp-json\/wp\/v2\/media?parent=2696"}],"wp:term":[{"taxonomy":"product_brand","embeddable":true,"href":"https:\/\/jnats.eu\/de\/wp-json\/wp\/v2\/product_brand?post=2696"},{"taxonomy":"product_cat","embeddable":true,"href":"https:\/\/jnats.eu\/de\/wp-json\/wp\/v2\/product_cat?post=2696"},{"taxonomy":"product_tag","embeddable":true,"href":"https:\/\/jnats.eu\/de\/wp-json\/wp\/v2\/product_tag?post=2696"}],"curies":[{"name":"wp","href":"https:\/\/api.w.org\/{rel}","templated":true}]}}