{"id":2749,"date":"2024-05-30T11:29:14","date_gmt":"2024-05-30T08:29:14","guid":{"rendered":"http:\/\/jnats.eu\/?post_type=product&#038;p=2749"},"modified":"2024-08-09T23:30:23","modified_gmt":"2024-08-09T20:30:23","slug":"ohira-suita-suminagashi","status":"publish","type":"product","link":"https:\/\/jnats.eu\/de\/produkt-2\/ohira-suita-suminagashi\/","title":{"rendered":"Ohira Suita Suminagashi"},"content":{"rendered":"<p>Fein und hart, Ohira Suita Suminagashi ist einfach zu verwenden und ideal zum Polieren und Sch\u00e4rfen von K\u00fcchenmessern. Bei starkem Druck gibt der Stein die Suspension frei und sch\u00e4rft das Messer, bei geringerem Druck wird es poliert. Die Reaktion ist sanft und informativ genug, um dem Benutzer ein gutes Gef\u00fchl f\u00fcr den Sch\u00e4rfvorgang zu vermitteln. Dieser Stein eignet sich hervorragend als wertvolles Arbeitstier zum Sch\u00e4rfen und Polieren. Die Leitungen sind sicher. <\/p>\n\n\n\n<p><strong>Ohira (\u5927\u5e73, Oohira, Ohirayama)<\/strong> Western-Mine, ber\u00fchmt f\u00fcr die Qualit\u00e4t von Uchigumori und Suita. Obwohl in der Mine immer noch gelegentlich gearbeitet wird, ist es immer schwieriger, exportierbare Uchigumori und Ohira Suita zu finden. Aufgrund der hervorragenden Qualit\u00e4t von Ohira Suita und Uchigumori ist es nicht ungew\u00f6hnlich, dass Steine aus anderen Minen als Ohira gestempelt und verkauft werden.<\/p>\n\n\n\n<figure class=\"wp-block-embed is-type-video is-provider-youtube wp-block-embed-youtube wp-embed-aspect-16-9 wp-has-aspect-ratio\"><div class=\"wp-block-embed__wrapper\">\n<div class=\"video-container\"><iframe title=\"Ohira Suita Suminagashi, Nakayama Ikimurasaki, Ozuku Asagi Razor Finisher\" width=\"1170\" height=\"658\" src=\"https:\/\/www.youtube.com\/embed\/cywJ94xv11o?feature=oembed\" frameborder=\"0\" allow=\"accelerometer; autoplay; clipboard-write; encrypted-media; gyroscope; picture-in-picture; web-share\" referrerpolicy=\"strict-origin-when-cross-origin\" allowfullscreen><\/iframe><\/div>\n<\/div><\/figure>","protected":false},"excerpt":{"rendered":"<p><!-- wp:list --><\/p>\n<ul><!-- wp:list-item --><\/p>\n<li>Geeignet f\u00fcr die Endbearbeitung von Rasiermessern, Messern, Scheren, Zimmermanns- und anderen Werkzeugen.<\/li>\n<p><!-- \/wp:list-item --><\/p>\n<p><!-- wp:list-item --><\/p>\n<li>Abmessungen: 205x74x55 mm<\/li>\n<p><!-- \/wp:list-item --><\/p>\n<p><!-- wp:list-item --><\/p>\n<li>Gewicht: 2130 g<\/li>\n<p><!-- \/wp:list-item --><\/p>\n<p><!-- wp:list-item --><\/p>\n<li>H\u00e4rte: Lv 4.7<\/li>\n<p><!-- \/wp:list-item --><\/p>\n<p><!-- wp:list-item --><\/p>\n<li>Die Leitungen sind sicher<\/li>\n<p><!-- \/wp:list-item --><\/p>\n<p><!-- wp:list-item --><\/p>\n<li>Beide Seiten sind nivelliert und betriebsbereit. An den R\u00e4ndern befinden sich einige Vertiefungen.<\/li>\n<p><!-- \/wp:list-item --><\/ul>\n<p><!-- \/wp:list --><\/p>","protected":false},"featured_media":2751,"comment_status":"open","ping_status":"closed","template":"","meta":[],"product_brand":[],"product_cat":[22],"product_tag":[47,50,295],"class_list":{"0":"post-2749","1":"product","2":"type-product","3":"status-publish","4":"has-post-thumbnail","6":"product_cat-jnats","7":"product_tag-ohira","8":"product_tag-suita","9":"product_tag-suminagashi","10":"product_shipping_class-iprastas","12":"first","13":"instock","14":"shipping-taxable","15":"purchasable","16":"product-type-simple"},"_links":{"self":[{"href":"https:\/\/jnats.eu\/de\/wp-json\/wp\/v2\/product\/2749","targetHints":{"allow":["GET"]}}],"collection":[{"href":"https:\/\/jnats.eu\/de\/wp-json\/wp\/v2\/product"}],"about":[{"href":"https:\/\/jnats.eu\/de\/wp-json\/wp\/v2\/types\/product"}],"replies":[{"embeddable":true,"href":"https:\/\/jnats.eu\/de\/wp-json\/wp\/v2\/comments?post=2749"}],"wp:featuredmedia":[{"embeddable":true,"href":"https:\/\/jnats.eu\/de\/wp-json\/wp\/v2\/media\/2751"}],"wp:attachment":[{"href":"https:\/\/jnats.eu\/de\/wp-json\/wp\/v2\/media?parent=2749"}],"wp:term":[{"taxonomy":"product_brand","embeddable":true,"href":"https:\/\/jnats.eu\/de\/wp-json\/wp\/v2\/product_brand?post=2749"},{"taxonomy":"product_cat","embeddable":true,"href":"https:\/\/jnats.eu\/de\/wp-json\/wp\/v2\/product_cat?post=2749"},{"taxonomy":"product_tag","embeddable":true,"href":"https:\/\/jnats.eu\/de\/wp-json\/wp\/v2\/product_tag?post=2749"}],"curies":[{"name":"wp","href":"https:\/\/api.w.org\/{rel}","templated":true}]}}