{"id":2760,"date":"2024-05-30T11:35:14","date_gmt":"2024-05-30T08:35:14","guid":{"rendered":"http:\/\/jnats.eu\/?post_type=product&#038;p=2760"},"modified":"2024-07-25T15:35:39","modified_gmt":"2024-07-25T12:35:39","slug":"nakayama-ikimurasaki-koppa-finishing-whetstone","status":"publish","type":"product","link":"https:\/\/jnats.eu\/de\/produkt-2\/nakayama-ikimurasaki-koppa-finishing-whetstone\/","title":{"rendered":"Nakayama Ikimurasaki Koppa Finishing Whetstone"},"content":{"rendered":"<ul class=\"wp-block-list\"><\/ul>\n\n\n\n<p>Der Nakayama Ikimurasaki Koppa ist schnell und ziemlich hart und erm\u00f6glicht Ihnen das Sch\u00e4rfen kleiner Werkzeuge.<\/p>\n\n\n\n<figure class=\"wp-block-embed is-type-video is-provider-youtube wp-block-embed-youtube wp-embed-aspect-16-9 wp-has-aspect-ratio\"><div class=\"wp-block-embed__wrapper\">\n<div class=\"video-container\"><iframe title=\"Ohira Suita Suminagashi, Nakayama Ikimurasaki, Ozuku Asagi Razor Finisher\" width=\"1170\" height=\"658\" src=\"https:\/\/www.youtube.com\/embed\/cywJ94xv11o?start=143&#038;feature=oembed\" frameborder=\"0\" allow=\"accelerometer; autoplay; clipboard-write; encrypted-media; gyroscope; picture-in-picture; web-share\" referrerpolicy=\"strict-origin-when-cross-origin\" allowfullscreen><\/iframe><\/div>\n<\/div><\/figure>\n\n\n\n<p><\/p>","protected":false},"excerpt":{"rendered":"<p><!-- wp:list --><\/p>\n<ul><!-- wp:list-item --><\/p>\n<li>Geeignet f\u00fcr die Endbearbeitung von Rasiermessern, Messern, Scheren, Tischlerei- und anderen Werkzeugen.<\/li>\n<p><!-- \/wp:list-item --> <!-- wp:list-item --><\/p>\n<li>Abmessungen ca.: 160x90x36 mm<\/li>\n<p><!-- \/wp:list-item --> <!-- wp:list-item --><\/p>\n<li>Gewicht: 890 g<\/li>\n<p><!-- \/wp:list-item --> <!-- wp:list-item --><\/p>\n<li>H\u00e4rte: Lv 4,5<\/li>\n<p><!-- \/wp:list-item --> <!-- wp:list-item --><\/p>\n<li>Die Oberfl\u00e4che ist glatt und arbeitsbereit<\/li>\n<p><!-- \/wp:list-item --> <!-- wp:list-item --><\/p>\n<li>Die Leitungen sind sicher, aber Arbeiten in einem bestimmten Winkel k\u00f6nnen zu Sch\u00e4den f\u00fchren.<\/li>\n<p><!-- \/wp:list-item --><\/ul>\n<p><!-- \/wp:list --><\/p>","protected":false},"featured_media":2763,"comment_status":"open","ping_status":"closed","template":"","meta":[],"product_brand":[],"product_cat":[22],"product_tag":[296,297,49],"class_list":{"0":"post-2760","1":"product","2":"type-product","3":"status-publish","4":"has-post-thumbnail","6":"product_cat-jnats","7":"product_tag-ikimurasaki","8":"product_tag-koppa","9":"product_tag-nakayama","10":"product_shipping_class-iprastas","12":"first","13":"outofstock","14":"shipping-taxable","15":"purchasable","16":"product-type-simple"},"_links":{"self":[{"href":"https:\/\/jnats.eu\/de\/wp-json\/wp\/v2\/product\/2760","targetHints":{"allow":["GET"]}}],"collection":[{"href":"https:\/\/jnats.eu\/de\/wp-json\/wp\/v2\/product"}],"about":[{"href":"https:\/\/jnats.eu\/de\/wp-json\/wp\/v2\/types\/product"}],"replies":[{"embeddable":true,"href":"https:\/\/jnats.eu\/de\/wp-json\/wp\/v2\/comments?post=2760"}],"wp:featuredmedia":[{"embeddable":true,"href":"https:\/\/jnats.eu\/de\/wp-json\/wp\/v2\/media\/2763"}],"wp:attachment":[{"href":"https:\/\/jnats.eu\/de\/wp-json\/wp\/v2\/media?parent=2760"}],"wp:term":[{"taxonomy":"product_brand","embeddable":true,"href":"https:\/\/jnats.eu\/de\/wp-json\/wp\/v2\/product_brand?post=2760"},{"taxonomy":"product_cat","embeddable":true,"href":"https:\/\/jnats.eu\/de\/wp-json\/wp\/v2\/product_cat?post=2760"},{"taxonomy":"product_tag","embeddable":true,"href":"https:\/\/jnats.eu\/de\/wp-json\/wp\/v2\/product_tag?post=2760"}],"curies":[{"name":"wp","href":"https:\/\/api.w.org\/{rel}","templated":true}]}}