{"id":2776,"date":"2025-08-21T08:23:35","date_gmt":"2025-08-21T05:23:35","guid":{"rendered":"http:\/\/jnats.eu\/?post_type=product&#038;p=2776"},"modified":"2025-09-30T11:22:08","modified_gmt":"2025-09-30T08:22:08","slug":"iwasaki-kamisori-swedish-steel","status":"publish","type":"product","link":"https:\/\/jnats.eu\/de\/produkt-2\/iwasaki-kamisori-swedish-steel\/","title":{"rendered":"Iwasaki kamisori Schwedischer Stahl (NOS)"},"content":{"rendered":"<figure class=\"wp-block-embed is-type-video is-provider-youtube wp-block-embed-youtube wp-embed-aspect-9-16 wp-has-aspect-ratio\"><div class=\"wp-block-embed__wrapper\">\n<div class=\"video-container\"><iframe title=\"Iwasaki kamisori Schwedischer Stahl (NOS)\" width=\"563\" height=\"1000\" src=\"https:\/\/www.youtube.com\/embed\/DL6KQ6jBGuI?feature=oembed\" frameborder=\"0\" allow=\"accelerometer; autoplay; clipboard-write; encrypted-media; gyroscope; picture-in-picture; web-share\" referrerpolicy=\"strict-origin-when-cross-origin\" allowfullscreen><\/iframe><\/div>\n<\/div><\/figure>\n\n\n\n<p>Iwasaki ist unter Sammlern und Liebhabern traditioneller Rasiermesser wegen der Qualit\u00e4t seiner Stahlh\u00e4rtung und Verarbeitung sehr beliebt. Das Rasiermesser wurde in der Showa-Periode, etwa in den 1950er Jahren, hergestellt. Es hat eine L\u00e4nge von 15 cm, eine Schneidenl\u00e4nge von 4,6 cm und ein Gewicht von 36 g. Es handelt sich um ein mittelgro\u00dfes, leichtes Kamisori.<\/p>\n\n\n\n<p>\u00c4hnlich wie ein traditionelles Samurai-Schwert wurde dieses Kamisori aus zwei Schichten handgeschmiedet, der Schneidteil besteht aus Kohlenstoffstahl und die Halterung besteht aus einfacherem Edelstahl. Die mittlere Schicht ist hart f\u00fcr langanhaltende Sch\u00e4rfe und eine angenehme Rasur, w\u00e4hrend die St\u00fctzschicht f\u00fcr die n\u00f6tige Flexibilit\u00e4t sorgt.<\/p>\n\n\n\n<p>Beide Schichten sind gut korrosionsbest\u00e4ndig, aber kein Stahl ist v\u00f6llig rostfrei. Halten Sie Ihren Rasierer daher immer trocken und sch\u00fctzen Sie ihn nach der Rasur mit einer d\u00fcnnen Schicht \u00d6l. <\/p>","protected":false},"excerpt":{"rendered":"<ul>\n<li>Klingenmaterial: Geschmiedeter schwedischer Stahl, ziemlich hart geh\u00e4rtet \u2013 63 HRC. Daher beh\u00e4lt es seine Sch\u00e4rfe lange.<\/li>\n<li>Ungef\u00e4hre Ma\u00dfe der Klinge (alle Kamisori sind leicht unterschiedlich, da sie handgefertigt sind): 46x20x4,5 mm<\/li>\n<li>Griffmaterial: geschmiedeter Stahl<\/li>\n<li>Gesamtl\u00e4nge: 151 mm<\/li>\n<li>Gewicht 36 g<\/li>\n<li>Herkunft: Japan<\/li>\n<\/ul>","protected":false},"featured_media":5125,"comment_status":"open","ping_status":"closed","template":"","meta":[],"product_brand":[],"product_cat":[23],"product_tag":[130,25,298],"class_list":{"0":"post-2776","1":"product","2":"type-product","3":"status-publish","4":"has-post-thumbnail","6":"product_cat-razors","7":"product_tag-iwasaki","8":"product_tag-kamisori","9":"product_tag-swedish-steel","10":"product_shipping_class-light","12":"first","13":"outofstock","14":"shipping-taxable","15":"product-type-variable"},"_links":{"self":[{"href":"https:\/\/jnats.eu\/de\/wp-json\/wp\/v2\/product\/2776","targetHints":{"allow":["GET"]}}],"collection":[{"href":"https:\/\/jnats.eu\/de\/wp-json\/wp\/v2\/product"}],"about":[{"href":"https:\/\/jnats.eu\/de\/wp-json\/wp\/v2\/types\/product"}],"replies":[{"embeddable":true,"href":"https:\/\/jnats.eu\/de\/wp-json\/wp\/v2\/comments?post=2776"}],"wp:featuredmedia":[{"embeddable":true,"href":"https:\/\/jnats.eu\/de\/wp-json\/wp\/v2\/media\/5125"}],"wp:attachment":[{"href":"https:\/\/jnats.eu\/de\/wp-json\/wp\/v2\/media?parent=2776"}],"wp:term":[{"taxonomy":"product_brand","embeddable":true,"href":"https:\/\/jnats.eu\/de\/wp-json\/wp\/v2\/product_brand?post=2776"},{"taxonomy":"product_cat","embeddable":true,"href":"https:\/\/jnats.eu\/de\/wp-json\/wp\/v2\/product_cat?post=2776"},{"taxonomy":"product_tag","embeddable":true,"href":"https:\/\/jnats.eu\/de\/wp-json\/wp\/v2\/product_tag?post=2776"}],"curies":[{"name":"wp","href":"https:\/\/api.w.org\/{rel}","templated":true}]}}