{"id":283,"date":"2024-02-29T10:57:24","date_gmt":"2024-02-29T08:57:24","guid":{"rendered":"http:\/\/jnats.eu\/?post_type=product&#038;p=283"},"modified":"2025-03-04T09:10:26","modified_gmt":"2025-03-04T07:10:26","slug":"shobudani-asagi","status":"publish","type":"product","link":"https:\/\/jnats.eu\/de\/produkt-2\/shobudani-asagi\/","title":{"rendered":"Shobudani Asagi japanischer Naturstein zum Sch\u00e4rfen"},"content":{"rendered":"<ul class=\"wp-block-list\">\n<li><strong>H\u00e4rte: Lv 4<\/strong><\/li>\n\n\n\n<li><strong>Abmessungen: 206x76x33 mm<\/strong><\/li>\n\n\n\n<li><strong>Gewicht: 1320 g<\/strong><\/li>\n\n\n\n<li><em>Schw\u00e4chen: Etwa 3 cm vom Rand entfernt befindet sich im Arbeitsteil eine kleine Rille.<\/em><\/li>\n\n\n\n<li>Perfekt zum Finishen von Rasierern f\u00fcr eine superglatte Rasur. Nat\u00fcrlich eignet es sich zum Abschluss des Sch\u00e4rfens von Messern, Tischler- und anderen Werkzeugen. Wie die meisten japanischen Natursteine bietet dieser Stein eine l\u00e4ngere Klingenlebensdauer (im Vergleich zu synthetischen Steinen) und eine gute Sch\u00e4rfe. Dar\u00fcber hinaus verhindert es die Bildung eines Angusses beim Sch\u00e4rfen, was den Prozess einfacher und schneller macht. Es empfiehlt sich, mit warmem Wasser zu arbeiten, denn nur so kommen die besten Schleifeigenschaften zum Vorschein.<\/li>\n<\/ul>\n\n\n\n<figure class=\"wp-block-embed is-type-video is-provider-youtube wp-block-embed-youtube wp-embed-aspect-16-9 wp-has-aspect-ratio\"><div class=\"wp-block-embed__wrapper\">\n<div class=\"video-container\"><iframe title=\"Jnats: Umegahata Tomae, Ozuku, Shobudani Asagi Wetzsteine\" width=\"1170\" height=\"658\" src=\"https:\/\/www.youtube.com\/embed\/mTqJM3yPskA?start=310&#038;feature=oembed\" frameborder=\"0\" allow=\"accelerometer; autoplay; clipboard-write; encrypted-media; gyroscope; picture-in-picture; web-share\" referrerpolicy=\"strict-origin-when-cross-origin\" allowfullscreen><\/iframe><\/div>\n<\/div><\/figure>\n\n\n\n<p>Die wichtigsten Vorteile der nat\u00fcrlichen japanischen Sch\u00e4rfsteine:<\/p>\n\n\n\n<ul class=\"wp-block-list\">\n<li>Werkzeuge bleiben l\u00e4nger scharf<\/li>\n\n\n\n<li>Die Steine werden nicht mit Metallabf\u00e4llen kontaminiert<\/li>\n\n\n\n<li>Einfacher Ausbau des Absperrschiebers<\/li>\n\n\n\n<li>Eine erstaunliche Reaktion, die es Ihnen erm\u00f6glicht, genau zu sp\u00fcren, was auf der Metalloberfl\u00e4che passiert.<\/li>\n<\/ul>","protected":false},"excerpt":{"rendered":"<ul>\n<li><strong>H\u00e4rte: Lv 4<\/strong><\/li>\n<li><strong>Abmessungen: 206x76x33 mm<\/strong><\/li>\n<li><strong>Gewicht: 1320 g<\/strong><\/li>\n<li><em>Schw\u00e4chen: Etwa 3 cm vom Rand entfernt befindet sich im Arbeitsteil eine kleine Rille.<\/em><\/li>\n<li>Perfekt zum Finishen von Rasierern f\u00fcr eine superglatte Rasur. Nat\u00fcrlich eignet es sich zum Abschluss des Sch\u00e4rfens von Messern, Tischler- und anderen Werkzeugen. Wie die meisten japanischen Natursteine bietet dieser Stein eine l\u00e4ngere Klingenlebensdauer (im Vergleich zu synthetischen Steinen) und eine gute Sch\u00e4rfe. Dar\u00fcber hinaus verhindert es die Bildung eines Angusses beim Sch\u00e4rfen, was den Prozess einfacher und schneller macht. Es empfiehlt sich, mit warmem Wasser zu arbeiten, denn nur so kommen die besten Schleifeigenschaften zum Vorschein.<\/li>\n<\/ul>","protected":false},"featured_media":1251,"comment_status":"open","ping_status":"closed","template":"","meta":[],"product_brand":[],"product_cat":[22],"product_tag":[45,44],"class_list":{"0":"post-283","1":"product","2":"type-product","3":"status-publish","4":"has-post-thumbnail","6":"product_cat-jnats","7":"product_tag-asagi","8":"product_tag-shobudani","9":"product_shipping_class-iprastas","11":"first","12":"outofstock","13":"sale","14":"shipping-taxable","15":"purchasable","16":"product-type-simple"},"_links":{"self":[{"href":"https:\/\/jnats.eu\/de\/wp-json\/wp\/v2\/product\/283","targetHints":{"allow":["GET"]}}],"collection":[{"href":"https:\/\/jnats.eu\/de\/wp-json\/wp\/v2\/product"}],"about":[{"href":"https:\/\/jnats.eu\/de\/wp-json\/wp\/v2\/types\/product"}],"replies":[{"embeddable":true,"href":"https:\/\/jnats.eu\/de\/wp-json\/wp\/v2\/comments?post=283"}],"wp:featuredmedia":[{"embeddable":true,"href":"https:\/\/jnats.eu\/de\/wp-json\/wp\/v2\/media\/1251"}],"wp:attachment":[{"href":"https:\/\/jnats.eu\/de\/wp-json\/wp\/v2\/media?parent=283"}],"wp:term":[{"taxonomy":"product_brand","embeddable":true,"href":"https:\/\/jnats.eu\/de\/wp-json\/wp\/v2\/product_brand?post=283"},{"taxonomy":"product_cat","embeddable":true,"href":"https:\/\/jnats.eu\/de\/wp-json\/wp\/v2\/product_cat?post=283"},{"taxonomy":"product_tag","embeddable":true,"href":"https:\/\/jnats.eu\/de\/wp-json\/wp\/v2\/product_tag?post=283"}],"curies":[{"name":"wp","href":"https:\/\/api.w.org\/{rel}","templated":true}]}}