{"id":288,"date":"2024-02-29T11:04:32","date_gmt":"2024-02-29T09:04:32","guid":{"rendered":"http:\/\/jnats.eu\/?post_type=product&#038;p=288"},"modified":"2024-12-05T13:38:21","modified_gmt":"2024-12-05T11:38:21","slug":"ozuku-awasedo","status":"publish","type":"product","link":"https:\/\/jnats.eu\/de\/produkt-2\/ozuku-awasedo\/","title":{"rendered":"Ozuku Awasedo japanischer nat\u00fcrlicher Schleifstein"},"content":{"rendered":"<ul class=\"wp-block-list\">\n<li><strong>H\u00e4rte: Lv 4<\/strong><\/li>\n\n\n\n<li><strong>Abmessungen: 204x75x37 mm<\/strong><\/li>\n\n\n\n<li><strong>Gewicht: 1480 g<\/strong><\/li>\n\n\n\n<li>Perfekt zum Nachsch\u00e4rfen von Messern, Zimmermanns- und anderen Werkzeugen. Japanische Natursteine sorgen f\u00fcr eine l\u00e4ngere Klingenlebensdauer (im Vergleich zu synthetischen und insbesondere \u201eDiamant\u201c- und Elbor-Steinen) und eine gute Sch\u00e4rfe. Dar\u00fcber hinaus verhindert es die Bildung eines Angusses beim Sch\u00e4rfen, was den Prozess einfacher und schneller macht. Es empfiehlt sich, mit warmem Wasser zu arbeiten, denn nur dann entfalten sich die besten Schleifeigenschaften: Arbeitsgeschwindigkeit, Ansprechverhalten und Gleichm\u00e4\u00dfigkeit.<\/li>\n<\/ul>\n\n\n\n<figure class=\"wp-block-embed is-type-video is-provider-youtube wp-block-embed-youtube wp-embed-aspect-16-9 wp-has-aspect-ratio\"><div class=\"wp-block-embed__wrapper\">\n<div class=\"video-container\"><iframe title=\"Jnats: Umegahata Tomae, Ozuku, Shobudani Asagi\" width=\"1170\" height=\"658\" src=\"https:\/\/www.youtube.com\/embed\/mTqJM3yPskA?start=157&#038;feature=oembed\" frameborder=\"0\" allow=\"accelerometer; autoplay; clipboard-write; encrypted-media; gyroscope; picture-in-picture; web-share\" allowfullscreen><\/iframe><\/div>\n<\/div><\/figure>","protected":false},"excerpt":{"rendered":"<ul>\n<li><strong>H\u00e4rte: Lv 4<\/strong><\/li>\n<li><strong>Abmessungen: 204x75x37 mm<\/strong><\/li>\n<li><strong>Gewicht: 1480 g<\/strong><\/li>\n<li>Perfekt zum Nachsch\u00e4rfen von Messern, Zimmermanns- und anderen Werkzeugen. Japanische Natursteine sorgen f\u00fcr eine l\u00e4ngere Klingenlebensdauer (im Vergleich zu synthetischen und insbesondere \u201eDiamant\u201c- und Elbor-Steinen) und eine gute Sch\u00e4rfe. Dar\u00fcber hinaus verhindert es die Bildung eines Angusses beim Sch\u00e4rfen, was den Prozess einfacher und schneller macht. Es empfiehlt sich, mit warmem Wasser zu arbeiten, denn nur dann entfalten sich die besten Schleifeigenschaften: Arbeitsgeschwindigkeit, Ansprechverhalten und Gleichm\u00e4\u00dfigkeit.<\/li>\n<\/ul>","protected":false},"featured_media":1221,"comment_status":"open","ping_status":"closed","template":"","meta":[],"product_brand":[],"product_cat":[22],"product_tag":[40,66],"class_list":{"0":"post-288","1":"product","2":"type-product","3":"status-publish","4":"has-post-thumbnail","6":"product_cat-jnats","7":"product_tag-awasedo","8":"product_tag-ozuku","9":"product_shipping_class-iprastas","11":"first","12":"outofstock","13":"shipping-taxable","14":"purchasable","15":"product-type-simple"},"_links":{"self":[{"href":"https:\/\/jnats.eu\/de\/wp-json\/wp\/v2\/product\/288","targetHints":{"allow":["GET"]}}],"collection":[{"href":"https:\/\/jnats.eu\/de\/wp-json\/wp\/v2\/product"}],"about":[{"href":"https:\/\/jnats.eu\/de\/wp-json\/wp\/v2\/types\/product"}],"replies":[{"embeddable":true,"href":"https:\/\/jnats.eu\/de\/wp-json\/wp\/v2\/comments?post=288"}],"wp:featuredmedia":[{"embeddable":true,"href":"https:\/\/jnats.eu\/de\/wp-json\/wp\/v2\/media\/1221"}],"wp:attachment":[{"href":"https:\/\/jnats.eu\/de\/wp-json\/wp\/v2\/media?parent=288"}],"wp:term":[{"taxonomy":"product_brand","embeddable":true,"href":"https:\/\/jnats.eu\/de\/wp-json\/wp\/v2\/product_brand?post=288"},{"taxonomy":"product_cat","embeddable":true,"href":"https:\/\/jnats.eu\/de\/wp-json\/wp\/v2\/product_cat?post=288"},{"taxonomy":"product_tag","embeddable":true,"href":"https:\/\/jnats.eu\/de\/wp-json\/wp\/v2\/product_tag?post=288"}],"curies":[{"name":"wp","href":"https:\/\/api.w.org\/{rel}","templated":true}]}}