{"id":313,"date":"2024-03-02T14:13:44","date_gmt":"2024-03-02T12:13:44","guid":{"rendered":"http:\/\/jnats.eu\/?post_type=product&#038;p=313"},"modified":"2026-01-30T18:16:12","modified_gmt":"2026-01-30T16:16:12","slug":"vintage-japanische-rasiermesser-kamisori-nos","status":"publish","type":"product","link":"https:\/\/jnats.eu\/de\/produkt-2\/vintage-japanische-rasiermesser-kamisori-nos\/","title":{"rendered":"Iwasaki Sanjo Seisakusho \u4e09\u6761\u88fd\u4f5c\u6240 Shizusaburo und Henkotsu Vintage Japanische Rasiermesser Kamisori NOS"},"content":{"rendered":"<p>Der legend\u00e4re Schmied Shigeyoshi Iwasaki wurde 1933 geboren und wurde unter anderem von seinem Vater Dr. Iwasaki Kousuke unterrichtet, der Iwasaki Kamisori schuf, ebenfalls ein Metallurge, der f\u00fcr die Klassifizierung des japanischen Stahls ber\u00fchmt ist, d.h. \"gelbes Papier\", \"wei\u00dfes Papier\", \"blaues Papier\". usw.<br>Er besch\u00e4ftigte sich auch mit der Erforschung der antiken Schwerter und Messer, die im Syousou-In-Museum aus dem 8.<br>Wenn er nicht in seiner Schmiede arbeitete, unterrichtete er junge Schmiede aus Sanjo wie Shigefusa und Yoshikane in technischen Fertigkeiten und Metallurgietheorie. Heute ist Shigeyoshi Iwasaki im Ruhestand, aber sein Lehrling, Herr Ryoichi Mizuochi, stellt weitere wunderbare Rasiermesser mit dem unter Amateuren bekannten Logo her - drei Streifen in einem Kreis!<\/p>\n\n\n\n<p><strong>Henkotsu ist auch einer der wertvollsten japanischen Kamisori.<\/strong><\/p>\n\n\n\n<p>Wir stellen eine exklusive Kollektion japanischer Rasiermesser im Vintage-Stil vor - die Kamisori-Serie, die das Erlebnis der Bartpflege mit traditioneller japanischer Handwerkskunst und Pr\u00e4zision neu definieren soll.<br><br>Jedes Kamisori-Rasiermesser wird mit gr\u00f6\u00dfter Sorgfalt und Liebe zum Detail hergestellt und verk\u00f6rpert die zeitlose Eleganz und Leistung des japanischen Erbes. Diese Rasiermesser kombinieren nahtlos traditionelle Techniken mit modernen Merkmalen, um dem anspruchsvollen Menschen das ultimative Rasurerlebnis zu bieten. Die Klinge aus hartem Kohlenstoffstahl wird vom Schmied in eine weichere Stahlscheide geschmiedet, um maximale Sch\u00e4rfe und Haltbarkeit zu erreichen. Auf diese Weise werden die ber\u00fchmten japanischen Katana-Schwerter seit Jahrhunderten hergestellt.<br><br>Wesentliche Merkmale:<br><br>Authentische japanische Handwerkskunst: Kamisori-Rasierer werden in sorgf\u00e4ltiger Handarbeit von geschickten Handwerkern hergestellt, die ihr Handwerk seit Generationen verfeinert haben, um unvergleichliche Qualit\u00e4t und Pr\u00e4zision zu gew\u00e4hrleisten.<br><br>Erstklassige Materialien: F\u00fcr unsere Rasiermesser werden nur die besten Materialien verwendet, darunter hochwertiger Stahl und authentische japanische Legierungen, um Haltbarkeit und Langlebigkeit zu gew\u00e4hrleisten.<br><br>Zeitloses Design: Der Kamisori-Rasierer ist von der jahrhundertealten japanischen \u00c4sthetik inspiriert, mit klaren Linien, minimalistischer Eleganz und ergonomischen Griffen f\u00fcr einfache Handhabung und Man\u00f6vrierbarkeit.<br><br>Hervorragende Rasierleistung: Erleben Sie maximale Rasierpr\u00e4zision mit den Kamisori-Rasierern, die dank scharfer Klingen und ausgewogener Gewichtsverteilung f\u00fcr eine glatte, gr\u00fcndliche Rasur mit minimaler Reizung sorgen.<br><br>Vielseitigkeit: Egal, ob Sie eine saubere Rasur oder komplizierte Details bevorzugen, die Kamisori-Rasierer sind vielseitig und passen zu einer Vielzahl von Rasierstilen und -vorlieben, was sie zu einem unverzichtbaren Pflegewerkzeug f\u00fcr den modernen Gentleman macht.<br><br>Ein Sammlerst\u00fcck: Jedes Kamisori-Rasiermesser ist ein Zeugnis des reichen Erbes japanischer Handwerkskunst und damit nicht nur ein funktionelles Pflegeaccessoire, sondern auch ein wertvolles Sammlerst\u00fcck f\u00fcr Liebhaber der traditionellen Rasierkultur.<br><br>Genie\u00dfen Sie die Kunst der traditionellen japanischen Rasur mit den klassischen Kamisori-Rasierern und bringen Sie Ihre Rasierroutine auf ein neues Niveau von Raffinesse und Luxus. Erleben Sie den Unterschied, den Pr\u00e4zisionstechnik und zeitloses Design ausmachen k\u00f6nnen, um jedes Mal die perfekte Rasur zu erzielen.<\/p>","protected":false},"excerpt":{"rendered":"<ul>\n<li>NOS (New old stock) Unbenutzte, sorgf\u00e4ltig aufbewahrte traditionelle japanische Rasiermesser mit Schachteln seit Mitte des letzten Jahrhunderts.<\/li>\n<li>Zeigt Anzeichen von Korrosion.<\/li>\n<li>Die Klinge aus hartem Kohlenstoffstahl wird vom Schmied in eine weichere Stahlscheide eingesetzt, um maximale Sch\u00e4rfe und Haltbarkeit zu erreichen. Auf diese Weise werden seit Jahrhunderten die ber\u00fchmten japanischen Katana-Schwerter hergestellt.<\/li>\n<li>\n<p>Sehr seltene Rasiermesser, fr\u00fche Arbeiten von Shigeyoshi Iwasaki. In der Mitte des letzten Jahrhunderts war Iwasaki der einzige, der drei Linien in einem Kreis in einem Logo verwendete. Iwasaki arbeitete an Nippon-Rasiermessern, bevor er das Logo schuf. Shizusaburo schuf sein eigenes Logo nach dem Erscheinen dieses Rasiermessers.<\/p>\n<\/li>\n<li><strong>Links Nr. 2<\/strong><\/li>\n<li>Gesamtl\u00e4nge: 150 mm<\/li>\n<li>Klinge: 43x21x5 mm<\/li>\n<li>Gewicht: 36 g<\/li>\n<\/ul>","protected":false},"featured_media":1083,"comment_status":"open","ping_status":"closed","template":"","meta":[],"product_brand":[],"product_cat":[23],"product_tag":[25,55],"class_list":{"0":"post-313","1":"product","2":"type-product","3":"status-publish","4":"has-post-thumbnail","6":"product_cat-razors","7":"product_tag-kamisori","8":"product_tag-nos","9":"product_shipping_class-light","11":"first","12":"instock","13":"sold-individually","14":"shipping-taxable","15":"product-type-variable"},"_links":{"self":[{"href":"https:\/\/jnats.eu\/de\/wp-json\/wp\/v2\/product\/313","targetHints":{"allow":["GET"]}}],"collection":[{"href":"https:\/\/jnats.eu\/de\/wp-json\/wp\/v2\/product"}],"about":[{"href":"https:\/\/jnats.eu\/de\/wp-json\/wp\/v2\/types\/product"}],"replies":[{"embeddable":true,"href":"https:\/\/jnats.eu\/de\/wp-json\/wp\/v2\/comments?post=313"}],"wp:featuredmedia":[{"embeddable":true,"href":"https:\/\/jnats.eu\/de\/wp-json\/wp\/v2\/media\/1083"}],"wp:attachment":[{"href":"https:\/\/jnats.eu\/de\/wp-json\/wp\/v2\/media?parent=313"}],"wp:term":[{"taxonomy":"product_brand","embeddable":true,"href":"https:\/\/jnats.eu\/de\/wp-json\/wp\/v2\/product_brand?post=313"},{"taxonomy":"product_cat","embeddable":true,"href":"https:\/\/jnats.eu\/de\/wp-json\/wp\/v2\/product_cat?post=313"},{"taxonomy":"product_tag","embeddable":true,"href":"https:\/\/jnats.eu\/de\/wp-json\/wp\/v2\/product_tag?post=313"}],"curies":[{"name":"wp","href":"https:\/\/api.w.org\/{rel}","templated":true}]}}