{"id":3175,"date":"2025-02-12T14:37:19","date_gmt":"2025-02-12T12:37:19","guid":{"rendered":"https:\/\/jnats.eu\/?post_type=product&#038;p=3175"},"modified":"2026-04-11T09:30:05","modified_gmt":"2026-04-11T06:30:05","slug":"schluchten","status":"publish","type":"product","link":"https:\/\/jnats.eu\/de\/produkt-2\/schluchten\/","title":{"rendered":"Aizu Medium Whetstone"},"content":{"rendered":"<p>Wie die meisten Aizu hat dieser Stein eine mittlere H\u00e4rte und l\u00f6st sich nicht so leicht aus seiner Suspension. Er l\u00e4sst sich gut schleifen, solange die Oberfl\u00e4che feucht bleibt. Ideale Form. Dieser Stein entspricht k\u00fcnstlichen Produkten mit einer K\u00f6rnung von etwa 800-1500. Er kann verwendet werden, um das Sch\u00e4rfen von Messern zu beenden oder um die Oberfl\u00e4che f\u00fcr die weitere Bearbeitung mit einem anderen Naturstein vorzubereiten. Sie k\u00f6nnen die Geschwindigkeit und die Leichtigkeit des Schleifens erh\u00f6hen, indem Sie eine Aufschl\u00e4mmung verwenden, die durch eine Diamantplatte erzwungen wird.<\/p>\n\n\n\n<p>Dieser Stein hat die f\u00fcr Aizu charakteristische hellgraue Farbe mit dunklen und wei\u00dfen Flecken.<\/p>\n\n\n\n<figure class=\"wp-block-embed is-type-video is-provider-youtube wp-block-embed-youtube wp-embed-aspect-16-9 wp-has-aspect-ratio\"><div class=\"wp-block-embed__wrapper\">\n<div class=\"video-container\"><iframe title=\"Aizu Medium Whetstone Jnats\" width=\"1170\" height=\"658\" src=\"https:\/\/www.youtube.com\/embed\/YkGH4UyfKrg?feature=oembed\" frameborder=\"0\" allow=\"accelerometer; autoplay; clipboard-write; encrypted-media; gyroscope; picture-in-picture; web-share\" referrerpolicy=\"strict-origin-when-cross-origin\" allowfullscreen><\/iframe><\/div>\n<\/div><\/figure>\n\n\n\n<p><strong>Aizu (\u4f1a\u6d25\u7825)<\/strong><br>Diese Mine liegt nicht wie die meisten anderen in der N\u00e4he von Kyoto, sondern weiter n\u00f6rdlich bei Fukushima. Diese Steine sind vielleicht die begehrtesten mittelk\u00f6rnigen Nakatoishi aus Japan. Die Farbe der nat\u00fcrlichen Sch\u00e4rfsteine von Aizu reicht in der Regel von hellgrau oder bl\u00e4ulich bis mintgr\u00fcn mit wei\u00dfen Flecken und seltenen schwarzen oder grauen \"Lotusringen\". Die Mine wurde in den 1960er Jahren aufgrund von Gesundheitsproblemen bei den Minenarbeitern geschlossen.<\/p>\n\n\n\n<p>Sehen Sie sich das Video an, um zu erfahren, wie dieser Aizu-Stein funktioniert:<\/p>\n\n\n\n<figure class=\"wp-block-embed is-type-video is-provider-youtube wp-block-embed-youtube wp-embed-aspect-16-9 wp-has-aspect-ratio\"><div class=\"wp-block-embed__wrapper\">\n<div class=\"video-container\"><iframe title=\"Aizu-Schleifsteine Stufe 3 \u2013 4,5 vs. Aogami-Stahl\" width=\"1170\" height=\"658\" src=\"https:\/\/www.youtube.com\/embed\/VdMya5Knqzs?feature=oembed\" frameborder=\"0\" allow=\"accelerometer; autoplay; clipboard-write; encrypted-media; gyroscope; picture-in-picture; web-share\" referrerpolicy=\"strict-origin-when-cross-origin\" allowfullscreen><\/iframe><\/div>\n<\/div><\/figure>","protected":false},"excerpt":{"rendered":"<ul>\n<li>Gewicht: ca. 480 g<\/li>\n<li>Abmessungen: 150x45x30 mm<\/li>\n<li>Korngr\u00f6\u00dfe etwa #800-1500<\/li>\n<li>H\u00e4rte Stufe 3<\/li>\n<li>Er eignet sich eher f\u00fcr die mittlere Stufe des Polierens oder als Schlammspender (Nagura) als zum direkten Sch\u00e4rfen, da diese Steine sehr weich sind.<\/li>\n<\/ul>","protected":false},"featured_media":3933,"comment_status":"open","ping_status":"closed","template":"","meta":[],"product_brand":[],"product_cat":[22],"product_tag":[299,300],"class_list":{"0":"post-3175","1":"product","2":"type-product","3":"status-publish","4":"has-post-thumbnail","6":"product_cat-jnats","7":"product_tag-aizu","8":"product_tag-medium","9":"product_shipping_class-iprastas","11":"first","12":"outofstock","13":"sale","14":"shipping-taxable","15":"purchasable","16":"product-type-simple"},"_links":{"self":[{"href":"https:\/\/jnats.eu\/de\/wp-json\/wp\/v2\/product\/3175","targetHints":{"allow":["GET"]}}],"collection":[{"href":"https:\/\/jnats.eu\/de\/wp-json\/wp\/v2\/product"}],"about":[{"href":"https:\/\/jnats.eu\/de\/wp-json\/wp\/v2\/types\/product"}],"replies":[{"embeddable":true,"href":"https:\/\/jnats.eu\/de\/wp-json\/wp\/v2\/comments?post=3175"}],"wp:featuredmedia":[{"embeddable":true,"href":"https:\/\/jnats.eu\/de\/wp-json\/wp\/v2\/media\/3933"}],"wp:attachment":[{"href":"https:\/\/jnats.eu\/de\/wp-json\/wp\/v2\/media?parent=3175"}],"wp:term":[{"taxonomy":"product_brand","embeddable":true,"href":"https:\/\/jnats.eu\/de\/wp-json\/wp\/v2\/product_brand?post=3175"},{"taxonomy":"product_cat","embeddable":true,"href":"https:\/\/jnats.eu\/de\/wp-json\/wp\/v2\/product_cat?post=3175"},{"taxonomy":"product_tag","embeddable":true,"href":"https:\/\/jnats.eu\/de\/wp-json\/wp\/v2\/product_tag?post=3175"}],"curies":[{"name":"wp","href":"https:\/\/api.w.org\/{rel}","templated":true}]}}