{"id":3184,"date":"2025-09-30T11:13:34","date_gmt":"2025-09-30T08:13:34","guid":{"rendered":"https:\/\/jnats.eu\/?post_type=product&#038;p=3184"},"modified":"2026-04-07T17:08:21","modified_gmt":"2026-04-07T14:08:21","slug":"jun-mikawa-shiro-nagura-mejiro-button-rinkinys","status":"publish","type":"product","link":"https:\/\/jnats.eu\/de\/produkt-2\/jun-mikawa-shiro-nagura-mejiro-button-rinkinys\/","title":{"rendered":"Satz Mikawa Shiro Nagura Koma + Mejiro + Botan"},"content":{"rendered":"<p>Wie andere Naguras wird Mikawa Asano traditionell zur Herstellung einer Schleifpaste auf einem nat\u00fcrlichen Schleifstein verwendet. Der Unterschied zu anderen ist hon. Asano ist ein Versuch, ein kostenloses Bewertungssystem zu schaffen, das es dem Benutzer erm\u00f6glicht, einen Sch\u00e4rfungsverlauf von grob bis fein zu w\u00e4hlen.<\/p>\n\n\n\n<p>Die Nagelpensie beschleunigt die Arbeit von langsameren Natursteinen, sch\u00e4rft Stahlkarbide und h\u00e4lt Werkzeuge viel l\u00e4nger scharf. Es kann auch auf synthetischen Steinen verwendet werden, macht sie weicher und sauberer. Es ist auch m\u00f6glich, die Rasiermesser auf fl\u00fcssiger Suspension zu beenden, wenn Sie eine nicht-aggressive und sichere Rasur w\u00fcnschen.<\/p>\n\n\n\n<figure class=\"wp-block-embed is-type-video is-provider-youtube wp-block-embed-youtube wp-embed-aspect-16-9 wp-has-aspect-ratio\"><div class=\"wp-block-embed__wrapper\">\n<div class=\"video-container\"><iframe title=\"Sch\u00e4rfen eines Henkotsu Kamisori auf einem Nakayama Asagi Premium-Schleifstein | Mejiro, Tenjo &amp; Koma Nagura\" width=\"1170\" height=\"658\" src=\"https:\/\/www.youtube.com\/embed\/xLUXM45tq0o?start=491&#038;feature=oembed\" frameborder=\"0\" allow=\"accelerometer; autoplay; clipboard-write; encrypted-media; gyroscope; picture-in-picture; web-share\" referrerpolicy=\"strict-origin-when-cross-origin\" allowfullscreen><\/iframe><\/div>\n<\/div><\/figure>\n\n\n\n<p>Tats\u00e4chlich reicht eine einzige Runde zum Sch\u00e4rfen aus, da die nat\u00fcrlichen Schleifpartikel beim Sch\u00e4rfen zerfallen und feiner werden. Bei Bedarf kann die Aufh\u00e4ngung mit demselben Mikawa Nagura erneut erstellt werden.<\/p>\n\n\n\n<p>Die Ausnahme von der Regel ist Muchi. Letzteres kann in manchen F\u00e4llen zu rau sein und es ist nicht ratsam, es f\u00fcr Rasierer zu verwenden.<\/p>\n\n\n\n<p>Diese Art von Stein wird in der Mine Junmikawa Shiro im Bezirk Kitashitara der Pr\u00e4fektur Aichi abgebaut. Das dort gefundene Gestein besteht je nach Ausgrabungsgebiet aus 10 bis 12 Schichten. Von diesen Schichten sind 8 verwendbar und 4 davon sind die beliebtesten. Bereiche mit 12 nutzbaren Schichten umfassen zwei verschiedene Tenjyo-Schichten sowie Yae Botan und Botan, die sich sehr \u00e4hneln. Wie bei allen japanischen Natursteinen kann jedes einzelne Exemplar variieren.<\/p>\n\n\n\n<p>Mikawa Nagura wird wie folgt vom gr\u00f6bsten zum feinsten sortiert:&nbsp;<strong>Mushi [\u30e0\u30b7] &gt; Ban [\u30d0\u30f3] &gt; Atsu [\u30a2\u30c4] &gt; Yae Botan [\u516b\u91cd\u30dc\u30bf\u30f3] &gt; Botan [\u30dc\u30bf\u30f3] &gt; Tenjyo [\u5929\u4e0a] &gt; Mejiro [\u76ee\u767d] &gt; Koma [\u30b3\u30de]<\/strong><\/p>\n\n\n\n<p>Mikawa nagura werden nach ihrer Arbeitsgeschwindigkeit wie folgt eingeteilt:<strong> Ban &gt; Koma &gt; Yae Botan &gt; Botan &gt; Atsu &gt;Tenjo &gt; Mejiro.<\/strong><\/p>\n\n\n\n<p>Nach dem Nagur wird das Sch\u00e4rfen normalerweise auf demselben sauberen Stein durchgef\u00fchrt, der als Basis diente. Manche beenden den Sch\u00e4rfvorgang von Rasierern mit einer fl\u00fcssigen Suspension und erreichen auf diese Weise eine schonende und sichere Rasur, denn dann wird die Klinge nicht aggressiv zur Haut, sondern schneidet die Haare.<\/p>\n\n\n\n<h2 class=\"wp-block-heading\">Jun Mikawa Shiro Nagura Typen<\/h2>\n\n\n\n<figure class=\"wp-block-table\"><table class=\"has-fixed-layout\"><thead><tr><th>Japanischer Name<\/th><th>Kanji\/Schrift<\/th><th>Beschreibung<\/th><th>Typische Verwendung<\/th><\/tr><\/thead><tbody><tr><td>Koma<\/td><td>\u99d2 \/ \u30b3\u30de<\/td><td>Die kleinste und eine der effektivsten Nagura in der Jun Mikawa Shiro Serie. Erzeugt eine sehr feine Federung.<\/td><td>Letzte Runde, Rasierklingen und Messer<\/td><\/tr><tr><td>Mejiro<\/td><td>\u76ee\u767d<\/td><td>Sehr klein, fast so gro\u00df wie ein Coma.<\/td><td>Sp\u00e4te Polierphase<\/td><\/tr><tr><td>Tenjyo (Tenjou)<\/td><td>\u5929\u4e0a<\/td><td>Ausgewogenes Verh\u00e4ltnis von Feinheit und Schleifleistung. Eines der vielseitigsten Sch\u00e4rfger\u00e4te.<\/td><td>Mittlere bis sp\u00e4te Phase<\/td><\/tr><tr><td>Botanisch<\/td><td>\u7261\u4e39<\/td><td>Gute Schleifleistung, recht aktive Federung. Immer mit einem Grundstein verwendet.<\/td><td>Fr\u00fches Stadium von nagura<\/td><\/tr><tr><td>Yae Botan<\/td><td>\u516b\u91cd\u7261\u4e39<\/td><td>\u00c4hnlich wie Botan, aber oft eine etwas weichere und feinere Suspension.<\/td><td>Fr\u00fches bis mittleres Stadium<\/td><\/tr><tr><td>Atsu<\/td><td>\u539a<\/td><td>Ein bisschen rauer.<\/td><td>Manchmal f\u00fcr grobe Arbeiten verwendet<\/td><\/tr><tr><td>Verbot<\/td><td>\u76e4<\/td><td>Einer der rauesten Mikawa nagura.<\/td><td>F\u00fcr grobes Sch\u00e4rfen<\/td><\/tr><\/tbody><\/table><\/figure>\n\n\n\n<p>Qualit\u00e4tsklassen:<\/p>\n\n\n\n<ul class=\"wp-block-list\">\n<li><strong>\u5225\u4e0a (Betsuj\u014d)<\/strong> - hohe Qualit\u00e4t<\/li>\n\n\n\n<li><strong>\u7279\u7d1a (Tokky\u016b)<\/strong> - h\u00f6chste Qualit\u00e4t<\/li>\n<\/ul>\n\n\n\n<h2 class=\"wp-block-heading\">Reihenfolge der Feinheit (von der kleinsten zur gr\u00f6bsten)<\/h2>\n\n\n\n<figure class=\"wp-block-table\"><table class=\"has-fixed-layout\"><thead><tr><th>Einzelheiten<\/th><th>Typ<\/th><\/tr><\/thead><tbody><tr><td>1 (kleinste)<\/td><td>\u99d2 \/ \u30b3\u30de Koma<\/td><\/tr><tr><td>2<\/td><td>\u76ee\u767d Mejiro<\/td><\/tr><tr><td>3<\/td><td>\u5929\u4e0a Tenjyo<\/td><\/tr><tr><td>4<\/td><td>\u7261\u4e39 Botanisch<\/td><\/tr><tr><td>5<\/td><td>\u516b\u91cd\u7261\u4e39 Yae Botan<\/td><\/tr><tr><td>6<\/td><td>\u539a Atsu<\/td><\/tr><tr><td>7<\/td><td>\u76e4 Ban<\/td><\/tr><\/tbody><\/table><\/figure>\n\n\n\n<hr class=\"wp-block-separator has-alpha-channel-opacity\"\/>\n\n\n\n<p>In der Praxis bedeutet dies insbesondere <strong>beim Sch\u00e4rfen von Rasiermessern<\/strong>, wird in der Regel eine Progression verwendet:<\/p>\n\n\n\n<p><strong>\u7261\u4e39 Botan \u2192 \u5929\u4e0a Tenjyo \u2192 \u76ee\u767d Mejiro \u2192 \u99d2 Koma<\/strong><\/p>","protected":false},"excerpt":{"rendered":"<ol>\n<li>Koma + Mejiro + Botan Gesamtgewicht 185 g\u00a0<\/li>\n<li>Koma + Mejiro + Botan Gesamtgewicht 190 g<\/li>\n<li>Koma + Mejiro + Botan Gesamtgewicht 200 g<\/li>\n<li>Koma + Mejiro + Botan Gesamtgewicht 183 g<\/li>\n<li>Koma + Mejiro + Botan Gesamtgewicht 178 g<\/li>\n<li>Koma + Mejiro + Botan Gesamtgewicht 185 g<\/li>\n<li>Koma + Mejiro + Botan Gesamtgewicht 225 g<\/li>\n<li>Gewicht von Mejiro 218 g<\/li>\n<li>Gewicht von Mejiro 438 g<\/li>\n<\/ol>\n<p>Wenn Sie den Artikel nicht in der Dropdown-Liste sehen, ist er verkauft.<\/p>","protected":false},"featured_media":5278,"comment_status":"open","ping_status":"closed","template":"","meta":[],"product_brand":[],"product_cat":[22],"product_tag":[152,301,153],"class_list":{"0":"post-3184","1":"product","2":"type-product","3":"status-publish","4":"has-post-thumbnail","6":"product_cat-jnats","7":"product_tag-button","8":"product_tag-mejiro","9":"product_tag-nagura","10":"product_shipping_class-light","12":"first","13":"instock","14":"shipping-taxable","15":"purchasable","16":"product-type-variable"},"_links":{"self":[{"href":"https:\/\/jnats.eu\/de\/wp-json\/wp\/v2\/product\/3184","targetHints":{"allow":["GET"]}}],"collection":[{"href":"https:\/\/jnats.eu\/de\/wp-json\/wp\/v2\/product"}],"about":[{"href":"https:\/\/jnats.eu\/de\/wp-json\/wp\/v2\/types\/product"}],"replies":[{"embeddable":true,"href":"https:\/\/jnats.eu\/de\/wp-json\/wp\/v2\/comments?post=3184"}],"wp:featuredmedia":[{"embeddable":true,"href":"https:\/\/jnats.eu\/de\/wp-json\/wp\/v2\/media\/5278"}],"wp:attachment":[{"href":"https:\/\/jnats.eu\/de\/wp-json\/wp\/v2\/media?parent=3184"}],"wp:term":[{"taxonomy":"product_brand","embeddable":true,"href":"https:\/\/jnats.eu\/de\/wp-json\/wp\/v2\/product_brand?post=3184"},{"taxonomy":"product_cat","embeddable":true,"href":"https:\/\/jnats.eu\/de\/wp-json\/wp\/v2\/product_cat?post=3184"},{"taxonomy":"product_tag","embeddable":true,"href":"https:\/\/jnats.eu\/de\/wp-json\/wp\/v2\/product_tag?post=3184"}],"curies":[{"name":"wp","href":"https:\/\/api.w.org\/{rel}","templated":true}]}}