{"id":3257,"date":"2024-09-09T09:52:17","date_gmt":"2024-09-09T06:52:17","guid":{"rendered":"https:\/\/jnats.eu\/?post_type=product&#038;p=3257"},"modified":"2024-11-23T10:54:43","modified_gmt":"2024-11-23T08:54:43","slug":"naniwa-jyunpaku-galandinimo-akmuo-8000","status":"publish","type":"product","link":"https:\/\/jnats.eu\/de\/produkt-2\/naniwa-jyunpaku-galandinimo-akmuo-8000\/","title":{"rendered":"Naniwa Jyunpaku Sch\u00e4rfstein #8000 +30 Sch\u00e4rfen +47 3000"},"content":{"rendered":"<p>Der Naniwa Jyunpaku Sch\u00e4rfstein 8000 ist extrem fein, um den Messern eine sehr scharfe Kante zu geben. Jyunpaku ist eines der beliebtesten Produkte in der Naniwa Bereich.<\/p>\n\n\n\n<p>In der Welt des Abziehens ist dieser Stein auch als \"Schneewittchen\" bekannt. Nicht nur wegen seiner schneewei\u00dfen Farbe, sondern auch wegen seiner atemberaubenden, spiegelgleichen Sch\u00e4rfergebnisse. Trotz dieses Rufs und der hohen Nachfrage gibt es nur relativ wenige dieser Schleifsteine auf dem Markt, da Naniwa nur eine begrenzte Menge an Jyunpaku produziert. Dadurch wird sichergestellt, dass sie die Qualit\u00e4t jedes einzelnen Schleifsteins kontrollieren. <\/p>\n\n\n\n<p>Der Naniwa Jyunpaku muss vor dem Gebrauch einige Minuten in Wasser getaucht werden. Im Vergleich zu billigeren Wassersteinen, werden Sie feststellen, dass dieser Schleifstein nicht viel zus\u00e4tzliches Wasser ben\u00f6tigt und es sehr gut aufnimmt. Daher m\u00fcssen Sie den Stein nicht so oft befeuchten, wenn Sie das Messer sch\u00e4rfen. Dunkle Metallpartikel sind auf der hellen Schleiffl\u00e4che nat\u00fcrlich gut sichtbar, daher empfehlen wir, die Oberfl\u00e4che des Steins nach dem Gebrauch mit einem daf\u00fcr vorgesehenen Produkt zu reinigen. Auf diese Weise bleibt der Stein sch\u00f6n und wei\u00df.<\/p>\n\n\n\n<p>Lassen Sie den Stein nach dem Gebrauch bei Raumtemperatur trocknen. <\/p>","protected":false},"excerpt":{"rendered":"<ul>\n<li>Abmessungen: 210x70x20mm<\/li>\n<li>Gewicht: 660 g<\/li>\n<li>Korngr\u00f6\u00dfe: #8000<\/li>\n<li>Vor der Verwendung sollte der Stein einige Minuten lang in Wasser eingeweicht werden, bis keine Luftblasen mehr aufsteigen.<\/li>\n<\/ul>","protected":false},"featured_media":3259,"comment_status":"open","ping_status":"closed","template":"","meta":[],"product_brand":[],"product_cat":[290],"product_tag":[303,197],"class_list":{"0":"post-3257","1":"product","2":"type-product","3":"status-publish","4":"has-post-thumbnail","6":"product_cat-whetstones","7":"product_tag-303","8":"product_tag-naniwa","9":"product_shipping_class-iprastas","11":"first","12":"outofstock","13":"shipping-taxable","14":"purchasable","15":"product-type-simple"},"_links":{"self":[{"href":"https:\/\/jnats.eu\/de\/wp-json\/wp\/v2\/product\/3257","targetHints":{"allow":["GET"]}}],"collection":[{"href":"https:\/\/jnats.eu\/de\/wp-json\/wp\/v2\/product"}],"about":[{"href":"https:\/\/jnats.eu\/de\/wp-json\/wp\/v2\/types\/product"}],"replies":[{"embeddable":true,"href":"https:\/\/jnats.eu\/de\/wp-json\/wp\/v2\/comments?post=3257"}],"wp:featuredmedia":[{"embeddable":true,"href":"https:\/\/jnats.eu\/de\/wp-json\/wp\/v2\/media\/3259"}],"wp:attachment":[{"href":"https:\/\/jnats.eu\/de\/wp-json\/wp\/v2\/media?parent=3257"}],"wp:term":[{"taxonomy":"product_brand","embeddable":true,"href":"https:\/\/jnats.eu\/de\/wp-json\/wp\/v2\/product_brand?post=3257"},{"taxonomy":"product_cat","embeddable":true,"href":"https:\/\/jnats.eu\/de\/wp-json\/wp\/v2\/product_cat?post=3257"},{"taxonomy":"product_tag","embeddable":true,"href":"https:\/\/jnats.eu\/de\/wp-json\/wp\/v2\/product_tag?post=3257"}],"curies":[{"name":"wp","href":"https:\/\/api.w.org\/{rel}","templated":true}]}}