{"id":3315,"date":"2024-09-30T12:40:24","date_gmt":"2024-09-30T09:40:24","guid":{"rendered":"https:\/\/jnats.eu\/?post_type=product&#038;p=3315"},"modified":"2026-01-23T14:41:19","modified_gmt":"2026-01-23T12:41:19","slug":"aoto-medium-whetstone-sun-tiger","status":"publish","type":"product","link":"https:\/\/jnats.eu\/de\/produkt-2\/aoto-medium-whetstone-sun-tiger\/","title":{"rendered":"Aoto Medium Whetstone Sun Tiger"},"content":{"rendered":"<p>Vintage mittelk\u00f6rnigen weichen Sch\u00e4rfstein Aoto (japanisch f\u00fcr Blue Stone) aus der Region Tanba. Korngr\u00f6\u00dfe etwa #2000. Es ist sehr einfach zu bedienen und mit st\u00e4rkerem Druck k\u00f6nnen Sie eine beeindruckende Menge an Schlamm zu bauen. Mit der richtigen Menge Wasser k\u00f6nnen Sie eine sehr gleichm\u00e4\u00dfige Oberfl\u00e4che mit viel Kontrast und kaum sichtbaren Kratzern hinterlassen. Trinken Sie Wasser.<\/p>\n\n\n\n<p>Mit Herstellerkarton in gutem Zustand.<\/p>\n\n\n\n<figure class=\"wp-block-embed is-type-video is-provider-youtube wp-block-embed-youtube wp-embed-aspect-16-9 wp-has-aspect-ratio\"><div class=\"wp-block-embed__wrapper\">\n<div class=\"video-container\"><iframe title=\"Aoto Medium Whetstone Sonne Tiger Marke\" width=\"1170\" height=\"658\" src=\"https:\/\/www.youtube.com\/embed\/QozN3YmvHfU?feature=oembed\" frameborder=\"0\" allow=\"accelerometer; autoplay; clipboard-write; encrypted-media; gyroscope; picture-in-picture; web-share\" referrerpolicy=\"strict-origin-when-cross-origin\" allowfullscreen><\/iframe><\/div>\n<\/div><\/figure>","protected":false},"excerpt":{"rendered":"<ul>\n<li>Aoto Medium Whetstone Sun Tiger Marke<\/li>\n<li>Korngr\u00f6\u00dfe ca. #2000<\/li>\n<li>H\u00e4rte: Lv 3<\/li>\n<li>Abmessungen: 225x60x60mm<\/li>\n<li>Gewicht: 1870 g.<\/li>\n<li><strong>Er hat Risse, die f\u00fcr diese Art von Stein charakteristisch sind und sich nicht ausdehnen d\u00fcrfen.<\/strong><\/li>\n<\/ul>","protected":false},"featured_media":3319,"comment_status":"open","ping_status":"closed","template":"","meta":[],"product_brand":[],"product_cat":[22],"product_tag":[304,300],"class_list":{"0":"post-3315","1":"product","2":"type-product","3":"status-publish","4":"has-post-thumbnail","6":"product_cat-jnats","7":"product_tag-aoto","8":"product_tag-medium","9":"product_shipping_class-iprastas","11":"first","12":"outofstock","13":"sale","14":"shipping-taxable","15":"purchasable","16":"product-type-simple"},"_links":{"self":[{"href":"https:\/\/jnats.eu\/de\/wp-json\/wp\/v2\/product\/3315","targetHints":{"allow":["GET"]}}],"collection":[{"href":"https:\/\/jnats.eu\/de\/wp-json\/wp\/v2\/product"}],"about":[{"href":"https:\/\/jnats.eu\/de\/wp-json\/wp\/v2\/types\/product"}],"replies":[{"embeddable":true,"href":"https:\/\/jnats.eu\/de\/wp-json\/wp\/v2\/comments?post=3315"}],"wp:featuredmedia":[{"embeddable":true,"href":"https:\/\/jnats.eu\/de\/wp-json\/wp\/v2\/media\/3319"}],"wp:attachment":[{"href":"https:\/\/jnats.eu\/de\/wp-json\/wp\/v2\/media?parent=3315"}],"wp:term":[{"taxonomy":"product_brand","embeddable":true,"href":"https:\/\/jnats.eu\/de\/wp-json\/wp\/v2\/product_brand?post=3315"},{"taxonomy":"product_cat","embeddable":true,"href":"https:\/\/jnats.eu\/de\/wp-json\/wp\/v2\/product_cat?post=3315"},{"taxonomy":"product_tag","embeddable":true,"href":"https:\/\/jnats.eu\/de\/wp-json\/wp\/v2\/product_tag?post=3315"}],"curies":[{"name":"wp","href":"https:\/\/api.w.org\/{rel}","templated":true}]}}