{"id":340,"date":"2024-03-03T16:17:30","date_gmt":"2024-03-03T14:17:30","guid":{"rendered":"http:\/\/jnats.eu\/?post_type=product&#038;p=340"},"modified":"2024-09-21T11:33:09","modified_gmt":"2024-09-21T08:33:09","slug":"otaniyama-asagi-rasiermesser-schleifstein","status":"publish","type":"product","link":"https:\/\/jnats.eu\/de\/produkt-2\/otaniyama-asagi-rasiermesser-schleifstein\/","title":{"rendered":"Otaniyama Asagi Razor Finishing Whetstone"},"content":{"rendered":"<p>Gro\u00dfformatige Otaniyama-Steine sind im Handel fast nicht mehr erh\u00e4ltlich. Otaniyama liegt etwa 10 km nordwestlich der Innenstadt von Kameoka.<\/p>\n\n\n\n<p>Der Schacht wurde an einem Ort namens Mount Otani gegraben, einem Sammelbegriff f\u00fcr mehrere Berge. Der Stein wurde in ganz Japan als Rasiermesserstein beliebt.<\/p>\n\n\n\n<p>Obwohl es sich um einen hervorragenden Schleifstein handelt, ist er nicht allgemein bekannt. Das Kameoka-Gebiet, in dem viele feine Steine zum Sch\u00e4rfen abgebaut wurden, aber die Menschen, die dort arbeiteten, waren keine Mitglieder der Kyoto Natural Stone Association. Es wird angenommen, dass diese Art von Stein nicht sehr bekannt war, da seine Bergleute keinen Zugang zu der oben genannten Organisation hatten. Viele waren jedoch von der Perfektion dieses Schleifsteins angezogen und begannen, ihn f\u00fcr Rasierer zu verwenden. <\/p>\n\n\n\n<p>Das Handelsunternehmen machte Friseursalons in ganz Japan \u00fcber T\u00fcr-zu-T\u00fcr-Verk\u00e4ufe bekannt. Die Sch\u00e4rfe des Rasiermessers ist in einem Friseursalon genauso wichtig wie f\u00fcr einen Friseur. Barbershop-Besitzer waren bei der Auswahl der Schleifsteine vorsichtig, da sie mit dem Ruf des Unternehmens verbunden waren. Es handelt sich um einen Stein mit einer langen Verbreitungsgeschichte. Wenn die Reaktion auf Stahl nicht hart genug erscheint, kann er nat\u00fcrlich auch als Rasierstein verwendet werden.<\/p>\n\n\n\n<p>Ich habe geh\u00f6rt, dass damals gro\u00dfe St\u00fccke f\u00fcr 10.000 Yen verkauft wurden. Wenn man den aktuellen Geldwert umrechnet, betr\u00e4gt er etwa 200.000 Yen (ca. 1.220 \u20ac). Wie der Name schon sagt, eignet sich dieser Schleifstein zum Endsch\u00e4rfen von Rasiermessern, Messern, kleinen Klingen, Hobeln, Mei\u00dfeln und mehr. f\u00fcr die Schleifphase.<\/p>\n\n\n\n<p>Kaltes Wasser verschlechtert die Reaktion des Stahls mit der Zeit erheblich. Verwenden Sie daher beim Sch\u00e4rfen unbedingt warmes Wasser mit einer Temperatur von etwa 42 Grad.<\/p>\n\n\n\n<figure class=\"wp-block-embed is-type-video is-provider-youtube wp-block-embed-youtube wp-embed-aspect-16-9 wp-has-aspect-ratio\"><div class=\"wp-block-embed__wrapper\">\n<div class=\"video-container\"><iframe title=\"Otaniyama Daigokujo - Bester nat\u00fcrlicher Wetzstein f\u00fcr Rasiermesser\" width=\"1170\" height=\"658\" src=\"https:\/\/www.youtube.com\/embed\/6k_XyH2uSsI?feature=oembed\" frameborder=\"0\" allow=\"accelerometer; autoplay; clipboard-write; encrypted-media; gyroscope; picture-in-picture; web-share\" referrerpolicy=\"strict-origin-when-cross-origin\" allowfullscreen><\/iframe><\/div>\n<\/div><\/figure>","protected":false},"excerpt":{"rendered":"<ul>\n<li>Gr\u00f6\u00dfe ca. 20,5 x 7,7 x 3,7 cm<\/li>\n<li>\u00a0Gewicht ca. 1330 g<\/li>\n<li>H\u00e4rtestufe 4<\/li>\n<li>Wirkt schnell und sorgt f\u00fcr eine sanfte Rasur. Die Haare werden unmittelbar nach der Bearbeitung auf dem Stein geschnitten. Nagura oder Diamantplatte sind nicht erforderlich.<\/li>\n<li>Einer der besten Rasierklingensteine, die ich gesehen habe. Nicht sehr sch\u00f6n, aber es funktioniert gut.<\/li>\n<\/ul>","protected":false},"featured_media":346,"comment_status":"open","ping_status":"closed","template":"","meta":[],"product_brand":[],"product_cat":[22],"product_tag":[45,71,70,69,72],"class_list":{"0":"post-340","1":"product","2":"type-product","3":"status-publish","4":"has-post-thumbnail","6":"product_cat-jnats","7":"product_tag-asagi","8":"product_tag-finishing","9":"product_tag-otaniyama","10":"product_tag-otaniyama-asagi","11":"product_tag-razor","12":"product_shipping_class-iprastas","14":"first","15":"outofstock","16":"sale","17":"shipping-taxable","18":"purchasable","19":"product-type-simple"},"_links":{"self":[{"href":"https:\/\/jnats.eu\/de\/wp-json\/wp\/v2\/product\/340","targetHints":{"allow":["GET"]}}],"collection":[{"href":"https:\/\/jnats.eu\/de\/wp-json\/wp\/v2\/product"}],"about":[{"href":"https:\/\/jnats.eu\/de\/wp-json\/wp\/v2\/types\/product"}],"replies":[{"embeddable":true,"href":"https:\/\/jnats.eu\/de\/wp-json\/wp\/v2\/comments?post=340"}],"wp:featuredmedia":[{"embeddable":true,"href":"https:\/\/jnats.eu\/de\/wp-json\/wp\/v2\/media\/346"}],"wp:attachment":[{"href":"https:\/\/jnats.eu\/de\/wp-json\/wp\/v2\/media?parent=340"}],"wp:term":[{"taxonomy":"product_brand","embeddable":true,"href":"https:\/\/jnats.eu\/de\/wp-json\/wp\/v2\/product_brand?post=340"},{"taxonomy":"product_cat","embeddable":true,"href":"https:\/\/jnats.eu\/de\/wp-json\/wp\/v2\/product_cat?post=340"},{"taxonomy":"product_tag","embeddable":true,"href":"https:\/\/jnats.eu\/de\/wp-json\/wp\/v2\/product_tag?post=340"}],"curies":[{"name":"wp","href":"https:\/\/api.w.org\/{rel}","templated":true}]}}