{"id":3468,"date":"2024-11-04T09:31:45","date_gmt":"2024-11-04T07:31:45","guid":{"rendered":"https:\/\/jnats.eu\/?post_type=product&#038;p=3468"},"modified":"2025-03-16T17:07:40","modified_gmt":"2025-03-16T15:07:40","slug":"daishi-350-yasuki-steel-made-of-iron-sand-tamahagane-shave-ready","status":"publish","type":"product","link":"https:\/\/jnats.eu\/de\/produkt-2\/daishi-350-yasuki-steel-made-of-iron-sand-tamahagane-shave-ready\/","title":{"rendered":"Daishi 350 Yasuki Stahl aus Eisensand Tamahagane Rasur bereit"},"content":{"rendered":"<p>Daishi 350 Yasuki Steel Hergestellt aus Eisenstahl Tamahagane R.K. CO. Mei\u00dfelf\u00f6rmige Klinge. Tamahagane-Stahl aus \"Eisensand\" wird f\u00fcr Samurai-Schwerter f\u00fcr Katanas verwendet. Geh\u00e4rtet auf 70HRC. Aggressiver Schnitt.<\/p>\n\n\n\n<figure class=\"wp-block-embed is-type-video is-provider-youtube wp-block-embed-youtube wp-embed-aspect-16-9 wp-has-aspect-ratio\"><div class=\"wp-block-embed__wrapper\">\nhttps:\/\/youtu.be\/NUE1ZOS4ac0\n<\/div><\/figure>","protected":false},"excerpt":{"rendered":"<ul>\n<li>Rasierfertiger japanischer Rasierapparat Daishi 350<\/li>\n<li>Sch\u00e4rfen mit Otaniyama + Kanayama Band abgeschlossen<\/li>\n<li>Mikroskopisch gepr\u00fcft: keine Risse oder Korrosion an der Klinge<\/li>\n<li>Gewicht - 57 g<\/li>\n<li>L\u00e4nge der Klinge - 65 mm<\/li>\n<li>H\u00f6he - 17 mm<\/li>\n<li>Dicke des Farbbandes - 5 mm<\/li>\n<li>Hergestellt aus Tamahagane-Kohlenstoffstahl, der zum Rosten neigt. Achten Sie daher darauf, das Rasiermesser nach dem Gebrauch zu trocknen und an einem trockenen Ort aufzubewahren. Schmieren Sie es f\u00fcr eine langfristige Lagerung.<\/li>\n<li><strong>Stellen Sie die Sch\u00e4rfe unter keinen Umst\u00e4nden mit Papier ein. Dadurch wird jedes Rasiermesser ungesch\u00e4rft!<\/strong><\/li>\n<\/ul>","protected":false},"featured_media":3472,"comment_status":"open","ping_status":"closed","template":"","meta":[],"product_brand":[],"product_cat":[23],"product_tag":[164,26],"class_list":{"0":"post-3468","1":"product","2":"type-product","3":"status-publish","4":"has-post-thumbnail","6":"product_cat-razors","7":"product_tag-daishi","8":"product_tag-tamahagane","9":"product_shipping_class-light","11":"first","12":"outofstock","13":"sale","14":"shipping-taxable","15":"purchasable","16":"product-type-simple"},"_links":{"self":[{"href":"https:\/\/jnats.eu\/de\/wp-json\/wp\/v2\/product\/3468","targetHints":{"allow":["GET"]}}],"collection":[{"href":"https:\/\/jnats.eu\/de\/wp-json\/wp\/v2\/product"}],"about":[{"href":"https:\/\/jnats.eu\/de\/wp-json\/wp\/v2\/types\/product"}],"replies":[{"embeddable":true,"href":"https:\/\/jnats.eu\/de\/wp-json\/wp\/v2\/comments?post=3468"}],"wp:featuredmedia":[{"embeddable":true,"href":"https:\/\/jnats.eu\/de\/wp-json\/wp\/v2\/media\/3472"}],"wp:attachment":[{"href":"https:\/\/jnats.eu\/de\/wp-json\/wp\/v2\/media?parent=3468"}],"wp:term":[{"taxonomy":"product_brand","embeddable":true,"href":"https:\/\/jnats.eu\/de\/wp-json\/wp\/v2\/product_brand?post=3468"},{"taxonomy":"product_cat","embeddable":true,"href":"https:\/\/jnats.eu\/de\/wp-json\/wp\/v2\/product_cat?post=3468"},{"taxonomy":"product_tag","embeddable":true,"href":"https:\/\/jnats.eu\/de\/wp-json\/wp\/v2\/product_tag?post=3468"}],"curies":[{"name":"wp","href":"https:\/\/api.w.org\/{rel}","templated":true}]}}