{"id":347,"date":"2024-03-03T16:29:49","date_gmt":"2024-03-03T14:29:49","guid":{"rendered":"http:\/\/jnats.eu\/?post_type=product&#038;p=347"},"modified":"2025-10-23T13:03:42","modified_gmt":"2025-10-23T10:03:42","slug":"ozuku-asagi-gekeimter-naturlicher-schleifstein","status":"publish","type":"product","link":"https:\/\/jnats.eu\/de\/produkt-2\/ozuku-asagi-gekeimter-naturlicher-schleifstein\/","title":{"rendered":"Ozaki Asagi Daigokujo Nat\u00fcrlicher Sch\u00e4rfstein"},"content":{"rendered":"<figure class=\"wp-block-embed is-type-video is-provider-youtube wp-block-embed-youtube wp-embed-aspect-4-3 wp-has-aspect-ratio\"><div class=\"wp-block-embed__wrapper\">\n<div class=\"video-container\"><iframe title=\"Ozuku Asagi Lv 5+ Naguras H. Diamant-Rasiermesser-Sch\u00e4rfen (Mikroskopie)\" width=\"1170\" height=\"658\" src=\"https:\/\/www.youtube.com\/embed\/SfdZe_G6_YI?feature=oembed\" frameborder=\"0\" allow=\"accelerometer; autoplay; clipboard-write; encrypted-media; gyroscope; picture-in-picture; web-share\" referrerpolicy=\"strict-origin-when-cross-origin\" allowfullscreen><\/iframe><\/div>\n<\/div><\/figure>\n\n\n\n<p>Es gibt viele Sch\u00e4rfsteine in dieser Form, die gut auf Stahl reagieren. Fr\u00fcher wurden japanische Steine ins Ausland exportiert, insbesondere in die USA. Die Gr\u00f6\u00dfe dieser Form entspricht den US-Normen. Er wurde speziell auf diese Weise geformt.<\/p>\n\n\n\n<p>Dieser Schleifstein wird kaum benutzt und kann je nach Verwendungszweck eine spiegelnde Oberfl\u00e4che erzeugen. Verwenden Sie zu dieser Jahreszeit hei\u00dfes Wasser mit einer Temperatur von etwa 42 Grad.<\/p>\n\n\n\n<p>Um es f\u00fcr die Zwischenschleifphase zu verwenden, k\u00f6nnen Sie die feine K\u00f6rnung mit einer Diamantplatte mittlerer K\u00f6rnung anheben, die Schleifk\u00f6rnung mit warmem Wasser befeuchten und mit sanfter Kraft die Schleiffl\u00fcssigkeit abl\u00f6sen.<\/p>\n\n\n\n<p>Sanftes Polieren mit feinen Schleifk\u00f6rnern erzeugt eine sch\u00f6ne Hochglanzoberfl\u00e4che. Es ist geeignet f\u00fcr die letzte Stufe der Messersch\u00e4rfung.<br>Sie k\u00f6nnen diesen Stein auch zum Sch\u00e4rfen von Rasiermessern, Messern, Scheren, Hobeln und Mei\u00dfeln verwenden. Dies ist ein hochwertiger Schleifstein. Verwenden Sie es mit Zuversicht.<\/p>","protected":false},"excerpt":{"rendered":"<ul>\n<li>Der kultige Rasierklingenstein<\/li>\n<li>Gr\u00f6\u00dfe ca.: 20,7 x 5,5 x 2,5 cm<\/li>\n<li>Gewicht: ca. 710 g<\/li>\n<li>H\u00e4rte: Lv 5+<\/li>\n<li>Um Ihre Arbeit zu beschleunigen, empfehlen wir die Verwendung eines Nagels<\/li>\n<\/ul>","protected":false},"featured_media":349,"comment_status":"open","ping_status":"closed","template":"","meta":[],"product_brand":[],"product_cat":[22],"product_tag":[45,40,74,66,73],"class_list":{"0":"post-347","1":"product","2":"type-product","3":"status-publish","4":"has-post-thumbnail","6":"product_cat-jnats","7":"product_tag-asagi","8":"product_tag-awasedo","9":"product_tag-daigokujo","10":"product_tag-ozuku","11":"product_tag-ozuku-asagi-daigokujo","12":"product_shipping_class-iprastas","14":"first","15":"outofstock","16":"sale","17":"shipping-taxable","18":"purchasable","19":"product-type-simple"},"_links":{"self":[{"href":"https:\/\/jnats.eu\/de\/wp-json\/wp\/v2\/product\/347","targetHints":{"allow":["GET"]}}],"collection":[{"href":"https:\/\/jnats.eu\/de\/wp-json\/wp\/v2\/product"}],"about":[{"href":"https:\/\/jnats.eu\/de\/wp-json\/wp\/v2\/types\/product"}],"replies":[{"embeddable":true,"href":"https:\/\/jnats.eu\/de\/wp-json\/wp\/v2\/comments?post=347"}],"wp:featuredmedia":[{"embeddable":true,"href":"https:\/\/jnats.eu\/de\/wp-json\/wp\/v2\/media\/349"}],"wp:attachment":[{"href":"https:\/\/jnats.eu\/de\/wp-json\/wp\/v2\/media?parent=347"}],"wp:term":[{"taxonomy":"product_brand","embeddable":true,"href":"https:\/\/jnats.eu\/de\/wp-json\/wp\/v2\/product_brand?post=347"},{"taxonomy":"product_cat","embeddable":true,"href":"https:\/\/jnats.eu\/de\/wp-json\/wp\/v2\/product_cat?post=347"},{"taxonomy":"product_tag","embeddable":true,"href":"https:\/\/jnats.eu\/de\/wp-json\/wp\/v2\/product_tag?post=347"}],"curies":[{"name":"wp","href":"https:\/\/api.w.org\/{rel}","templated":true}]}}