{"id":3476,"date":"2024-11-05T11:41:44","date_gmt":"2024-11-05T09:41:44","guid":{"rendered":"https:\/\/jnats.eu\/?post_type=product&#038;p=3476"},"modified":"2024-11-07T13:18:37","modified_gmt":"2024-11-07T11:18:37","slug":"paruostas-skustis-naudotas-vintazinis-japoniskas-skustuvas-kamisori","status":"publish","type":"product","link":"https:\/\/jnats.eu\/de\/produkt-2\/paruostas-skustis-naudotas-vintazinis-japoniskas-skustuvas-kamisori\/","title":{"rendered":"Rasierfertiges gebrauchtes japanisches Kamisori-Rasiermesser"},"content":{"rendered":"<figure class=\"wp-block-embed is-type-video is-provider-youtube wp-block-embed-youtube wp-embed-aspect-16-9 wp-has-aspect-ratio\"><div class=\"wp-block-embed__wrapper\">\n<div class=\"video-container\"><iframe title=\"Gebrauchte Vintage Kamisori Rasur bereit\" width=\"1170\" height=\"658\" src=\"https:\/\/www.youtube.com\/embed\/UHVCt3oOkkQ?feature=oembed\" frameborder=\"0\" allow=\"accelerometer; autoplay; clipboard-write; encrypted-media; gyroscope; picture-in-picture; web-share\" referrerpolicy=\"strict-origin-when-cross-origin\" allowfullscreen><\/iframe><\/div>\n<\/div><\/figure>","protected":false},"excerpt":{"rendered":"<ul>\n<li>Rasierfertiges vintage japanisches Rasiermesser Henkotsu Kamisori<\/li>\n<li>Sch\u00e4rfen mit dem nat\u00fcrlichen japanischen Stein Shobudani karasu + Kanayama G\u00fcrtel abgeschlossen<\/li>\n<li>Mikroskopisch gepr\u00fcft: keine Risse oder Korrosion an der Klinge<\/li>\n<li>Gewicht - 36 g<\/li>\n<li>L\u00e4nge der Klinge - 43 mm<\/li>\n<li>H\u00f6he - 18 mm<\/li>\n<li>Dicke des Farbbandes - 4 mm<\/li>\n<li>Hergestellt aus Karbonstahl, der rostanf\u00e4llig ist. Achten Sie deshalb darauf, das Rasiermesser nach dem Gebrauch zu trocknen und an einem trockenen Ort aufzubewahren. F\u00fcr eine langfristige Lagerung, schmieren mit Fett.<\/li>\n<li>Wie bei den meisten Kamisori ist die harte Stahlplatte mit einem weicheren Rahmen verschwei\u00dft. Dadurch wird der Bedarf an gutem Stahl reduziert und ein Bruch verhindert, z. B. wenn das Rasiermesser fallen gelassen wird. Au\u00dferdem enth\u00e4lt es weniger Kohlenstoff und rostet nicht so leicht.<\/li>\n<li><strong>Stellen Sie die Sch\u00e4rfe unter keinen Umst\u00e4nden mit Papier ein. Dadurch wird jedes Rasiermesser ungesch\u00e4rft!<\/strong><\/li>\n<\/ul>","protected":false},"featured_media":3480,"comment_status":"open","ping_status":"closed","template":"","meta":[],"product_brand":[],"product_cat":[23],"product_tag":[25],"class_list":{"0":"post-3476","1":"product","2":"type-product","3":"status-publish","4":"has-post-thumbnail","6":"product_cat-razors","7":"product_tag-kamisori","9":"first","10":"outofstock","11":"shipping-taxable","12":"purchasable","13":"product-type-simple"},"_links":{"self":[{"href":"https:\/\/jnats.eu\/de\/wp-json\/wp\/v2\/product\/3476","targetHints":{"allow":["GET"]}}],"collection":[{"href":"https:\/\/jnats.eu\/de\/wp-json\/wp\/v2\/product"}],"about":[{"href":"https:\/\/jnats.eu\/de\/wp-json\/wp\/v2\/types\/product"}],"replies":[{"embeddable":true,"href":"https:\/\/jnats.eu\/de\/wp-json\/wp\/v2\/comments?post=3476"}],"wp:featuredmedia":[{"embeddable":true,"href":"https:\/\/jnats.eu\/de\/wp-json\/wp\/v2\/media\/3480"}],"wp:attachment":[{"href":"https:\/\/jnats.eu\/de\/wp-json\/wp\/v2\/media?parent=3476"}],"wp:term":[{"taxonomy":"product_brand","embeddable":true,"href":"https:\/\/jnats.eu\/de\/wp-json\/wp\/v2\/product_brand?post=3476"},{"taxonomy":"product_cat","embeddable":true,"href":"https:\/\/jnats.eu\/de\/wp-json\/wp\/v2\/product_cat?post=3476"},{"taxonomy":"product_tag","embeddable":true,"href":"https:\/\/jnats.eu\/de\/wp-json\/wp\/v2\/product_tag?post=3476"}],"curies":[{"name":"wp","href":"https:\/\/api.w.org\/{rel}","templated":true}]}}