{"id":3482,"date":"2025-07-21T11:01:23","date_gmt":"2025-07-21T08:01:23","guid":{"rendered":"https:\/\/jnats.eu\/?post_type=product&#038;p=3482"},"modified":"2026-03-09T22:17:52","modified_gmt":"2026-03-09T20:17:52","slug":"nenaudotas-vintazinis-japoniskas-skustuvas-kamisori-nos","status":"publish","type":"product","link":"https:\/\/jnats.eu\/de\/produkt-2\/nenaudotas-vintazinis-japoniskas-skustuvas-kamisori-nos\/","title":{"rendered":"Unbenutztes vintage japanisches Rasiermesser Kamisori NOS"},"content":{"rendered":"<p>Traditionelle Kamisori werden in der Regel aus hochwertigem Kohlenstoffstahl (z. B. Shirogami- oder Aogami-Stahl) hergestellt, der in einen weicheren Stahlrahmen mit einem Griff eingeschwei\u00dft ist.<\/p>\n\n\n\n<figure class=\"wp-block-embed is-type-video is-provider-youtube wp-block-embed-youtube wp-embed-aspect-16-9 wp-has-aspect-ratio\"><div class=\"wp-block-embed__wrapper\">\n<div class=\"video-container\"><iframe title=\"Unbenutztes vintage japanisches Rasiermesser Kamisori NOS\" width=\"1170\" height=\"658\" src=\"https:\/\/www.youtube.com\/embed\/JFDJc_1jQQA?feature=oembed\" frameborder=\"0\" allow=\"accelerometer; autoplay; clipboard-write; encrypted-media; gyroscope; picture-in-picture; web-share\" referrerpolicy=\"strict-origin-when-cross-origin\" allowfullscreen><\/iframe><\/div>\n<\/div><\/figure>","protected":false},"excerpt":{"rendered":"<ul>\n<li>Unbenutztes japanisches Kamisori-Rasiermesser.<\/li>\n<li>Anzeichen von Korrosion<\/li>\n<li>Alle Ma\u00dfe leicht unterschiedlich, nicht handgefertigt<\/li>\n<li>Gewicht - 30 g<\/li>\n<li>L\u00e4nge der Klinge - 45 mm<\/li>\n<li>H\u00f6he - 17 mm<\/li>\n<li>Dicke des Farbbandes - 5 mm<\/li>\n<li>Hergestellt aus Karbonstahl, der rostanf\u00e4llig ist. Achten Sie deshalb darauf, das Rasiermesser nach dem Gebrauch zu trocknen und an einem trockenen Ort aufzubewahren. F\u00fcr eine langfristige Lagerung, schmieren mit Fett.<\/li>\n<li><strong>Stellen Sie die Sch\u00e4rfe unter keinen Umst\u00e4nden mit Papier ein. Dadurch wird jedes Rasiermesser ungesch\u00e4rft!<\/strong><\/li>\n<\/ul>","protected":false},"featured_media":5034,"comment_status":"open","ping_status":"closed","template":"","meta":[],"product_brand":[],"product_cat":[23],"product_tag":[25],"class_list":{"0":"post-3482","1":"product","2":"type-product","3":"status-publish","4":"has-post-thumbnail","6":"product_cat-razors","7":"product_tag-kamisori","8":"product_shipping_class-light","10":"first","11":"instock","12":"shipping-taxable","13":"purchasable","14":"product-type-variable"},"_links":{"self":[{"href":"https:\/\/jnats.eu\/de\/wp-json\/wp\/v2\/product\/3482","targetHints":{"allow":["GET"]}}],"collection":[{"href":"https:\/\/jnats.eu\/de\/wp-json\/wp\/v2\/product"}],"about":[{"href":"https:\/\/jnats.eu\/de\/wp-json\/wp\/v2\/types\/product"}],"replies":[{"embeddable":true,"href":"https:\/\/jnats.eu\/de\/wp-json\/wp\/v2\/comments?post=3482"}],"wp:featuredmedia":[{"embeddable":true,"href":"https:\/\/jnats.eu\/de\/wp-json\/wp\/v2\/media\/5034"}],"wp:attachment":[{"href":"https:\/\/jnats.eu\/de\/wp-json\/wp\/v2\/media?parent=3482"}],"wp:term":[{"taxonomy":"product_brand","embeddable":true,"href":"https:\/\/jnats.eu\/de\/wp-json\/wp\/v2\/product_brand?post=3482"},{"taxonomy":"product_cat","embeddable":true,"href":"https:\/\/jnats.eu\/de\/wp-json\/wp\/v2\/product_cat?post=3482"},{"taxonomy":"product_tag","embeddable":true,"href":"https:\/\/jnats.eu\/de\/wp-json\/wp\/v2\/product_tag?post=3482"}],"curies":[{"name":"wp","href":"https:\/\/api.w.org\/{rel}","templated":true}]}}