{"id":3521,"date":"2024-11-15T15:59:54","date_gmt":"2024-11-15T13:59:54","guid":{"rendered":"https:\/\/jnats.eu\/?post_type=product&#038;p=3521"},"modified":"2024-12-11T10:35:45","modified_gmt":"2024-12-11T08:35:45","slug":"new-kinmoji-kamisori-paruostas-skustis","status":"publish","type":"product","link":"https:\/\/jnats.eu\/de\/produkt-2\/new-kinmoji-kamisori-paruostas-skustis\/","title":{"rendered":"Neues Kinmoji Kamisori Bereit zum Rasieren"},"content":{"rendered":"<figure class=\"wp-block-embed is-type-video is-provider-youtube wp-block-embed-youtube wp-embed-aspect-16-9 wp-has-aspect-ratio\"><div class=\"wp-block-embed__wrapper\">\n<div class=\"video-container\"><iframe title=\"Neues Kinmoji Kamisori Nakayama Awasedo\" width=\"1170\" height=\"658\" src=\"https:\/\/www.youtube.com\/embed\/SQeigg5Fprs?start=481&#038;feature=oembed\" frameborder=\"0\" allow=\"accelerometer; autoplay; clipboard-write; encrypted-media; gyroscope; picture-in-picture; web-share\" referrerpolicy=\"strict-origin-when-cross-origin\" allowfullscreen><\/iframe><\/div>\n<\/div><\/figure>","protected":false},"excerpt":{"rendered":"<ul>\n<li>Rasierfertiges, gebrauchtes japanisches Rasiermesser NEW Kinmoji Kamisori.<\/li>\n<li>Eine gute Option f\u00fcr alle, die Kamisori ausprobieren wollen, sich aber noch nicht getraut haben!<\/li>\n<li>Sch\u00e4rfen mit Jnat + Moritaya Band abgeschlossen<\/li>\n<li>Mikroskopisch gepr\u00fcft: keine Risse oder Korrosion an der Klinge<\/li>\n<li>Gewicht - 41 g<\/li>\n<li>L\u00e4nge der Klinge - 42 mm<\/li>\n<li>H\u00f6he - 16 mm<\/li>\n<li>Dicke des Farbbandes - 5 mm<\/li>\n<li>Hergestellt aus Karbonstahl, der rostanf\u00e4llig ist. Achten Sie deshalb darauf, das Rasiermesser nach dem Gebrauch zu trocknen und an einem trockenen Ort aufzubewahren. F\u00fcr eine langfristige Lagerung, schmieren mit Fett.<\/li>\n<li>Der harte Kern ist von weicherem Stahl umgeben, der vor einem m\u00f6glichen Bruch sch\u00fctzt, wenn das Rasiermesser fallen gelassen wird.<\/li>\n<li>Kunststoffgriff.<\/li>\n<li><strong>Stellen Sie die Sch\u00e4rfe unter keinen Umst\u00e4nden mit Papier ein. Dadurch wird jedes Rasiermesser ungesch\u00e4rft!<\/strong><\/li>\n<\/ul>","protected":false},"featured_media":3527,"comment_status":"open","ping_status":"closed","template":"","meta":[],"product_brand":[],"product_cat":[23],"product_tag":[25,309],"class_list":{"0":"post-3521","1":"product","2":"type-product","3":"status-publish","4":"has-post-thumbnail","6":"product_cat-razors","7":"product_tag-kamisori","8":"product_tag-kinmoji","9":"product_shipping_class-light","11":"first","12":"outofstock","13":"sale","14":"shipping-taxable","15":"purchasable","16":"product-type-simple"},"_links":{"self":[{"href":"https:\/\/jnats.eu\/de\/wp-json\/wp\/v2\/product\/3521","targetHints":{"allow":["GET"]}}],"collection":[{"href":"https:\/\/jnats.eu\/de\/wp-json\/wp\/v2\/product"}],"about":[{"href":"https:\/\/jnats.eu\/de\/wp-json\/wp\/v2\/types\/product"}],"replies":[{"embeddable":true,"href":"https:\/\/jnats.eu\/de\/wp-json\/wp\/v2\/comments?post=3521"}],"wp:featuredmedia":[{"embeddable":true,"href":"https:\/\/jnats.eu\/de\/wp-json\/wp\/v2\/media\/3527"}],"wp:attachment":[{"href":"https:\/\/jnats.eu\/de\/wp-json\/wp\/v2\/media?parent=3521"}],"wp:term":[{"taxonomy":"product_brand","embeddable":true,"href":"https:\/\/jnats.eu\/de\/wp-json\/wp\/v2\/product_brand?post=3521"},{"taxonomy":"product_cat","embeddable":true,"href":"https:\/\/jnats.eu\/de\/wp-json\/wp\/v2\/product_cat?post=3521"},{"taxonomy":"product_tag","embeddable":true,"href":"https:\/\/jnats.eu\/de\/wp-json\/wp\/v2\/product_tag?post=3521"}],"curies":[{"name":"wp","href":"https:\/\/api.w.org\/{rel}","templated":true}]}}