{"id":354,"date":"2024-03-04T10:32:51","date_gmt":"2024-03-04T08:32:51","guid":{"rendered":"http:\/\/jnats.eu\/?post_type=product&#038;p=354"},"modified":"2026-01-29T13:28:16","modified_gmt":"2026-01-29T11:28:16","slug":"schmiedejagdmesser-k390-g10","status":"publish","type":"product","link":"https:\/\/jnats.eu\/de\/produkt-2\/schmiedejagdmesser-k390-g10\/","title":{"rendered":"Schmiedejagdmesser K390, G10"},"content":{"rendered":"<ul class=\"wp-block-list\">\n<li>Handgefertigtes Messer vom Schmied Leonidas Vasiliev<\/li>\n\n\n\n<li>Laminierter Pulverstahl K390. Die \u00e4u\u00dfere Schicht aus weicherem Stahl sch\u00fctzt vor Korrosion, erh\u00f6ht die Bruchfestigkeit und sorgt f\u00fcr ein einzigartiges Erscheinungsbild. Der Stahl wird mit Koks geschmiedet, der die Oberfl\u00e4che des Stahls mit Kohlenstoff s\u00e4ttigt und so noch verschlei\u00dffester wird.<\/li>\n\n\n\n<li>65 HRC<\/li>\n\n\n\n<li>K390 in der Mitte. Laminat: Aus8, Nickel und 40\u00d713<\/li>\n\n\n\n<li>Klingenabmessungen: 135x30x3,9 mm<\/li>\n\n\n\n<li>Bei 36 Grad gesch\u00e4rft<\/li>\n\n\n\n<li>Griff G10. Umweltbest\u00e4ndiges k\u00fcnstliches Material. 130 mm<\/li>\n\n\n\n<li>Echtlederetui (lose)<\/li>\n\n\n\n<li>Gewicht 188 g (mit Koffer 280 g)<\/li>\n\n\n\n<li>Extrem langlebiges und sto\u00dffestes Messer. Es wird dringend empfohlen, die Maschine nur zum Schneiden zu verwenden, da der Vorschub f\u00fcr grobe Arbeiten nicht geeignet ist.<\/li>\n<\/ul>\n\n\n\n<p>Die Eigenschaften von K390 sind ganz ausgezeichnet, mit guter Z\u00e4higkeit, sehr hoher Verschlei\u00dffestigkeit und Sch\u00e4rfebest\u00e4ndigkeit. Vanadis 8 und CPM-10V bieten \u00e4hnliche Eigenschaften, obwohl keines der drei in der Messerherstellung weit verbreitet ist. Die Kombination aus Festigkeit und Verschlei\u00dffestigkeit ist bei keinem anderen Edelstahl zu \u00fcbertreffen. Aufgrund des hohen Gehalts an sehr harten Vanadiumkarbiden beschweren sich sowohl Messermacher als auch gro\u00dfe Messerhersteller \u00fcber die Schwierigkeit, diesen Stahl zu schleifen und zu polieren. Daher werden K390, Vanadis 8 und CPM-10V wahrscheinlich nie den Mainstream-Status erreichen. (Quelle https:\/\/knifesteelnerds.com\/2023\/04\/11\/k390-best-high-wear-resistance-steel\/)<\/p>\n\n\n\n<figure class=\"wp-block-embed is-type-video is-provider-youtube wp-block-embed-youtube wp-embed-aspect-16-9 wp-has-aspect-ratio\"><div class=\"wp-block-embed__wrapper\">\n<div class=\"video-container\"><iframe title=\"Jagdmesser K390\" width=\"1170\" height=\"658\" src=\"https:\/\/www.youtube.com\/embed\/5EQOqNbfS9A?feature=oembed\" frameborder=\"0\" allow=\"accelerometer; autoplay; clipboard-write; encrypted-media; gyroscope; picture-in-picture; web-share\" referrerpolicy=\"strict-origin-when-cross-origin\" allowfullscreen><\/iframe><\/div>\n<\/div><\/figure>\n\n\n\n<figure class=\"wp-block-embed is-type-video is-provider-youtube wp-block-embed-youtube wp-embed-aspect-16-9 wp-has-aspect-ratio\"><div class=\"wp-block-embed__wrapper\">\n<div class=\"video-container\"><iframe title=\"Messer Pulverstahl k390\" width=\"1170\" height=\"658\" src=\"https:\/\/www.youtube.com\/embed\/yG9SaWlizNk?feature=oembed\" frameborder=\"0\" allow=\"accelerometer; autoplay; clipboard-write; encrypted-media; gyroscope; picture-in-picture; web-share\" referrerpolicy=\"strict-origin-when-cross-origin\" allowfullscreen><\/iframe><\/div>\n<\/div><\/figure>","protected":false},"excerpt":{"rendered":"<ul>\n<li>Handgefertigtes Messer vom Schmied Leonidas Vasiliev<\/li>\n<li>Laminierter Pulverstahl K390. Die \u00e4u\u00dfere Schicht aus weicherem Stahl sch\u00fctzt vor Korrosion, erh\u00f6ht die Bruchfestigkeit und sorgt f\u00fcr ein einzigartiges Erscheinungsbild.<\/li>\n<li>65 HRC. Serienmesser werden nicht aus diesem Stahl hergestellt, da er schwierig zu verarbeiten ist und die richtige W\u00e4rmebehandlung gew\u00e4hlt werden muss, was viel Zeit, Energie, Geschick und M\u00fche erfordert.\u00a0<\/li>\n<li>K390 Mitte. Laminat: Aus8, Nickel und 40\u00d713. Der Stahl wird mit Koks geschmiedet, was den Stahl mit Kohlenstoff anreichert und ihn noch verschlei\u00dffester macht.<\/li>\n<li>Klingenabmessungen: 135x30x3,9 mm<\/li>\n<li>Bei 36 Grad gesch\u00e4rft<\/li>\n<li>Griff G10. Umweltbest\u00e4ndiges k\u00fcnstliches Material. 130 mm<\/li>\n<li>Echtlederetui (lose)<\/li>\n<li>Gewicht 188 g (mit Koffer 280 g)<\/li>\n<li>Extrem langlebiges und sto\u00dffestes Messer. Es wird dringend empfohlen, ihn nur zum Schneiden zu verwenden, da der Mindestvorschub nicht f\u00fcr grobe Arbeiten geeignet ist.<\/li>\n<\/ul>","protected":false},"featured_media":971,"comment_status":"open","ping_status":"closed","template":"","meta":[],"product_brand":[],"product_cat":[24],"product_tag":[77,75,76],"class_list":{"0":"post-354","1":"product","2":"type-product","3":"status-publish","4":"has-post-thumbnail","6":"product_cat-knifes","7":"product_tag-k390","8":"product_tag-medzioklinis-peilis","9":"product_tag-peilis","10":"product_shipping_class-iprastas","12":"first","13":"outofstock","14":"sale","15":"shipping-taxable","16":"purchasable","17":"product-type-simple"},"_links":{"self":[{"href":"https:\/\/jnats.eu\/de\/wp-json\/wp\/v2\/product\/354","targetHints":{"allow":["GET"]}}],"collection":[{"href":"https:\/\/jnats.eu\/de\/wp-json\/wp\/v2\/product"}],"about":[{"href":"https:\/\/jnats.eu\/de\/wp-json\/wp\/v2\/types\/product"}],"replies":[{"embeddable":true,"href":"https:\/\/jnats.eu\/de\/wp-json\/wp\/v2\/comments?post=354"}],"wp:featuredmedia":[{"embeddable":true,"href":"https:\/\/jnats.eu\/de\/wp-json\/wp\/v2\/media\/971"}],"wp:attachment":[{"href":"https:\/\/jnats.eu\/de\/wp-json\/wp\/v2\/media?parent=354"}],"wp:term":[{"taxonomy":"product_brand","embeddable":true,"href":"https:\/\/jnats.eu\/de\/wp-json\/wp\/v2\/product_brand?post=354"},{"taxonomy":"product_cat","embeddable":true,"href":"https:\/\/jnats.eu\/de\/wp-json\/wp\/v2\/product_cat?post=354"},{"taxonomy":"product_tag","embeddable":true,"href":"https:\/\/jnats.eu\/de\/wp-json\/wp\/v2\/product_tag?post=354"}],"curies":[{"name":"wp","href":"https:\/\/api.w.org\/{rel}","templated":true}]}}