{"id":3573,"date":"2024-11-27T14:12:08","date_gmt":"2024-11-27T12:12:08","guid":{"rendered":"https:\/\/jnats.eu\/?post_type=product&#038;p=3573"},"modified":"2024-12-11T17:30:34","modified_gmt":"2024-12-11T15:30:34","slug":"kanemasa-super-extra-full-concave-finest-razor-shave-ready","status":"publish","type":"product","link":"https:\/\/jnats.eu\/de\/produkt-2\/kanemasa-super-extra-full-concave-finest-razor-shave-ready\/","title":{"rendered":"Kanemasa Super Extra Full Concave Feinstes Rasiermesser Rasur bereit"},"content":{"rendered":"<figure class=\"wp-block-embed is-type-video is-provider-youtube wp-block-embed-youtube wp-embed-aspect-16-9 wp-has-aspect-ratio\"><div class=\"wp-block-embed__wrapper\">\nhttps:\/\/youtu.be\/u2bkMysMpX0\n<\/div><\/figure>","protected":false},"excerpt":{"rendered":"<ul>\n<li>Rasierbereites japanisches Kanemasa Super Extra Rasiermesser im Vintage-Look<\/li>\n<li>Sch\u00e4rfen abgeschlossen mit Nakayama Karasu Aisa + Lama Belt<\/li>\n<li>Korrosion besch\u00e4digt, Klinge sauber.<\/li>\n<li>Gewicht - 47 g<\/li>\n<li>L\u00e4nge der Klinge - 72 mm<\/li>\n<li>H\u00f6he - 18 mm<\/li>\n<li>Dicke des Farbbandes - 5 mm<\/li>\n<li>Hergestellt aus Karbonstahl, der rostanf\u00e4llig ist. Achten Sie deshalb darauf, das Rasiermesser nach dem Gebrauch zu trocknen und an einem trockenen Ort aufzubewahren. F\u00fcr eine langfristige Lagerung, schmieren mit Fett.<\/li>\n<li><strong>Stellen Sie die Sch\u00e4rfe unter keinen Umst\u00e4nden mit Papier ein. Dadurch wird jedes Rasiermesser ungesch\u00e4rft!<\/strong><\/li>\n<\/ul>","protected":false},"featured_media":3577,"comment_status":"open","ping_status":"closed","template":"","meta":[],"product_brand":[],"product_cat":[23],"product_tag":[310,308],"class_list":{"0":"post-3573","1":"product","2":"type-product","3":"status-publish","4":"has-post-thumbnail","6":"product_cat-razors","7":"product_tag-kanemasa","8":"product_tag-shave-ready","9":"product_shipping_class-light","11":"first","12":"outofstock","13":"shipping-taxable","14":"purchasable","15":"product-type-simple"},"_links":{"self":[{"href":"https:\/\/jnats.eu\/de\/wp-json\/wp\/v2\/product\/3573","targetHints":{"allow":["GET"]}}],"collection":[{"href":"https:\/\/jnats.eu\/de\/wp-json\/wp\/v2\/product"}],"about":[{"href":"https:\/\/jnats.eu\/de\/wp-json\/wp\/v2\/types\/product"}],"replies":[{"embeddable":true,"href":"https:\/\/jnats.eu\/de\/wp-json\/wp\/v2\/comments?post=3573"}],"wp:featuredmedia":[{"embeddable":true,"href":"https:\/\/jnats.eu\/de\/wp-json\/wp\/v2\/media\/3577"}],"wp:attachment":[{"href":"https:\/\/jnats.eu\/de\/wp-json\/wp\/v2\/media?parent=3573"}],"wp:term":[{"taxonomy":"product_brand","embeddable":true,"href":"https:\/\/jnats.eu\/de\/wp-json\/wp\/v2\/product_brand?post=3573"},{"taxonomy":"product_cat","embeddable":true,"href":"https:\/\/jnats.eu\/de\/wp-json\/wp\/v2\/product_cat?post=3573"},{"taxonomy":"product_tag","embeddable":true,"href":"https:\/\/jnats.eu\/de\/wp-json\/wp\/v2\/product_tag?post=3573"}],"curies":[{"name":"wp","href":"https:\/\/api.w.org\/{rel}","templated":true}]}}