{"id":3651,"date":"2025-07-21T10:46:30","date_gmt":"2025-07-21T07:46:30","guid":{"rendered":"https:\/\/jnats.eu\/?post_type=product&#038;p=3651"},"modified":"2025-10-04T01:47:52","modified_gmt":"2025-10-03T22:47:52","slug":"tradicinis-japoniskas-skustuvas-kamisori-henkotsu-shave-ready","status":"publish","type":"product","link":"https:\/\/jnats.eu\/de\/produkt-2\/tradicinis-japoniskas-skustuvas-kamisori-henkotsu-shave-ready\/","title":{"rendered":"Traditionelles japanisches Rasiermesser Kamisori Henkotsu NOS"},"content":{"rendered":"<figure class=\"wp-block-embed is-type-video is-provider-youtube wp-block-embed-youtube wp-embed-aspect-16-9 wp-has-aspect-ratio\"><div class=\"wp-block-embed__wrapper\">\n<div class=\"video-container\"><iframe title=\"Traditionelles japanisches Rasiermesser Kamisori Henkotsu NOS\" width=\"1170\" height=\"658\" src=\"https:\/\/www.youtube.com\/embed\/DL54bPgnt04?feature=oembed\" frameborder=\"0\" allow=\"accelerometer; autoplay; clipboard-write; encrypted-media; gyroscope; picture-in-picture; web-share\" referrerpolicy=\"strict-origin-when-cross-origin\" allowfullscreen><\/iframe><\/div>\n<\/div><\/figure>\n\n\n\n<p><strong>Henkotsu kamisori NOS (Neuer alter Bestand)<\/strong> - eine der bekanntesten japanischen Kamisori-Marken, die in der Mitte des 20. Jahrhunderts f\u00fcr den professionellen Gebrauch hergestellt wurde. Henkotsu-Rasiermesser werden gesch\u00e4tzt f\u00fcr:<\/p>\n\n\n\n<ul class=\"wp-block-list\">\n<li>hohe Qualit\u00e4t <strong>Yasuki-Stahl<\/strong> (meist Shirogami #2),<\/li>\n\n\n\n<li>pr\u00e4zise Geometrie,<\/li>\n\n\n\n<li>gutes Sch\u00e4rfungsverhalten,<\/li>\n\n\n\n<li>Geschichten - sowohl f\u00fcr die Verwendung durch professionelle Friseure als auch f\u00fcr den Export in andere L\u00e4nder.<\/li>\n<\/ul>\n\n\n\n<p>Wie ein traditionelles Samuraischwert wurden diese Kamisori aus 2 Schichten handgeschmiedet, wobei der schneidende Teil aus kohlenstoffreichem Stahl und die St\u00fctzschicht aus einem einfacheren Stahl besteht. Die Stahlschicht ist spr\u00f6de und hart, w\u00e4hrend die Scheide f\u00fcr die n\u00f6tige Flexibilit\u00e4t sorgt.<\/p>\n\n\n\n<p>Beide Schichten sind nicht rostfrei, also halten Sie das Rasiermesser nach der Rasur immer trocken und sch\u00fctzen Sie es mit einer d\u00fcnnen \u00d6lschicht. Warum rostet diese Klinge? Rostfreie Klingen werden aus einer Legierung hergestellt, die Korrosionsflecken verhindert, aber auch weniger hart ist. Stahl mit hohem Kohlenstoffgehalt, wie die Schneide dieses Kamisori, hat eine viel h\u00f6here H\u00e4rte und sorgt daf\u00fcr, dass Sie sich viel l\u00e4nger glatt rasieren k\u00f6nnen, bevor Sie erneut sch\u00e4rfen m\u00fcssen!<\/p>","protected":false},"excerpt":{"rendered":"<ul>\n<li>Unbenutztes japanisches Henkotsu Kamisori Rasiermesser.<\/li>\n<li>Alle Ma\u00dfe und Gewichte variieren leicht, da sie handgefertigt sind.<\/li>\n<li>Gewicht - 33 g<\/li>\n<li>L\u00e4nge der Klinge - 45 mm<\/li>\n<li>H\u00f6he - 19 mm<\/li>\n<li>Dicke des Farbbandes - 5 mm<\/li>\n<li>Gesamtl\u00e4nge - 148 mm<\/li>\n<li>Hergestellt aus Karbonstahl, der rostanf\u00e4llig ist. Achten Sie deshalb darauf, das Rasiermesser nach dem Gebrauch zu trocknen und an einem trockenen Ort aufzubewahren. F\u00fcr eine langfristige Lagerung, schmieren mit Fett.<\/li>\n<li>Der harte Kern ist von weicherem Stahl umgeben, der vor einem m\u00f6glichen Bruch sch\u00fctzt, wenn das Rasiermesser fallen gelassen wird.<\/li>\n<li>Geringf\u00fcgig durch Korrosion beeintr\u00e4chtigt.<\/li>\n<li>Wenn Sie den Artikel nicht in der Liste sehen, ist er verkauft.<\/li>\n<\/ul>","protected":false},"featured_media":5033,"comment_status":"open","ping_status":"closed","template":"","meta":[],"product_brand":[],"product_cat":[23],"product_tag":[314,25,313],"class_list":{"0":"post-3651","1":"product","2":"type-product","3":"status-publish","4":"has-post-thumbnail","6":"product_cat-razors","7":"product_tag-henkotsu","8":"product_tag-kamisori","9":"product_tag-kamisori-henkotsu","10":"product_shipping_class-light","12":"first","13":"instock","14":"shipping-taxable","15":"purchasable","16":"product-type-variable"},"_links":{"self":[{"href":"https:\/\/jnats.eu\/de\/wp-json\/wp\/v2\/product\/3651","targetHints":{"allow":["GET"]}}],"collection":[{"href":"https:\/\/jnats.eu\/de\/wp-json\/wp\/v2\/product"}],"about":[{"href":"https:\/\/jnats.eu\/de\/wp-json\/wp\/v2\/types\/product"}],"replies":[{"embeddable":true,"href":"https:\/\/jnats.eu\/de\/wp-json\/wp\/v2\/comments?post=3651"}],"wp:featuredmedia":[{"embeddable":true,"href":"https:\/\/jnats.eu\/de\/wp-json\/wp\/v2\/media\/5033"}],"wp:attachment":[{"href":"https:\/\/jnats.eu\/de\/wp-json\/wp\/v2\/media?parent=3651"}],"wp:term":[{"taxonomy":"product_brand","embeddable":true,"href":"https:\/\/jnats.eu\/de\/wp-json\/wp\/v2\/product_brand?post=3651"},{"taxonomy":"product_cat","embeddable":true,"href":"https:\/\/jnats.eu\/de\/wp-json\/wp\/v2\/product_cat?post=3651"},{"taxonomy":"product_tag","embeddable":true,"href":"https:\/\/jnats.eu\/de\/wp-json\/wp\/v2\/product_tag?post=3651"}],"curies":[{"name":"wp","href":"https:\/\/api.w.org\/{rel}","templated":true}]}}